{"id":46968,"date":"2025-12-11T17:41:26","date_gmt":"2025-12-11T16:41:26","guid":{"rendered":"https:\/\/www.mostra-mi.it\/?post_type=product&#038;p=46968"},"modified":"2025-12-11T17:41:27","modified_gmt":"2025-12-11T16:41:27","slug":"scultura1-prova","status":"publish","type":"product","link":"https:\/\/www.mostra-mi.it\/en\/opera\/scultura1-prova","title":{"rendered":"Scultura1 prova"},"content":{"rendered":"<p>aslkfjlsajcldsjcvdsljvl\u00e0svj\u00e0kldsjvs\u00e0ldvkjdklsjv lskvjkl jv<\/p>","protected":false},"excerpt":{"rendered":"<p>aslkfjlsajcldsjcvdsljvl\u00e0svj\u00e0kldsjvs\u00e0ldvkjdklsjv lskvjkl jv<\/p>","protected":false},"featured_media":46966,"template":"","meta":[],"product_brand":[],"product_cat":[688],"product_tag":[781,3192],"class_list":{"0":"post-46968","1":"product","2":"type-product","3":"status-publish","4":"has-post-thumbnail","6":"product_cat-scultura-it","7":"product_tag-scultura-contemporanea","8":"product_tag-sculturaalberi","10":"first","11":"instock","12":"shipping-taxable","13":"product-type-simple"},"yoast_head":"<!-- This site is optimized with the Yoast SEO plugin v27.4 - https:\/\/yoast.com\/product\/yoast-seo-wordpress\/ -->\n<title>Scultura1 prova - Mostrami<\/title>\n<meta name=\"description\" content=\"Bellissima scultura bravo giovanni\" \/>\n<meta name=\"robots\" content=\"index, follow, max-snippet:-1, max-image-preview:large, max-video-preview:-1\" \/>\n<link rel=\"canonical\" href=\"https:\/\/www.mostra-mi.it\/en\/opera\/scultura1-prova\/\" \/>\n<meta property=\"og:locale\" content=\"en_GB\" \/>\n<meta property=\"og:type\" content=\"article\" \/>\n<meta property=\"og:title\" content=\"Scultura1 prova - Mostrami\" \/>\n<meta property=\"og:description\" content=\"Bellissima scultura bravo giovanni\" \/>\n<meta property=\"og:url\" content=\"https:\/\/www.mostra-mi.it\/en\/opera\/scultura1-prova\/\" \/>\n<meta property=\"og:site_name\" content=\"Mostrami\" \/>\n<meta property=\"article:modified_time\" content=\"2025-12-11T16:41:27+00:00\" \/>\n<meta property=\"og:image\" content=\"https:\/\/www.mostra-mi.it\/wp-content\/uploads\/esempio-murales-alberi-e-green-2-Immagine-2025-12-09-111800.png\" \/>\n\t<meta property=\"og:image:width\" content=\"831\" \/>\n\t<meta property=\"og:image:height\" content=\"496\" \/>\n\t<meta property=\"og:image:type\" content=\"image\/png\" \/>\n<meta name=\"twitter:card\" content=\"summary_large_image\" \/>\n<meta name=\"twitter:label1\" content=\"Estimated reading time\" \/>\n\t<meta name=\"twitter:data1\" content=\"1 minute\" \/>\n<script type=\"application\/ld+json\" class=\"yoast-schema-graph\">{\"@context\":\"https:\\\/\\\/schema.org\",\"@graph\":[{\"@type\":\"WebPage\",\"@id\":\"https:\\\/\\\/www.mostra-mi.it\\\/opera\\\/scultura1-prova\",\"url\":\"https:\\\/\\\/www.mostra-mi.it\\\/opera\\\/scultura1-prova\",\"name\":\"Scultura1 prova - Mostrami\",\"isPartOf\":{\"@id\":\"https:\\\/\\\/www.mostra-mi.it\\\/#website\"},\"primaryImageOfPage\":{\"@id\":\"https:\\\/\\\/www.mostra-mi.it\\\/opera\\\/scultura1-prova#primaryimage\"},\"image\":{\"@id\":\"https:\\\/\\\/www.mostra-mi.it\\\/opera\\\/scultura1-prova#primaryimage\"},\"thumbnailUrl\":\"https:\\\/\\\/www.mostra-mi.it\\\/wp-content\\\/uploads\\\/esempio-murales-alberi-e-green-2-Immagine-2025-12-09-111800.png\",\"datePublished\":\"2025-12-11T16:41:26+00:00\",\"dateModified\":\"2025-12-11T16:41:27+00:00\",\"description\":\"Bellissima scultura bravo giovanni\",\"breadcrumb\":{\"@id\":\"https:\\\/\\\/www.mostra-mi.it\\\/opera\\\/scultura1-prova#breadcrumb\"},\"inLanguage\":\"en-GB\",\"potentialAction\":[{\"@type\":\"ReadAction\",\"target\":[\"https:\\\/\\\/www.mostra-mi.it\\\/opera\\\/scultura1-prova\"]}]},{\"@type\":\"ImageObject\",\"inLanguage\":\"en-GB\",\"@id\":\"https:\\\/\\\/www.mostra-mi.it\\\/opera\\\/scultura1-prova#primaryimage\",\"url\":\"https:\\\/\\\/www.mostra-mi.it\\\/wp-content\\\/uploads\\\/esempio-murales-alberi-e-green-2-Immagine-2025-12-09-111800.png\",\"contentUrl\":\"https:\\\/\\\/www.mostra-mi.it\\\/wp-content\\\/uploads\\\/esempio-murales-alberi-e-green-2-Immagine-2025-12-09-111800.png\",\"width\":831,\"height\":496},{\"@type\":\"BreadcrumbList\",\"@id\":\"https:\\\/\\\/www.mostra-mi.it\\\/opera\\\/scultura1-prova#breadcrumb\",\"itemListElement\":[{\"@type\":\"ListItem\",\"position\":1,\"name\":\"Home\",\"item\":\"https:\\\/\\\/www.mostra-mi.it\\\/\"},{\"@type\":\"ListItem\",\"position\":2,\"name\":\"Opere\",\"item\":\"https:\\\/\\\/www.mostra-mi.it\\\/en\\\/opere-mostrami\"},{\"@type\":\"ListItem\",\"position\":3,\"name\":\"Scultura1 prova\"}]},{\"@type\":\"WebSite\",\"@id\":\"https:\\\/\\\/www.mostra-mi.it\\\/#website\",\"url\":\"https:\\\/\\\/www.mostra-mi.it\\\/\",\"name\":\"Mostrami\",\"description\":\"Mostrami, galleria che si propone come vetrina per giovani artisti\",\"publisher\":{\"@id\":\"https:\\\/\\\/www.mostra-mi.it\\\/#organization\"},\"potentialAction\":[{\"@type\":\"SearchAction\",\"target\":{\"@type\":\"EntryPoint\",\"urlTemplate\":\"https:\\\/\\\/www.mostra-mi.it\\\/?s={search_term_string}\"},\"query-input\":{\"@type\":\"PropertyValueSpecification\",\"valueRequired\":true,\"valueName\":\"search_term_string\"}}],\"inLanguage\":\"en-GB\"},{\"@type\":\"Organization\",\"@id\":\"https:\\\/\\\/www.mostra-mi.it\\\/#organization\",\"name\":\"Mostrami\",\"url\":\"https:\\\/\\\/www.mostra-mi.it\\\/\",\"logo\":{\"@type\":\"ImageObject\",\"inLanguage\":\"en-GB\",\"@id\":\"https:\\\/\\\/www.mostra-mi.it\\\/#\\\/schema\\\/logo\\\/image\\\/\",\"url\":\"\",\"contentUrl\":\"\",\"caption\":\"Mostrami\"},\"image\":{\"@id\":\"https:\\\/\\\/www.mostra-mi.it\\\/#\\\/schema\\\/logo\\\/image\\\/\"}}]}<\/script>\n<!-- \/ Yoast SEO plugin. -->","yoast_head_json":{"title":"Scultura1 prova - Mostrami","description":"Bellissima scultura bravo giovanni","robots":{"index":"index","follow":"follow","max-snippet":"max-snippet:-1","max-image-preview":"max-image-preview:large","max-video-preview":"max-video-preview:-1"},"canonical":"https:\/\/www.mostra-mi.it\/en\/opera\/scultura1-prova\/","og_locale":"en_GB","og_type":"article","og_title":"Scultura1 prova - Mostrami","og_description":"Bellissima scultura bravo giovanni","og_url":"https:\/\/www.mostra-mi.it\/en\/opera\/scultura1-prova\/","og_site_name":"Mostrami","article_modified_time":"2025-12-11T16:41:27+00:00","og_image":[{"width":831,"height":496,"url":"https:\/\/www.mostra-mi.it\/wp-content\/uploads\/esempio-murales-alberi-e-green-2-Immagine-2025-12-09-111800.png","type":"image\/png"}],"twitter_card":"summary_large_image","twitter_misc":{"Estimated reading time":"1 minute"},"schema":{"@context":"https:\/\/schema.org","@graph":[{"@type":"WebPage","@id":"https:\/\/www.mostra-mi.it\/opera\/scultura1-prova","url":"https:\/\/www.mostra-mi.it\/opera\/scultura1-prova","name":"Scultura1 prova - Mostrami","isPartOf":{"@id":"https:\/\/www.mostra-mi.it\/#website"},"primaryImageOfPage":{"@id":"https:\/\/www.mostra-mi.it\/opera\/scultura1-prova#primaryimage"},"image":{"@id":"https:\/\/www.mostra-mi.it\/opera\/scultura1-prova#primaryimage"},"thumbnailUrl":"https:\/\/www.mostra-mi.it\/wp-content\/uploads\/esempio-murales-alberi-e-green-2-Immagine-2025-12-09-111800.png","datePublished":"2025-12-11T16:41:26+00:00","dateModified":"2025-12-11T16:41:27+00:00","description":"Bellissima scultura bravo giovanni","breadcrumb":{"@id":"https:\/\/www.mostra-mi.it\/opera\/scultura1-prova#breadcrumb"},"inLanguage":"en-GB","potentialAction":[{"@type":"ReadAction","target":["https:\/\/www.mostra-mi.it\/opera\/scultura1-prova"]}]},{"@type":"ImageObject","inLanguage":"en-GB","@id":"https:\/\/www.mostra-mi.it\/opera\/scultura1-prova#primaryimage","url":"https:\/\/www.mostra-mi.it\/wp-content\/uploads\/esempio-murales-alberi-e-green-2-Immagine-2025-12-09-111800.png","contentUrl":"https:\/\/www.mostra-mi.it\/wp-content\/uploads\/esempio-murales-alberi-e-green-2-Immagine-2025-12-09-111800.png","width":831,"height":496},{"@type":"BreadcrumbList","@id":"https:\/\/www.mostra-mi.it\/opera\/scultura1-prova#breadcrumb","itemListElement":[{"@type":"ListItem","position":1,"name":"Home","item":"https:\/\/www.mostra-mi.it\/"},{"@type":"ListItem","position":2,"name":"Opere","item":"https:\/\/www.mostra-mi.it\/en\/opere-mostrami"},{"@type":"ListItem","position":3,"name":"Scultura1 prova"}]},{"@type":"WebSite","@id":"https:\/\/www.mostra-mi.it\/#website","url":"https:\/\/www.mostra-mi.it\/","name":"Mostrami","description":"Mostrami, galleria che si propone come vetrina per giovani artisti","publisher":{"@id":"https:\/\/www.mostra-mi.it\/#organization"},"potentialAction":[{"@type":"SearchAction","target":{"@type":"EntryPoint","urlTemplate":"https:\/\/www.mostra-mi.it\/?s={search_term_string}"},"query-input":{"@type":"PropertyValueSpecification","valueRequired":true,"valueName":"search_term_string"}}],"inLanguage":"en-GB"},{"@type":"Organization","@id":"https:\/\/www.mostra-mi.it\/#organization","name":"Mostrami","url":"https:\/\/www.mostra-mi.it\/","logo":{"@type":"ImageObject","inLanguage":"en-GB","@id":"https:\/\/www.mostra-mi.it\/#\/schema\/logo\/image\/","url":"","contentUrl":"","caption":"Mostrami"},"image":{"@id":"https:\/\/www.mostra-mi.it\/#\/schema\/logo\/image\/"}}]}},"_links":{"self":[{"href":"https:\/\/www.mostra-mi.it\/en\/wp-json\/wp\/v2\/product\/46968","targetHints":{"allow":["GET"]}}],"collection":[{"href":"https:\/\/www.mostra-mi.it\/en\/wp-json\/wp\/v2\/product"}],"about":[{"href":"https:\/\/www.mostra-mi.it\/en\/wp-json\/wp\/v2\/types\/product"}],"wp:featuredmedia":[{"embeddable":true,"href":"https:\/\/www.mostra-mi.it\/en\/wp-json\/wp\/v2\/media\/46966"}],"wp:attachment":[{"href":"https:\/\/www.mostra-mi.it\/en\/wp-json\/wp\/v2\/media?parent=46968"}],"wp:term":[{"taxonomy":"product_brand","embeddable":true,"href":"https:\/\/www.mostra-mi.it\/en\/wp-json\/wp\/v2\/product_brand?post=46968"},{"taxonomy":"product_cat","embeddable":true,"href":"https:\/\/www.mostra-mi.it\/en\/wp-json\/wp\/v2\/product_cat?post=46968"},{"taxonomy":"product_tag","embeddable":true,"href":"https:\/\/www.mostra-mi.it\/en\/wp-json\/wp\/v2\/product_tag?post=46968"}],"curies":[{"name":"wp","href":"https:\/\/api.w.org\/{rel}","templated":true}]}}