{"id":45702,"date":"2024-07-09T18:39:46","date_gmt":"2024-07-09T16:39:46","guid":{"rendered":"https:\/\/mostra-mi.it\/?post_type=product&#038;p=45702"},"modified":"2024-07-10T15:19:57","modified_gmt":"2024-07-10T13:19:57","slug":"elettricita-nellarmatura","status":"publish","type":"product","link":"https:\/\/www.mostra-mi.it\/en\/opera\/elettricita-nellarmatura","title":{"rendered":"ELETTRICIT\u00c0 NELL&#8217;ARMATURA"},"content":{"rendered":"<p>&#8220;<em>Elettricit\u00e0 nell&#8217;armatura<\/em>&#8221; \u00e8 un&#8217;opera della <strong>giovane artista emergente<\/strong> Mira Savini.<\/p>\n<p>L&#8217;energia elettrica simboleggia la forza vitale e la passione travolgente che spinge l&#8217;anima a desiderare di agire. In questa rappresentazione non solo c&#8217;\u00e8 il bisogno di proteggersi dalle minacce esterne, ma anche una potente manifestazione di valore, coraggio e forza incrollabile. \u00c8 il desiderio di difendere e proteggere la propria essenza senza compromettere l&#8217;identit\u00e0 e l&#8217;unicit\u00e0.<\/p>\n<p>Questa rappresentazione non fa distinzione tra uomo e donna; \u00e8 universale e incarna il coraggio di chiunque sia pronto a emergere dall&#8217;ombra delle proprie paure per farsi valere, anche se al momento ci\u00f2 richiede di rimanere in una certa protezione. \u00c8 un percorso di auto-conoscenza e auto-espressione, in cui ogni passo avanti avvicina alla scoperta del proprio vero io di fronte al mondo, liberandosi dalle limitazioni e dalle paure.<\/p>\n<p>Questa energia aiuta a costruire ponti attraverso i burroni di dubbi e incertezze, creando un sostegno su cui contare nei momenti difficili. Hai l&#8217;opportunit\u00e0 di guardare dentro te stesso, comprendere i tuoi veri desideri e aspirazioni, scacciare i dubbi e iniziare ad agire con fiducia nelle tue capacit\u00e0. Alla fine, questo cammino porta alla liberazione dalle catene interiori, fino al momento in cui possiamo completamente rivelarci al mondo, brillando come una stella che trova il suo posto nell&#8217;infinita universo delle possibilit\u00e0.<\/p>\n<p>&nbsp;<\/p>\n<p>&nbsp;<\/p>\n<p>&nbsp;<\/p>\n<p><br style=\"font-weight: 400;\" \/><br style=\"font-weight: 400;\" \/><\/p>","protected":false},"excerpt":{"rendered":"<p>&#8220;Elettricit\u00e0 nell&#8217;armatura&#8221; \u00e8 un&#8217;opera della giovane artista emergente Mira Savini. L&#8217;energia elettrica simboleggia la forza vitale e la passione travolgente che spinge l&#8217;anima a desiderare di agire. In questa rappresentazione non solo c&#8217;\u00e8 il bisogno di proteggersi dalle minacce esterne,&#8230;<\/p>","protected":false},"featured_media":45651,"template":"","meta":[],"product_brand":[],"product_cat":[714,934],"product_tag":[1640,1716,2999],"class_list":{"0":"post-45702","1":"product","2":"type-product","3":"status-publish","4":"has-post-thumbnail","6":"product_cat-pittura-it","7":"product_cat-tecnica-mista","8":"product_tag-giovane-artista-contemporanea","9":"product_tag-arte-contemporanea-emergente","10":"product_tag-arte-simbolista","12":"first","13":"instock","14":"shipping-taxable","15":"product-type-simple"},"yoast_head":"<!-- This site is optimized with the Yoast SEO plugin v27.3 - https:\/\/yoast.com\/product\/yoast-seo-wordpress\/ -->\n<title>ELETTRICIT\u00c0 NELL&#039;ARMATURA - Mostrami<\/title>\n<meta name=\"description\" content=\"&quot;Elettricit\u00e0 nell&#039;armatura&quot; \u00e8 un&#039;opera della giovane artista Mira Savini, rappresentante la forza vitale e la passione travolgente che spinge l&#039;anima ad agire.\" \/>\n<meta name=\"robots\" content=\"index, follow, max-snippet:-1, max-image-preview:large, max-video-preview:-1\" \/>\n<link rel=\"canonical\" href=\"https:\/\/www.mostra-mi.it\/en\/opera\/elettricita-nellarmatura\/\" \/>\n<meta property=\"og:locale\" content=\"en_GB\" \/>\n<meta property=\"og:type\" content=\"article\" \/>\n<meta property=\"og:title\" content=\"ELETTRICIT\u00c0 NELL&#039;ARMATURA - Mostrami\" \/>\n<meta property=\"og:description\" content=\"&quot;Elettricit\u00e0 nell&#039;armatura&quot; \u00e8 un&#039;opera della giovane artista Mira Savini, rappresentante la forza vitale e la passione travolgente che spinge l&#039;anima ad agire.\" \/>\n<meta property=\"og:url\" content=\"https:\/\/www.mostra-mi.it\/en\/opera\/elettricita-nellarmatura\/\" \/>\n<meta property=\"og:site_name\" content=\"Mostrami\" \/>\n<meta property=\"article:modified_time\" content=\"2024-07-10T13:19:57+00:00\" \/>\n<meta property=\"og:image\" content=\"https:\/\/www.mostra-mi.it\/wp-content\/uploads\/mostre-mira-savini-7.jpeg\" \/>\n\t<meta property=\"og:image:width\" content=\"1080\" \/>\n\t<meta property=\"og:image:height\" content=\"1350\" \/>\n\t<meta property=\"og:image:type\" content=\"image\/jpeg\" \/>\n<meta name=\"twitter:card\" content=\"summary_large_image\" \/>\n<meta name=\"twitter:label1\" content=\"Estimated reading time\" \/>\n\t<meta name=\"twitter:data1\" content=\"2 minutes\" \/>\n<script type=\"application\/ld+json\" class=\"yoast-schema-graph\">{\"@context\":\"https:\\\/\\\/schema.org\",\"@graph\":[{\"@type\":\"WebPage\",\"@id\":\"https:\\\/\\\/www.mostra-mi.it\\\/opera\\\/elettricita-nellarmatura\",\"url\":\"https:\\\/\\\/www.mostra-mi.it\\\/opera\\\/elettricita-nellarmatura\",\"name\":\"ELETTRICIT\u00c0 NELL'ARMATURA - Mostrami\",\"isPartOf\":{\"@id\":\"https:\\\/\\\/www.mostra-mi.it\\\/#website\"},\"primaryImageOfPage\":{\"@id\":\"https:\\\/\\\/www.mostra-mi.it\\\/opera\\\/elettricita-nellarmatura#primaryimage\"},\"image\":{\"@id\":\"https:\\\/\\\/www.mostra-mi.it\\\/opera\\\/elettricita-nellarmatura#primaryimage\"},\"thumbnailUrl\":\"https:\\\/\\\/www.mostra-mi.it\\\/wp-content\\\/uploads\\\/mostre-mira-savini-7.jpeg\",\"datePublished\":\"2024-07-09T16:39:46+00:00\",\"dateModified\":\"2024-07-10T13:19:57+00:00\",\"description\":\"\\\"Elettricit\u00e0 nell'armatura\\\" \u00e8 un'opera della giovane artista Mira Savini, rappresentante la forza vitale e la passione travolgente che spinge l'anima ad agire.\",\"breadcrumb\":{\"@id\":\"https:\\\/\\\/www.mostra-mi.it\\\/opera\\\/elettricita-nellarmatura#breadcrumb\"},\"inLanguage\":\"en-GB\",\"potentialAction\":[{\"@type\":\"ReadAction\",\"target\":[\"https:\\\/\\\/www.mostra-mi.it\\\/opera\\\/elettricita-nellarmatura\"]}]},{\"@type\":\"ImageObject\",\"inLanguage\":\"en-GB\",\"@id\":\"https:\\\/\\\/www.mostra-mi.it\\\/opera\\\/elettricita-nellarmatura#primaryimage\",\"url\":\"https:\\\/\\\/www.mostra-mi.it\\\/wp-content\\\/uploads\\\/mostre-mira-savini-7.jpeg\",\"contentUrl\":\"https:\\\/\\\/www.mostra-mi.it\\\/wp-content\\\/uploads\\\/mostre-mira-savini-7.jpeg\",\"width\":1080,\"height\":1350,\"caption\":\"giovane artista, dipinti contemporanea, arte contemporanea, arte simbolismo\"},{\"@type\":\"BreadcrumbList\",\"@id\":\"https:\\\/\\\/www.mostra-mi.it\\\/opera\\\/elettricita-nellarmatura#breadcrumb\",\"itemListElement\":[{\"@type\":\"ListItem\",\"position\":1,\"name\":\"Home\",\"item\":\"https:\\\/\\\/www.mostra-mi.it\\\/\"},{\"@type\":\"ListItem\",\"position\":2,\"name\":\"Opere\",\"item\":\"https:\\\/\\\/www.mostra-mi.it\\\/en\\\/opere-mostrami\"},{\"@type\":\"ListItem\",\"position\":3,\"name\":\"ELETTRICIT\u00c0 NELL&#8217;ARMATURA\"}]},{\"@type\":\"WebSite\",\"@id\":\"https:\\\/\\\/www.mostra-mi.it\\\/#website\",\"url\":\"https:\\\/\\\/www.mostra-mi.it\\\/\",\"name\":\"Mostrami\",\"description\":\"Mostrami, galleria che si propone come vetrina per giovani artisti\",\"publisher\":{\"@id\":\"https:\\\/\\\/www.mostra-mi.it\\\/#organization\"},\"potentialAction\":[{\"@type\":\"SearchAction\",\"target\":{\"@type\":\"EntryPoint\",\"urlTemplate\":\"https:\\\/\\\/www.mostra-mi.it\\\/?s={search_term_string}\"},\"query-input\":{\"@type\":\"PropertyValueSpecification\",\"valueRequired\":true,\"valueName\":\"search_term_string\"}}],\"inLanguage\":\"en-GB\"},{\"@type\":\"Organization\",\"@id\":\"https:\\\/\\\/www.mostra-mi.it\\\/#organization\",\"name\":\"Mostrami\",\"url\":\"https:\\\/\\\/www.mostra-mi.it\\\/\",\"logo\":{\"@type\":\"ImageObject\",\"inLanguage\":\"en-GB\",\"@id\":\"https:\\\/\\\/www.mostra-mi.it\\\/#\\\/schema\\\/logo\\\/image\\\/\",\"url\":\"\",\"contentUrl\":\"\",\"caption\":\"Mostrami\"},\"image\":{\"@id\":\"https:\\\/\\\/www.mostra-mi.it\\\/#\\\/schema\\\/logo\\\/image\\\/\"}}]}<\/script>\n<!-- \/ Yoast SEO plugin. -->","yoast_head_json":{"title":"ELETTRICIT\u00c0 NELL'ARMATURA - Mostrami","description":"\"Elettricit\u00e0 nell'armatura\" \u00e8 un'opera della giovane artista Mira Savini, rappresentante la forza vitale e la passione travolgente che spinge l'anima ad agire.","robots":{"index":"index","follow":"follow","max-snippet":"max-snippet:-1","max-image-preview":"max-image-preview:large","max-video-preview":"max-video-preview:-1"},"canonical":"https:\/\/www.mostra-mi.it\/en\/opera\/elettricita-nellarmatura\/","og_locale":"en_GB","og_type":"article","og_title":"ELETTRICIT\u00c0 NELL'ARMATURA - Mostrami","og_description":"\"Elettricit\u00e0 nell'armatura\" \u00e8 un'opera della giovane artista Mira Savini, rappresentante la forza vitale e la passione travolgente che spinge l'anima ad agire.","og_url":"https:\/\/www.mostra-mi.it\/en\/opera\/elettricita-nellarmatura\/","og_site_name":"Mostrami","article_modified_time":"2024-07-10T13:19:57+00:00","og_image":[{"width":1080,"height":1350,"url":"https:\/\/www.mostra-mi.it\/wp-content\/uploads\/mostre-mira-savini-7.jpeg","type":"image\/jpeg"}],"twitter_card":"summary_large_image","twitter_misc":{"Estimated reading time":"2 minutes"},"schema":{"@context":"https:\/\/schema.org","@graph":[{"@type":"WebPage","@id":"https:\/\/www.mostra-mi.it\/opera\/elettricita-nellarmatura","url":"https:\/\/www.mostra-mi.it\/opera\/elettricita-nellarmatura","name":"ELETTRICIT\u00c0 NELL'ARMATURA - Mostrami","isPartOf":{"@id":"https:\/\/www.mostra-mi.it\/#website"},"primaryImageOfPage":{"@id":"https:\/\/www.mostra-mi.it\/opera\/elettricita-nellarmatura#primaryimage"},"image":{"@id":"https:\/\/www.mostra-mi.it\/opera\/elettricita-nellarmatura#primaryimage"},"thumbnailUrl":"https:\/\/www.mostra-mi.it\/wp-content\/uploads\/mostre-mira-savini-7.jpeg","datePublished":"2024-07-09T16:39:46+00:00","dateModified":"2024-07-10T13:19:57+00:00","description":"\"Elettricit\u00e0 nell'armatura\" \u00e8 un'opera della giovane artista Mira Savini, rappresentante la forza vitale e la passione travolgente che spinge l'anima ad agire.","breadcrumb":{"@id":"https:\/\/www.mostra-mi.it\/opera\/elettricita-nellarmatura#breadcrumb"},"inLanguage":"en-GB","potentialAction":[{"@type":"ReadAction","target":["https:\/\/www.mostra-mi.it\/opera\/elettricita-nellarmatura"]}]},{"@type":"ImageObject","inLanguage":"en-GB","@id":"https:\/\/www.mostra-mi.it\/opera\/elettricita-nellarmatura#primaryimage","url":"https:\/\/www.mostra-mi.it\/wp-content\/uploads\/mostre-mira-savini-7.jpeg","contentUrl":"https:\/\/www.mostra-mi.it\/wp-content\/uploads\/mostre-mira-savini-7.jpeg","width":1080,"height":1350,"caption":"giovane artista, dipinti contemporanea, arte contemporanea, arte simbolismo"},{"@type":"BreadcrumbList","@id":"https:\/\/www.mostra-mi.it\/opera\/elettricita-nellarmatura#breadcrumb","itemListElement":[{"@type":"ListItem","position":1,"name":"Home","item":"https:\/\/www.mostra-mi.it\/"},{"@type":"ListItem","position":2,"name":"Opere","item":"https:\/\/www.mostra-mi.it\/en\/opere-mostrami"},{"@type":"ListItem","position":3,"name":"ELETTRICIT\u00c0 NELL&#8217;ARMATURA"}]},{"@type":"WebSite","@id":"https:\/\/www.mostra-mi.it\/#website","url":"https:\/\/www.mostra-mi.it\/","name":"Mostrami","description":"Mostrami, galleria che si propone come vetrina per giovani artisti","publisher":{"@id":"https:\/\/www.mostra-mi.it\/#organization"},"potentialAction":[{"@type":"SearchAction","target":{"@type":"EntryPoint","urlTemplate":"https:\/\/www.mostra-mi.it\/?s={search_term_string}"},"query-input":{"@type":"PropertyValueSpecification","valueRequired":true,"valueName":"search_term_string"}}],"inLanguage":"en-GB"},{"@type":"Organization","@id":"https:\/\/www.mostra-mi.it\/#organization","name":"Mostrami","url":"https:\/\/www.mostra-mi.it\/","logo":{"@type":"ImageObject","inLanguage":"en-GB","@id":"https:\/\/www.mostra-mi.it\/#\/schema\/logo\/image\/","url":"","contentUrl":"","caption":"Mostrami"},"image":{"@id":"https:\/\/www.mostra-mi.it\/#\/schema\/logo\/image\/"}}]}},"_links":{"self":[{"href":"https:\/\/www.mostra-mi.it\/en\/wp-json\/wp\/v2\/product\/45702","targetHints":{"allow":["GET"]}}],"collection":[{"href":"https:\/\/www.mostra-mi.it\/en\/wp-json\/wp\/v2\/product"}],"about":[{"href":"https:\/\/www.mostra-mi.it\/en\/wp-json\/wp\/v2\/types\/product"}],"wp:featuredmedia":[{"embeddable":true,"href":"https:\/\/www.mostra-mi.it\/en\/wp-json\/wp\/v2\/media\/45651"}],"wp:attachment":[{"href":"https:\/\/www.mostra-mi.it\/en\/wp-json\/wp\/v2\/media?parent=45702"}],"wp:term":[{"taxonomy":"product_brand","embeddable":true,"href":"https:\/\/www.mostra-mi.it\/en\/wp-json\/wp\/v2\/product_brand?post=45702"},{"taxonomy":"product_cat","embeddable":true,"href":"https:\/\/www.mostra-mi.it\/en\/wp-json\/wp\/v2\/product_cat?post=45702"},{"taxonomy":"product_tag","embeddable":true,"href":"https:\/\/www.mostra-mi.it\/en\/wp-json\/wp\/v2\/product_tag?post=45702"}],"curies":[{"name":"wp","href":"https:\/\/api.w.org\/{rel}","templated":true}]}}