{"id":45701,"date":"2024-07-09T18:13:20","date_gmt":"2024-07-09T16:13:20","guid":{"rendered":"https:\/\/mostra-mi.it\/?post_type=product&#038;p=45701"},"modified":"2024-07-09T18:18:40","modified_gmt":"2024-07-09T16:18:40","slug":"iceberg","status":"publish","type":"product","link":"https:\/\/www.mostra-mi.it\/en\/opera\/iceberg","title":{"rendered":"ICEBERG"},"content":{"rendered":"<p>&#8220;<em>Iceberg<\/em>&#8221; \u00e8 un&#8217;opera della <strong>giovane artista emergente<\/strong> Mira Savini.<\/p>\n<p>Monumentale, incarnato nelle origini della nostra esistenza, \u00e8 radicato nella stessa essenza dei nostri geni e esercita un&#8217;influenza inconscia ma potente su ciascuno di noi. \u00c8 la nostra forza interiore e saggezza, che spesso rimangono nascoste fino al momento in cui le ombre si ritirano, permettendo alla luce della verit\u00e0 e dell&#8217;auto-conoscenza di brillare. In quel momento inizia la vera manifestazione della personalit\u00e0, quando l&#8217;individuo acquisisce la capacit\u00e0 non solo di ascoltare, ma anche di seguire il richiamo del proprio &#8220;io&#8221;interiore.<\/p>\n<p>Questo \u00e8 un processo non solo di auto-conoscenza, ma anche di auto-realizzazione, in cui la personalit\u00e0 si svela completamente, dimostrando una combinazione unica di qualit\u00e0 innate e tratti acquisiti.<\/p>\n<p>&nbsp;<\/p>\n<p>&nbsp;<\/p>\n<p><br style=\"font-weight: 400;\" \/><br style=\"font-weight: 400;\" \/><\/p>","protected":false},"excerpt":{"rendered":"<p>&#8220;Iceberg&#8221; \u00e8 un&#8217;opera della giovane artista emergente Mira Savini. Monumentale, incarnato nelle origini della nostra esistenza, \u00e8 radicato nella stessa essenza dei nostri geni e esercita un&#8217;influenza inconscia ma potente su ciascuno di noi. \u00c8 la nostra forza interiore e&#8230;<\/p>","protected":false},"featured_media":45655,"template":"","meta":[],"product_brand":[],"product_cat":[714,934],"product_tag":[1640,1716,2999],"class_list":{"0":"post-45701","1":"product","2":"type-product","3":"status-publish","4":"has-post-thumbnail","6":"product_cat-pittura-it","7":"product_cat-tecnica-mista","8":"product_tag-giovane-artista-contemporanea","9":"product_tag-arte-contemporanea-emergente","10":"product_tag-arte-simbolista","12":"first","13":"instock","14":"shipping-taxable","15":"product-type-simple"},"yoast_head":"<!-- This site is optimized with the Yoast SEO plugin v27.3 - https:\/\/yoast.com\/product\/yoast-seo-wordpress\/ -->\n<title>ICEBERG - Mostrami<\/title>\n<meta name=\"description\" content=\"&quot;Iceberg&quot; \u00e8 un&#039;opera della giovane artista Mira Savini, rappresentante la nostra forza interiore e saggezza, che spesso rimangono nascoste.\" \/>\n<meta name=\"robots\" content=\"index, follow, max-snippet:-1, max-image-preview:large, max-video-preview:-1\" \/>\n<link rel=\"canonical\" href=\"https:\/\/www.mostra-mi.it\/en\/opera\/iceberg\/\" \/>\n<meta property=\"og:locale\" content=\"en_GB\" \/>\n<meta property=\"og:type\" content=\"article\" \/>\n<meta property=\"og:title\" content=\"ICEBERG - Mostrami\" \/>\n<meta property=\"og:description\" content=\"&quot;Iceberg&quot; \u00e8 un&#039;opera della giovane artista Mira Savini, rappresentante la nostra forza interiore e saggezza, che spesso rimangono nascoste.\" \/>\n<meta property=\"og:url\" content=\"https:\/\/www.mostra-mi.it\/en\/opera\/iceberg\/\" \/>\n<meta property=\"og:site_name\" content=\"Mostrami\" \/>\n<meta property=\"article:modified_time\" content=\"2024-07-09T16:18:40+00:00\" \/>\n<meta property=\"og:image\" content=\"https:\/\/www.mostra-mi.it\/wp-content\/uploads\/mostre-mira-savini-11.jpeg\" \/>\n\t<meta property=\"og:image:width\" content=\"1080\" \/>\n\t<meta property=\"og:image:height\" content=\"1350\" \/>\n\t<meta property=\"og:image:type\" content=\"image\/jpeg\" \/>\n<meta name=\"twitter:card\" content=\"summary_large_image\" \/>\n<meta name=\"twitter:label1\" content=\"Estimated reading time\" \/>\n\t<meta name=\"twitter:data1\" content=\"1 minute\" \/>\n<script type=\"application\/ld+json\" class=\"yoast-schema-graph\">{\"@context\":\"https:\\\/\\\/schema.org\",\"@graph\":[{\"@type\":\"WebPage\",\"@id\":\"https:\\\/\\\/www.mostra-mi.it\\\/opera\\\/iceberg\",\"url\":\"https:\\\/\\\/www.mostra-mi.it\\\/opera\\\/iceberg\",\"name\":\"ICEBERG - Mostrami\",\"isPartOf\":{\"@id\":\"https:\\\/\\\/www.mostra-mi.it\\\/#website\"},\"primaryImageOfPage\":{\"@id\":\"https:\\\/\\\/www.mostra-mi.it\\\/opera\\\/iceberg#primaryimage\"},\"image\":{\"@id\":\"https:\\\/\\\/www.mostra-mi.it\\\/opera\\\/iceberg#primaryimage\"},\"thumbnailUrl\":\"https:\\\/\\\/www.mostra-mi.it\\\/wp-content\\\/uploads\\\/mostre-mira-savini-11.jpeg\",\"datePublished\":\"2024-07-09T16:13:20+00:00\",\"dateModified\":\"2024-07-09T16:18:40+00:00\",\"description\":\"\\\"Iceberg\\\" \u00e8 un'opera della giovane artista Mira Savini, rappresentante la nostra forza interiore e saggezza, che spesso rimangono nascoste.\",\"breadcrumb\":{\"@id\":\"https:\\\/\\\/www.mostra-mi.it\\\/opera\\\/iceberg#breadcrumb\"},\"inLanguage\":\"en-GB\",\"potentialAction\":[{\"@type\":\"ReadAction\",\"target\":[\"https:\\\/\\\/www.mostra-mi.it\\\/opera\\\/iceberg\"]}]},{\"@type\":\"ImageObject\",\"inLanguage\":\"en-GB\",\"@id\":\"https:\\\/\\\/www.mostra-mi.it\\\/opera\\\/iceberg#primaryimage\",\"url\":\"https:\\\/\\\/www.mostra-mi.it\\\/wp-content\\\/uploads\\\/mostre-mira-savini-11.jpeg\",\"contentUrl\":\"https:\\\/\\\/www.mostra-mi.it\\\/wp-content\\\/uploads\\\/mostre-mira-savini-11.jpeg\",\"width\":1080,\"height\":1350,\"caption\":\"giovane artista, dipinti contemporanea, arte contemporanea, arte simbolismo\"},{\"@type\":\"BreadcrumbList\",\"@id\":\"https:\\\/\\\/www.mostra-mi.it\\\/opera\\\/iceberg#breadcrumb\",\"itemListElement\":[{\"@type\":\"ListItem\",\"position\":1,\"name\":\"Home\",\"item\":\"https:\\\/\\\/www.mostra-mi.it\\\/\"},{\"@type\":\"ListItem\",\"position\":2,\"name\":\"Opere\",\"item\":\"https:\\\/\\\/www.mostra-mi.it\\\/en\\\/opere-mostrami\"},{\"@type\":\"ListItem\",\"position\":3,\"name\":\"ICEBERG\"}]},{\"@type\":\"WebSite\",\"@id\":\"https:\\\/\\\/www.mostra-mi.it\\\/#website\",\"url\":\"https:\\\/\\\/www.mostra-mi.it\\\/\",\"name\":\"Mostrami\",\"description\":\"Mostrami, galleria che si propone come vetrina per giovani artisti\",\"publisher\":{\"@id\":\"https:\\\/\\\/www.mostra-mi.it\\\/#organization\"},\"potentialAction\":[{\"@type\":\"SearchAction\",\"target\":{\"@type\":\"EntryPoint\",\"urlTemplate\":\"https:\\\/\\\/www.mostra-mi.it\\\/?s={search_term_string}\"},\"query-input\":{\"@type\":\"PropertyValueSpecification\",\"valueRequired\":true,\"valueName\":\"search_term_string\"}}],\"inLanguage\":\"en-GB\"},{\"@type\":\"Organization\",\"@id\":\"https:\\\/\\\/www.mostra-mi.it\\\/#organization\",\"name\":\"Mostrami\",\"url\":\"https:\\\/\\\/www.mostra-mi.it\\\/\",\"logo\":{\"@type\":\"ImageObject\",\"inLanguage\":\"en-GB\",\"@id\":\"https:\\\/\\\/www.mostra-mi.it\\\/#\\\/schema\\\/logo\\\/image\\\/\",\"url\":\"\",\"contentUrl\":\"\",\"caption\":\"Mostrami\"},\"image\":{\"@id\":\"https:\\\/\\\/www.mostra-mi.it\\\/#\\\/schema\\\/logo\\\/image\\\/\"}}]}<\/script>\n<!-- \/ Yoast SEO plugin. -->","yoast_head_json":{"title":"ICEBERG - Mostrami","description":"\"Iceberg\" \u00e8 un'opera della giovane artista Mira Savini, rappresentante la nostra forza interiore e saggezza, che spesso rimangono nascoste.","robots":{"index":"index","follow":"follow","max-snippet":"max-snippet:-1","max-image-preview":"max-image-preview:large","max-video-preview":"max-video-preview:-1"},"canonical":"https:\/\/www.mostra-mi.it\/en\/opera\/iceberg\/","og_locale":"en_GB","og_type":"article","og_title":"ICEBERG - Mostrami","og_description":"\"Iceberg\" \u00e8 un'opera della giovane artista Mira Savini, rappresentante la nostra forza interiore e saggezza, che spesso rimangono nascoste.","og_url":"https:\/\/www.mostra-mi.it\/en\/opera\/iceberg\/","og_site_name":"Mostrami","article_modified_time":"2024-07-09T16:18:40+00:00","og_image":[{"width":1080,"height":1350,"url":"https:\/\/www.mostra-mi.it\/wp-content\/uploads\/mostre-mira-savini-11.jpeg","type":"image\/jpeg"}],"twitter_card":"summary_large_image","twitter_misc":{"Estimated reading time":"1 minute"},"schema":{"@context":"https:\/\/schema.org","@graph":[{"@type":"WebPage","@id":"https:\/\/www.mostra-mi.it\/opera\/iceberg","url":"https:\/\/www.mostra-mi.it\/opera\/iceberg","name":"ICEBERG - Mostrami","isPartOf":{"@id":"https:\/\/www.mostra-mi.it\/#website"},"primaryImageOfPage":{"@id":"https:\/\/www.mostra-mi.it\/opera\/iceberg#primaryimage"},"image":{"@id":"https:\/\/www.mostra-mi.it\/opera\/iceberg#primaryimage"},"thumbnailUrl":"https:\/\/www.mostra-mi.it\/wp-content\/uploads\/mostre-mira-savini-11.jpeg","datePublished":"2024-07-09T16:13:20+00:00","dateModified":"2024-07-09T16:18:40+00:00","description":"\"Iceberg\" \u00e8 un'opera della giovane artista Mira Savini, rappresentante la nostra forza interiore e saggezza, che spesso rimangono nascoste.","breadcrumb":{"@id":"https:\/\/www.mostra-mi.it\/opera\/iceberg#breadcrumb"},"inLanguage":"en-GB","potentialAction":[{"@type":"ReadAction","target":["https:\/\/www.mostra-mi.it\/opera\/iceberg"]}]},{"@type":"ImageObject","inLanguage":"en-GB","@id":"https:\/\/www.mostra-mi.it\/opera\/iceberg#primaryimage","url":"https:\/\/www.mostra-mi.it\/wp-content\/uploads\/mostre-mira-savini-11.jpeg","contentUrl":"https:\/\/www.mostra-mi.it\/wp-content\/uploads\/mostre-mira-savini-11.jpeg","width":1080,"height":1350,"caption":"giovane artista, dipinti contemporanea, arte contemporanea, arte simbolismo"},{"@type":"BreadcrumbList","@id":"https:\/\/www.mostra-mi.it\/opera\/iceberg#breadcrumb","itemListElement":[{"@type":"ListItem","position":1,"name":"Home","item":"https:\/\/www.mostra-mi.it\/"},{"@type":"ListItem","position":2,"name":"Opere","item":"https:\/\/www.mostra-mi.it\/en\/opere-mostrami"},{"@type":"ListItem","position":3,"name":"ICEBERG"}]},{"@type":"WebSite","@id":"https:\/\/www.mostra-mi.it\/#website","url":"https:\/\/www.mostra-mi.it\/","name":"Mostrami","description":"Mostrami, galleria che si propone come vetrina per giovani artisti","publisher":{"@id":"https:\/\/www.mostra-mi.it\/#organization"},"potentialAction":[{"@type":"SearchAction","target":{"@type":"EntryPoint","urlTemplate":"https:\/\/www.mostra-mi.it\/?s={search_term_string}"},"query-input":{"@type":"PropertyValueSpecification","valueRequired":true,"valueName":"search_term_string"}}],"inLanguage":"en-GB"},{"@type":"Organization","@id":"https:\/\/www.mostra-mi.it\/#organization","name":"Mostrami","url":"https:\/\/www.mostra-mi.it\/","logo":{"@type":"ImageObject","inLanguage":"en-GB","@id":"https:\/\/www.mostra-mi.it\/#\/schema\/logo\/image\/","url":"","contentUrl":"","caption":"Mostrami"},"image":{"@id":"https:\/\/www.mostra-mi.it\/#\/schema\/logo\/image\/"}}]}},"_links":{"self":[{"href":"https:\/\/www.mostra-mi.it\/en\/wp-json\/wp\/v2\/product\/45701","targetHints":{"allow":["GET"]}}],"collection":[{"href":"https:\/\/www.mostra-mi.it\/en\/wp-json\/wp\/v2\/product"}],"about":[{"href":"https:\/\/www.mostra-mi.it\/en\/wp-json\/wp\/v2\/types\/product"}],"wp:featuredmedia":[{"embeddable":true,"href":"https:\/\/www.mostra-mi.it\/en\/wp-json\/wp\/v2\/media\/45655"}],"wp:attachment":[{"href":"https:\/\/www.mostra-mi.it\/en\/wp-json\/wp\/v2\/media?parent=45701"}],"wp:term":[{"taxonomy":"product_brand","embeddable":true,"href":"https:\/\/www.mostra-mi.it\/en\/wp-json\/wp\/v2\/product_brand?post=45701"},{"taxonomy":"product_cat","embeddable":true,"href":"https:\/\/www.mostra-mi.it\/en\/wp-json\/wp\/v2\/product_cat?post=45701"},{"taxonomy":"product_tag","embeddable":true,"href":"https:\/\/www.mostra-mi.it\/en\/wp-json\/wp\/v2\/product_tag?post=45701"}],"curies":[{"name":"wp","href":"https:\/\/api.w.org\/{rel}","templated":true}]}}