{"id":45700,"date":"2024-07-09T18:01:10","date_gmt":"2024-07-09T16:01:10","guid":{"rendered":"https:\/\/mostra-mi.it\/?post_type=product&#038;p=45700"},"modified":"2024-07-09T18:13:04","modified_gmt":"2024-07-09T16:13:04","slug":"la-fine-e-linizio","status":"publish","type":"product","link":"https:\/\/www.mostra-mi.it\/en\/opera\/la-fine-e-linizio","title":{"rendered":"LA FINE E L&#8217;INIZIO"},"content":{"rendered":"<p>&#8220;La fine e l&#8217;inizio&#8221; \u00e8 un&#8217;opera della giovane artista emergente Mira Savini.<\/p>\n<p>La creazione di questo quadro \u00e8 un viaggio metaforico che ci ricorda la grandezza e la complessit\u00e0 dell&#8217;Universo.<\/p>\n<p>Attraverso il processo creativo, l&#8217;artista riflette sul profondo legame tra l&#8217;umanit\u00e0 e i processi cosmici, sottolineando la nostra dipendenza dal Sole &#8211; la principale fonte di calore e luce. Questo quadro diventa un promemoria che nel mondo esistono fenomeni e forze che superano di gran lunga noi in scala e importanza, invitandoci a ripensare il nostro posto nell&#8217;Universo.<\/p>\n<p>\u00c8 molto importante l&#8217;armonia con la natura, dove possiamo imparare a riflettere e diffondere luce e calore intorno a noi, proprio come fa il Sole, arricchendo e sostenendo la vita sulla Terra e in tutto il sistema solare.<\/p>\n<p>Questo quadro \u00e8 un profondo simbolo filosofico che ci fa riflettere sugli aspetti pi\u00f9 globali, forse pi\u00f9 eterni dell&#8217;esistenza, rispetto alla vita umana stessa.<br \/>\n\u00c8 una spirale che non ha inizio n\u00e9 fine, ma che pu\u00f2 cambiare il disegno complessivo dell&#8217;intero cosmo.<\/p>\n<p>&nbsp;<\/p>\n<p>&nbsp;<\/p>\n<p><br style=\"font-weight: 400;\" \/><br style=\"font-weight: 400;\" \/><\/p>","protected":false},"excerpt":{"rendered":"<p>&#8220;La fine e l&#8217;inizio&#8221; \u00e8 un&#8217;opera della giovane artista emergente Mira Savini. La creazione di questo quadro \u00e8 un viaggio metaforico che ci ricorda la grandezza e la complessit\u00e0 dell&#8217;Universo. Attraverso il processo creativo, l&#8217;artista riflette sul profondo legame tra&#8230;<\/p>","protected":false},"featured_media":45656,"template":"","meta":[],"product_brand":[],"product_cat":[714,934],"product_tag":[1640,1716,2999],"class_list":{"0":"post-45700","1":"product","2":"type-product","3":"status-publish","4":"has-post-thumbnail","6":"product_cat-pittura-it","7":"product_cat-tecnica-mista","8":"product_tag-giovane-artista-contemporanea","9":"product_tag-arte-contemporanea-emergente","10":"product_tag-arte-simbolista","12":"first","13":"instock","14":"shipping-taxable","15":"product-type-simple"},"yoast_head":"<!-- This site is optimized with the Yoast SEO plugin v27.3 - https:\/\/yoast.com\/product\/yoast-seo-wordpress\/ -->\n<title>LA FINE E L&#039;INIZIO - Mostrami<\/title>\n<meta name=\"description\" content=\"&quot;La fine e l&#039;inizio&quot; \u00e8 un&#039;opera dell&#039;artista emergente Mira Savini. Con questo quadro l&#039;artista riflette sul legame tra l&#039;umanit\u00e0 e i processi cosmici.\" \/>\n<meta name=\"robots\" content=\"index, follow, max-snippet:-1, max-image-preview:large, max-video-preview:-1\" \/>\n<link rel=\"canonical\" href=\"https:\/\/www.mostra-mi.it\/en\/opera\/la-fine-e-linizio\/\" \/>\n<meta property=\"og:locale\" content=\"en_GB\" \/>\n<meta property=\"og:type\" content=\"article\" \/>\n<meta property=\"og:title\" content=\"LA FINE E L&#039;INIZIO - Mostrami\" \/>\n<meta property=\"og:description\" content=\"&quot;La fine e l&#039;inizio&quot; \u00e8 un&#039;opera dell&#039;artista emergente Mira Savini. Con questo quadro l&#039;artista riflette sul legame tra l&#039;umanit\u00e0 e i processi cosmici.\" \/>\n<meta property=\"og:url\" content=\"https:\/\/www.mostra-mi.it\/en\/opera\/la-fine-e-linizio\/\" \/>\n<meta property=\"og:site_name\" content=\"Mostrami\" \/>\n<meta property=\"article:modified_time\" content=\"2024-07-09T16:13:04+00:00\" \/>\n<meta property=\"og:image\" content=\"https:\/\/www.mostra-mi.it\/wp-content\/uploads\/mostre-mira-savini-12.jpeg\" \/>\n\t<meta property=\"og:image:width\" content=\"1080\" \/>\n\t<meta property=\"og:image:height\" content=\"1350\" \/>\n\t<meta property=\"og:image:type\" content=\"image\/jpeg\" \/>\n<meta name=\"twitter:card\" content=\"summary_large_image\" \/>\n<meta name=\"twitter:label1\" content=\"Estimated reading time\" \/>\n\t<meta name=\"twitter:data1\" content=\"2 minutes\" \/>\n<script type=\"application\/ld+json\" class=\"yoast-schema-graph\">{\"@context\":\"https:\\\/\\\/schema.org\",\"@graph\":[{\"@type\":\"WebPage\",\"@id\":\"https:\\\/\\\/www.mostra-mi.it\\\/opera\\\/la-fine-e-linizio\",\"url\":\"https:\\\/\\\/www.mostra-mi.it\\\/opera\\\/la-fine-e-linizio\",\"name\":\"LA FINE E L'INIZIO - Mostrami\",\"isPartOf\":{\"@id\":\"https:\\\/\\\/www.mostra-mi.it\\\/#website\"},\"primaryImageOfPage\":{\"@id\":\"https:\\\/\\\/www.mostra-mi.it\\\/opera\\\/la-fine-e-linizio#primaryimage\"},\"image\":{\"@id\":\"https:\\\/\\\/www.mostra-mi.it\\\/opera\\\/la-fine-e-linizio#primaryimage\"},\"thumbnailUrl\":\"https:\\\/\\\/www.mostra-mi.it\\\/wp-content\\\/uploads\\\/mostre-mira-savini-12.jpeg\",\"datePublished\":\"2024-07-09T16:01:10+00:00\",\"dateModified\":\"2024-07-09T16:13:04+00:00\",\"description\":\"\\\"La fine e l'inizio\\\" \u00e8 un'opera dell'artista emergente Mira Savini. Con questo quadro l'artista riflette sul legame tra l'umanit\u00e0 e i processi cosmici.\",\"breadcrumb\":{\"@id\":\"https:\\\/\\\/www.mostra-mi.it\\\/opera\\\/la-fine-e-linizio#breadcrumb\"},\"inLanguage\":\"en-GB\",\"potentialAction\":[{\"@type\":\"ReadAction\",\"target\":[\"https:\\\/\\\/www.mostra-mi.it\\\/opera\\\/la-fine-e-linizio\"]}]},{\"@type\":\"ImageObject\",\"inLanguage\":\"en-GB\",\"@id\":\"https:\\\/\\\/www.mostra-mi.it\\\/opera\\\/la-fine-e-linizio#primaryimage\",\"url\":\"https:\\\/\\\/www.mostra-mi.it\\\/wp-content\\\/uploads\\\/mostre-mira-savini-12.jpeg\",\"contentUrl\":\"https:\\\/\\\/www.mostra-mi.it\\\/wp-content\\\/uploads\\\/mostre-mira-savini-12.jpeg\",\"width\":1080,\"height\":1350,\"caption\":\"giovane artista, dipinti contemporanea, arte contemporanea, arte simbolismo\"},{\"@type\":\"BreadcrumbList\",\"@id\":\"https:\\\/\\\/www.mostra-mi.it\\\/opera\\\/la-fine-e-linizio#breadcrumb\",\"itemListElement\":[{\"@type\":\"ListItem\",\"position\":1,\"name\":\"Home\",\"item\":\"https:\\\/\\\/www.mostra-mi.it\\\/\"},{\"@type\":\"ListItem\",\"position\":2,\"name\":\"Opere\",\"item\":\"https:\\\/\\\/www.mostra-mi.it\\\/en\\\/opere-mostrami\"},{\"@type\":\"ListItem\",\"position\":3,\"name\":\"LA FINE E L&#8217;INIZIO\"}]},{\"@type\":\"WebSite\",\"@id\":\"https:\\\/\\\/www.mostra-mi.it\\\/#website\",\"url\":\"https:\\\/\\\/www.mostra-mi.it\\\/\",\"name\":\"Mostrami\",\"description\":\"Mostrami, galleria che si propone come vetrina per giovani artisti\",\"publisher\":{\"@id\":\"https:\\\/\\\/www.mostra-mi.it\\\/#organization\"},\"potentialAction\":[{\"@type\":\"SearchAction\",\"target\":{\"@type\":\"EntryPoint\",\"urlTemplate\":\"https:\\\/\\\/www.mostra-mi.it\\\/?s={search_term_string}\"},\"query-input\":{\"@type\":\"PropertyValueSpecification\",\"valueRequired\":true,\"valueName\":\"search_term_string\"}}],\"inLanguage\":\"en-GB\"},{\"@type\":\"Organization\",\"@id\":\"https:\\\/\\\/www.mostra-mi.it\\\/#organization\",\"name\":\"Mostrami\",\"url\":\"https:\\\/\\\/www.mostra-mi.it\\\/\",\"logo\":{\"@type\":\"ImageObject\",\"inLanguage\":\"en-GB\",\"@id\":\"https:\\\/\\\/www.mostra-mi.it\\\/#\\\/schema\\\/logo\\\/image\\\/\",\"url\":\"\",\"contentUrl\":\"\",\"caption\":\"Mostrami\"},\"image\":{\"@id\":\"https:\\\/\\\/www.mostra-mi.it\\\/#\\\/schema\\\/logo\\\/image\\\/\"}}]}<\/script>\n<!-- \/ Yoast SEO plugin. -->","yoast_head_json":{"title":"LA FINE E L'INIZIO - Mostrami","description":"\"La fine e l'inizio\" \u00e8 un'opera dell'artista emergente Mira Savini. Con questo quadro l'artista riflette sul legame tra l'umanit\u00e0 e i processi cosmici.","robots":{"index":"index","follow":"follow","max-snippet":"max-snippet:-1","max-image-preview":"max-image-preview:large","max-video-preview":"max-video-preview:-1"},"canonical":"https:\/\/www.mostra-mi.it\/en\/opera\/la-fine-e-linizio\/","og_locale":"en_GB","og_type":"article","og_title":"LA FINE E L'INIZIO - Mostrami","og_description":"\"La fine e l'inizio\" \u00e8 un'opera dell'artista emergente Mira Savini. Con questo quadro l'artista riflette sul legame tra l'umanit\u00e0 e i processi cosmici.","og_url":"https:\/\/www.mostra-mi.it\/en\/opera\/la-fine-e-linizio\/","og_site_name":"Mostrami","article_modified_time":"2024-07-09T16:13:04+00:00","og_image":[{"width":1080,"height":1350,"url":"https:\/\/www.mostra-mi.it\/wp-content\/uploads\/mostre-mira-savini-12.jpeg","type":"image\/jpeg"}],"twitter_card":"summary_large_image","twitter_misc":{"Estimated reading time":"2 minutes"},"schema":{"@context":"https:\/\/schema.org","@graph":[{"@type":"WebPage","@id":"https:\/\/www.mostra-mi.it\/opera\/la-fine-e-linizio","url":"https:\/\/www.mostra-mi.it\/opera\/la-fine-e-linizio","name":"LA FINE E L'INIZIO - Mostrami","isPartOf":{"@id":"https:\/\/www.mostra-mi.it\/#website"},"primaryImageOfPage":{"@id":"https:\/\/www.mostra-mi.it\/opera\/la-fine-e-linizio#primaryimage"},"image":{"@id":"https:\/\/www.mostra-mi.it\/opera\/la-fine-e-linizio#primaryimage"},"thumbnailUrl":"https:\/\/www.mostra-mi.it\/wp-content\/uploads\/mostre-mira-savini-12.jpeg","datePublished":"2024-07-09T16:01:10+00:00","dateModified":"2024-07-09T16:13:04+00:00","description":"\"La fine e l'inizio\" \u00e8 un'opera dell'artista emergente Mira Savini. Con questo quadro l'artista riflette sul legame tra l'umanit\u00e0 e i processi cosmici.","breadcrumb":{"@id":"https:\/\/www.mostra-mi.it\/opera\/la-fine-e-linizio#breadcrumb"},"inLanguage":"en-GB","potentialAction":[{"@type":"ReadAction","target":["https:\/\/www.mostra-mi.it\/opera\/la-fine-e-linizio"]}]},{"@type":"ImageObject","inLanguage":"en-GB","@id":"https:\/\/www.mostra-mi.it\/opera\/la-fine-e-linizio#primaryimage","url":"https:\/\/www.mostra-mi.it\/wp-content\/uploads\/mostre-mira-savini-12.jpeg","contentUrl":"https:\/\/www.mostra-mi.it\/wp-content\/uploads\/mostre-mira-savini-12.jpeg","width":1080,"height":1350,"caption":"giovane artista, dipinti contemporanea, arte contemporanea, arte simbolismo"},{"@type":"BreadcrumbList","@id":"https:\/\/www.mostra-mi.it\/opera\/la-fine-e-linizio#breadcrumb","itemListElement":[{"@type":"ListItem","position":1,"name":"Home","item":"https:\/\/www.mostra-mi.it\/"},{"@type":"ListItem","position":2,"name":"Opere","item":"https:\/\/www.mostra-mi.it\/en\/opere-mostrami"},{"@type":"ListItem","position":3,"name":"LA FINE E L&#8217;INIZIO"}]},{"@type":"WebSite","@id":"https:\/\/www.mostra-mi.it\/#website","url":"https:\/\/www.mostra-mi.it\/","name":"Mostrami","description":"Mostrami, galleria che si propone come vetrina per giovani artisti","publisher":{"@id":"https:\/\/www.mostra-mi.it\/#organization"},"potentialAction":[{"@type":"SearchAction","target":{"@type":"EntryPoint","urlTemplate":"https:\/\/www.mostra-mi.it\/?s={search_term_string}"},"query-input":{"@type":"PropertyValueSpecification","valueRequired":true,"valueName":"search_term_string"}}],"inLanguage":"en-GB"},{"@type":"Organization","@id":"https:\/\/www.mostra-mi.it\/#organization","name":"Mostrami","url":"https:\/\/www.mostra-mi.it\/","logo":{"@type":"ImageObject","inLanguage":"en-GB","@id":"https:\/\/www.mostra-mi.it\/#\/schema\/logo\/image\/","url":"","contentUrl":"","caption":"Mostrami"},"image":{"@id":"https:\/\/www.mostra-mi.it\/#\/schema\/logo\/image\/"}}]}},"_links":{"self":[{"href":"https:\/\/www.mostra-mi.it\/en\/wp-json\/wp\/v2\/product\/45700","targetHints":{"allow":["GET"]}}],"collection":[{"href":"https:\/\/www.mostra-mi.it\/en\/wp-json\/wp\/v2\/product"}],"about":[{"href":"https:\/\/www.mostra-mi.it\/en\/wp-json\/wp\/v2\/types\/product"}],"wp:featuredmedia":[{"embeddable":true,"href":"https:\/\/www.mostra-mi.it\/en\/wp-json\/wp\/v2\/media\/45656"}],"wp:attachment":[{"href":"https:\/\/www.mostra-mi.it\/en\/wp-json\/wp\/v2\/media?parent=45700"}],"wp:term":[{"taxonomy":"product_brand","embeddable":true,"href":"https:\/\/www.mostra-mi.it\/en\/wp-json\/wp\/v2\/product_brand?post=45700"},{"taxonomy":"product_cat","embeddable":true,"href":"https:\/\/www.mostra-mi.it\/en\/wp-json\/wp\/v2\/product_cat?post=45700"},{"taxonomy":"product_tag","embeddable":true,"href":"https:\/\/www.mostra-mi.it\/en\/wp-json\/wp\/v2\/product_tag?post=45700"}],"curies":[{"name":"wp","href":"https:\/\/api.w.org\/{rel}","templated":true}]}}