{"id":45697,"date":"2024-07-09T17:48:46","date_gmt":"2024-07-09T15:48:46","guid":{"rendered":"https:\/\/mostra-mi.it\/?post_type=product&#038;p=45697"},"modified":"2024-07-09T18:19:42","modified_gmt":"2024-07-09T16:19:42","slug":"se-un-uomo-e-un-fiore-allora-e-una-peonia","status":"publish","type":"product","link":"https:\/\/www.mostra-mi.it\/en\/opera\/se-un-uomo-e-un-fiore-allora-e-una-peonia","title":{"rendered":"SE UN UOMO E&#8217; UN FIORE, ALLORA E&#8217; UNA PEONIA"},"content":{"rendered":"<p>Questo \u00e8 un quadro della giovane artista Mira Savini.<\/p>\n<p>Nascosto agli sguardi del mondo dietro il sipario del silenzio e degli enigmi, la peonia possiede un aroma veramente misterioso che si svela gradualmente. Dopo aver tanto desiderato attenzione, ora, avendo ottenuto libert\u00e0, dona tutto il suo splendore in segno di gratitudine per essere stata notata \u00a0e apprezzata.<br \/>\nUna volta ottenuta la libert\u00e0, le sue note ricche e delicate hanno riempito l&#8217;aria intorno, quasi invitando il mondo a respirare profondamente, a rilassarsi dai<br \/>\npensieri di una vita eternamente frenetica. Manifestazione di energia maschile in forma femminile, unisce eleganza e potenza, grazia e resistenza.<br \/>\nNon bisogna chiudere il sipario della propria anima; \u00e8 importante ricordare il legame eterno tra la natura e l&#8217;umanit\u00e0, quanto sia importante saper vedere e<br \/>\nsentire la bellezza intorno a noi, percepire la serenit\u00e0 e l&#8217;ispirazione, come se la natura stessa ci indicasse la via verso l&#8217;equilibrio interiore e la felicit\u00e0.<\/p>\n<p>&nbsp;<\/p>\n<p>&nbsp;<\/p>\n<p><br style=\"font-weight: 400;\" \/><br style=\"font-weight: 400;\" \/><\/p>","protected":false},"excerpt":{"rendered":"<p>Questo \u00e8 un quadro della giovane artista Mira Savini. Nascosto agli sguardi del mondo dietro il sipario del silenzio e degli enigmi, la peonia possiede un aroma veramente misterioso che si svela gradualmente. Dopo aver tanto desiderato attenzione, ora, avendo&#8230;<\/p>","protected":false},"featured_media":45660,"template":"","meta":[],"product_brand":[],"product_cat":[714,934],"product_tag":[1327,1640,1716,1812,3000],"class_list":{"0":"post-45697","1":"product","2":"type-product","3":"status-publish","4":"has-post-thumbnail","6":"product_cat-pittura-it","7":"product_cat-tecnica-mista","8":"product_tag-giovane-artista-emergente","9":"product_tag-giovane-artista-contemporanea","10":"product_tag-arte-contemporanea-emergente","11":"product_tag-artista-figurativa","12":"product_tag-dipinto-contemporaneo","14":"first","15":"instock","16":"shipping-taxable","17":"product-type-simple"},"yoast_head":"<!-- This site is optimized with the Yoast SEO plugin v27.3 - https:\/\/yoast.com\/product\/yoast-seo-wordpress\/ -->\n<title>SE UN UOMO E&#039; UN FIORE, ALLORA E&#039; UNA PEONIA - Mostrami<\/title>\n<meta name=\"description\" content=\"&quot;Se un uomo \u00e8 un fiore, allora \u00e8 una peonia&quot; \u00e8 un dipinto della giovane artista Mira Savini; una manifestazione di energia maschile in forma femminile.\" \/>\n<meta name=\"robots\" content=\"index, follow, max-snippet:-1, max-image-preview:large, max-video-preview:-1\" \/>\n<link rel=\"canonical\" href=\"https:\/\/www.mostra-mi.it\/en\/opera\/se-un-uomo-e-un-fiore-allora-e-una-peonia\/\" \/>\n<meta property=\"og:locale\" content=\"en_GB\" \/>\n<meta property=\"og:type\" content=\"article\" \/>\n<meta property=\"og:title\" content=\"SE UN UOMO E&#039; UN FIORE, ALLORA E&#039; UNA PEONIA - Mostrami\" \/>\n<meta property=\"og:description\" content=\"&quot;Se un uomo \u00e8 un fiore, allora \u00e8 una peonia&quot; \u00e8 un dipinto della giovane artista Mira Savini; una manifestazione di energia maschile in forma femminile.\" \/>\n<meta property=\"og:url\" content=\"https:\/\/www.mostra-mi.it\/en\/opera\/se-un-uomo-e-un-fiore-allora-e-una-peonia\/\" \/>\n<meta property=\"og:site_name\" content=\"Mostrami\" \/>\n<meta property=\"article:modified_time\" content=\"2024-07-09T16:19:42+00:00\" \/>\n<meta property=\"og:image\" content=\"https:\/\/www.mostra-mi.it\/wp-content\/uploads\/mostre-mira-savini-16.jpeg\" \/>\n\t<meta property=\"og:image:width\" content=\"1080\" \/>\n\t<meta property=\"og:image:height\" content=\"1350\" \/>\n\t<meta property=\"og:image:type\" content=\"image\/jpeg\" \/>\n<meta name=\"twitter:card\" content=\"summary_large_image\" \/>\n<meta name=\"twitter:label1\" content=\"Estimated reading time\" \/>\n\t<meta name=\"twitter:data1\" content=\"2 minutes\" \/>\n<script type=\"application\/ld+json\" class=\"yoast-schema-graph\">{\"@context\":\"https:\\\/\\\/schema.org\",\"@graph\":[{\"@type\":\"WebPage\",\"@id\":\"https:\\\/\\\/www.mostra-mi.it\\\/opera\\\/se-un-uomo-e-un-fiore-allora-e-una-peonia\",\"url\":\"https:\\\/\\\/www.mostra-mi.it\\\/opera\\\/se-un-uomo-e-un-fiore-allora-e-una-peonia\",\"name\":\"SE UN UOMO E' UN FIORE, ALLORA E' UNA PEONIA - Mostrami\",\"isPartOf\":{\"@id\":\"https:\\\/\\\/www.mostra-mi.it\\\/#website\"},\"primaryImageOfPage\":{\"@id\":\"https:\\\/\\\/www.mostra-mi.it\\\/opera\\\/se-un-uomo-e-un-fiore-allora-e-una-peonia#primaryimage\"},\"image\":{\"@id\":\"https:\\\/\\\/www.mostra-mi.it\\\/opera\\\/se-un-uomo-e-un-fiore-allora-e-una-peonia#primaryimage\"},\"thumbnailUrl\":\"https:\\\/\\\/www.mostra-mi.it\\\/wp-content\\\/uploads\\\/mostre-mira-savini-16.jpeg\",\"datePublished\":\"2024-07-09T15:48:46+00:00\",\"dateModified\":\"2024-07-09T16:19:42+00:00\",\"description\":\"\\\"Se un uomo \u00e8 un fiore, allora \u00e8 una peonia\\\" \u00e8 un dipinto della giovane artista Mira Savini; una manifestazione di energia maschile in forma femminile.\",\"breadcrumb\":{\"@id\":\"https:\\\/\\\/www.mostra-mi.it\\\/opera\\\/se-un-uomo-e-un-fiore-allora-e-una-peonia#breadcrumb\"},\"inLanguage\":\"en-GB\",\"potentialAction\":[{\"@type\":\"ReadAction\",\"target\":[\"https:\\\/\\\/www.mostra-mi.it\\\/opera\\\/se-un-uomo-e-un-fiore-allora-e-una-peonia\"]}]},{\"@type\":\"ImageObject\",\"inLanguage\":\"en-GB\",\"@id\":\"https:\\\/\\\/www.mostra-mi.it\\\/opera\\\/se-un-uomo-e-un-fiore-allora-e-una-peonia#primaryimage\",\"url\":\"https:\\\/\\\/www.mostra-mi.it\\\/wp-content\\\/uploads\\\/mostre-mira-savini-16.jpeg\",\"contentUrl\":\"https:\\\/\\\/www.mostra-mi.it\\\/wp-content\\\/uploads\\\/mostre-mira-savini-16.jpeg\",\"width\":1080,\"height\":1350,\"caption\":\"giovane artista, dipinti contemporanea, arte contemporanea, arte simbolismo\"},{\"@type\":\"BreadcrumbList\",\"@id\":\"https:\\\/\\\/www.mostra-mi.it\\\/opera\\\/se-un-uomo-e-un-fiore-allora-e-una-peonia#breadcrumb\",\"itemListElement\":[{\"@type\":\"ListItem\",\"position\":1,\"name\":\"Home\",\"item\":\"https:\\\/\\\/www.mostra-mi.it\\\/\"},{\"@type\":\"ListItem\",\"position\":2,\"name\":\"Opere\",\"item\":\"https:\\\/\\\/www.mostra-mi.it\\\/en\\\/opere-mostrami\"},{\"@type\":\"ListItem\",\"position\":3,\"name\":\"SE UN UOMO E&#8217; UN FIORE, ALLORA E&#8217; UNA PEONIA\"}]},{\"@type\":\"WebSite\",\"@id\":\"https:\\\/\\\/www.mostra-mi.it\\\/#website\",\"url\":\"https:\\\/\\\/www.mostra-mi.it\\\/\",\"name\":\"Mostrami\",\"description\":\"Mostrami, galleria che si propone come vetrina per giovani artisti\",\"publisher\":{\"@id\":\"https:\\\/\\\/www.mostra-mi.it\\\/#organization\"},\"potentialAction\":[{\"@type\":\"SearchAction\",\"target\":{\"@type\":\"EntryPoint\",\"urlTemplate\":\"https:\\\/\\\/www.mostra-mi.it\\\/?s={search_term_string}\"},\"query-input\":{\"@type\":\"PropertyValueSpecification\",\"valueRequired\":true,\"valueName\":\"search_term_string\"}}],\"inLanguage\":\"en-GB\"},{\"@type\":\"Organization\",\"@id\":\"https:\\\/\\\/www.mostra-mi.it\\\/#organization\",\"name\":\"Mostrami\",\"url\":\"https:\\\/\\\/www.mostra-mi.it\\\/\",\"logo\":{\"@type\":\"ImageObject\",\"inLanguage\":\"en-GB\",\"@id\":\"https:\\\/\\\/www.mostra-mi.it\\\/#\\\/schema\\\/logo\\\/image\\\/\",\"url\":\"\",\"contentUrl\":\"\",\"caption\":\"Mostrami\"},\"image\":{\"@id\":\"https:\\\/\\\/www.mostra-mi.it\\\/#\\\/schema\\\/logo\\\/image\\\/\"}}]}<\/script>\n<!-- \/ Yoast SEO plugin. -->","yoast_head_json":{"title":"SE UN UOMO E' UN FIORE, ALLORA E' UNA PEONIA - Mostrami","description":"\"Se un uomo \u00e8 un fiore, allora \u00e8 una peonia\" \u00e8 un dipinto della giovane artista Mira Savini; una manifestazione di energia maschile in forma femminile.","robots":{"index":"index","follow":"follow","max-snippet":"max-snippet:-1","max-image-preview":"max-image-preview:large","max-video-preview":"max-video-preview:-1"},"canonical":"https:\/\/www.mostra-mi.it\/en\/opera\/se-un-uomo-e-un-fiore-allora-e-una-peonia\/","og_locale":"en_GB","og_type":"article","og_title":"SE UN UOMO E' UN FIORE, ALLORA E' UNA PEONIA - Mostrami","og_description":"\"Se un uomo \u00e8 un fiore, allora \u00e8 una peonia\" \u00e8 un dipinto della giovane artista Mira Savini; una manifestazione di energia maschile in forma femminile.","og_url":"https:\/\/www.mostra-mi.it\/en\/opera\/se-un-uomo-e-un-fiore-allora-e-una-peonia\/","og_site_name":"Mostrami","article_modified_time":"2024-07-09T16:19:42+00:00","og_image":[{"width":1080,"height":1350,"url":"https:\/\/www.mostra-mi.it\/wp-content\/uploads\/mostre-mira-savini-16.jpeg","type":"image\/jpeg"}],"twitter_card":"summary_large_image","twitter_misc":{"Estimated reading time":"2 minutes"},"schema":{"@context":"https:\/\/schema.org","@graph":[{"@type":"WebPage","@id":"https:\/\/www.mostra-mi.it\/opera\/se-un-uomo-e-un-fiore-allora-e-una-peonia","url":"https:\/\/www.mostra-mi.it\/opera\/se-un-uomo-e-un-fiore-allora-e-una-peonia","name":"SE UN UOMO E' UN FIORE, ALLORA E' UNA PEONIA - Mostrami","isPartOf":{"@id":"https:\/\/www.mostra-mi.it\/#website"},"primaryImageOfPage":{"@id":"https:\/\/www.mostra-mi.it\/opera\/se-un-uomo-e-un-fiore-allora-e-una-peonia#primaryimage"},"image":{"@id":"https:\/\/www.mostra-mi.it\/opera\/se-un-uomo-e-un-fiore-allora-e-una-peonia#primaryimage"},"thumbnailUrl":"https:\/\/www.mostra-mi.it\/wp-content\/uploads\/mostre-mira-savini-16.jpeg","datePublished":"2024-07-09T15:48:46+00:00","dateModified":"2024-07-09T16:19:42+00:00","description":"\"Se un uomo \u00e8 un fiore, allora \u00e8 una peonia\" \u00e8 un dipinto della giovane artista Mira Savini; una manifestazione di energia maschile in forma femminile.","breadcrumb":{"@id":"https:\/\/www.mostra-mi.it\/opera\/se-un-uomo-e-un-fiore-allora-e-una-peonia#breadcrumb"},"inLanguage":"en-GB","potentialAction":[{"@type":"ReadAction","target":["https:\/\/www.mostra-mi.it\/opera\/se-un-uomo-e-un-fiore-allora-e-una-peonia"]}]},{"@type":"ImageObject","inLanguage":"en-GB","@id":"https:\/\/www.mostra-mi.it\/opera\/se-un-uomo-e-un-fiore-allora-e-una-peonia#primaryimage","url":"https:\/\/www.mostra-mi.it\/wp-content\/uploads\/mostre-mira-savini-16.jpeg","contentUrl":"https:\/\/www.mostra-mi.it\/wp-content\/uploads\/mostre-mira-savini-16.jpeg","width":1080,"height":1350,"caption":"giovane artista, dipinti contemporanea, arte contemporanea, arte simbolismo"},{"@type":"BreadcrumbList","@id":"https:\/\/www.mostra-mi.it\/opera\/se-un-uomo-e-un-fiore-allora-e-una-peonia#breadcrumb","itemListElement":[{"@type":"ListItem","position":1,"name":"Home","item":"https:\/\/www.mostra-mi.it\/"},{"@type":"ListItem","position":2,"name":"Opere","item":"https:\/\/www.mostra-mi.it\/en\/opere-mostrami"},{"@type":"ListItem","position":3,"name":"SE UN UOMO E&#8217; UN FIORE, ALLORA E&#8217; UNA PEONIA"}]},{"@type":"WebSite","@id":"https:\/\/www.mostra-mi.it\/#website","url":"https:\/\/www.mostra-mi.it\/","name":"Mostrami","description":"Mostrami, galleria che si propone come vetrina per giovani artisti","publisher":{"@id":"https:\/\/www.mostra-mi.it\/#organization"},"potentialAction":[{"@type":"SearchAction","target":{"@type":"EntryPoint","urlTemplate":"https:\/\/www.mostra-mi.it\/?s={search_term_string}"},"query-input":{"@type":"PropertyValueSpecification","valueRequired":true,"valueName":"search_term_string"}}],"inLanguage":"en-GB"},{"@type":"Organization","@id":"https:\/\/www.mostra-mi.it\/#organization","name":"Mostrami","url":"https:\/\/www.mostra-mi.it\/","logo":{"@type":"ImageObject","inLanguage":"en-GB","@id":"https:\/\/www.mostra-mi.it\/#\/schema\/logo\/image\/","url":"","contentUrl":"","caption":"Mostrami"},"image":{"@id":"https:\/\/www.mostra-mi.it\/#\/schema\/logo\/image\/"}}]}},"_links":{"self":[{"href":"https:\/\/www.mostra-mi.it\/en\/wp-json\/wp\/v2\/product\/45697","targetHints":{"allow":["GET"]}}],"collection":[{"href":"https:\/\/www.mostra-mi.it\/en\/wp-json\/wp\/v2\/product"}],"about":[{"href":"https:\/\/www.mostra-mi.it\/en\/wp-json\/wp\/v2\/types\/product"}],"wp:featuredmedia":[{"embeddable":true,"href":"https:\/\/www.mostra-mi.it\/en\/wp-json\/wp\/v2\/media\/45660"}],"wp:attachment":[{"href":"https:\/\/www.mostra-mi.it\/en\/wp-json\/wp\/v2\/media?parent=45697"}],"wp:term":[{"taxonomy":"product_brand","embeddable":true,"href":"https:\/\/www.mostra-mi.it\/en\/wp-json\/wp\/v2\/product_brand?post=45697"},{"taxonomy":"product_cat","embeddable":true,"href":"https:\/\/www.mostra-mi.it\/en\/wp-json\/wp\/v2\/product_cat?post=45697"},{"taxonomy":"product_tag","embeddable":true,"href":"https:\/\/www.mostra-mi.it\/en\/wp-json\/wp\/v2\/product_tag?post=45697"}],"curies":[{"name":"wp","href":"https:\/\/api.w.org\/{rel}","templated":true}]}}