{"id":44683,"date":"2023-05-03T16:38:11","date_gmt":"2023-05-03T14:38:11","guid":{"rendered":"https:\/\/mostra-mi.it\/?post_type=product&#038;p=44683"},"modified":"2023-05-03T19:14:10","modified_gmt":"2023-05-03T17:14:10","slug":"nostalgia","status":"publish","type":"product","link":"https:\/\/www.mostra-mi.it\/en\/opera\/nostalgia","title":{"rendered":"Nostalgia"},"content":{"rendered":"<p>\u201cNostalgia\u201d, disegno digitale, 2023<br \/>\nDimensioni e stampa variabili (carta, pannello, tela)<\/p>\n<p>&nbsp;<\/p>\n<p>&nbsp;<\/p>\n<h1>Artist Statement<\/h1>\n<p>Il mio progetto \u201cBlack_Woman\u201d, nasce dall\u2019esigenza di raccontare storie, emozioni e sentimenti. Realizzo<strong>\u00a0illustrazioni digitali<\/strong> in bianco e nero perch\u00e8 \u00e8 cos\u00ec che vedo la vita.<br \/>\nLa figura umana femminile \u00e8 caratterizzata dall\u2019aggiunta di elementi diversi tra loro naturali e non, che non sono altro che metafore. Questi innesti permettono all\u2019osservatore di capire il vero significato dell\u2019immagine cos\u00ed da immergersi completamente nei miei racconti e immedesimarsi.<\/p>\n<p>Le mie donne sono tante piccole parti di me, ma anche quelle di tante altre persone. Racconto momenti di vita, emozioni che ognuno di noi affronta con tratti gentili e senza sentire l\u2019esigenza di usare altri colore.<\/p>\n<p>I fiori, ma non solo, sono un tratto distintivo delle mie immagini. Simbolo di speranza di rinascita si integrano con le mie figure diventando una parte importante dell\u2019 opera stessa.\u00a0Ma non solo fiori, anche altri elementi mi permettono di raccontare storie.<br \/>\nRacconto le ferite che si cerca di nascondere ed non apparire fragili, racconto l\u2019amore, la solitudine, le fragilit\u00e0 che magari tentiamo di nascondere.<br \/>\nLe mie opere quindi raccontano storie, la mia storia, quella che sono e raccontano le storie anche di chi le osserva.<br \/>\nLe mie Donne dai tratti gentili mi danno la possibilit\u00e0 di raccontare storie, emozioni permettendo a chi le sta vivendo, le ha vissute la possibilit\u00e0 di ritrovarsi, ritrovando anche un pezzo di me.<\/p>","protected":false},"excerpt":{"rendered":"<p>\u201cNostalgia\u201d, disegno digitale, 2023 Dimensioni e stampa variabili (carta, pannello, tela) &nbsp; &nbsp; Artist Statement Il mio progetto \u201cBlack_Woman\u201d, nasce dall\u2019esigenza di raccontare storie, emozioni e sentimenti. Realizzo\u00a0illustrazioni digitali in bianco e nero perch\u00e8 \u00e8 cos\u00ec che vedo la vita&#8230;.<\/p>","protected":false},"featured_media":44684,"template":"","meta":[],"product_brand":[],"product_cat":[881],"product_tag":[2763,2764,2765,2766],"class_list":{"0":"post-44683","1":"product","2":"type-product","3":"status-publish","4":"has-post-thumbnail","6":"product_cat-digital-art-it","7":"product_tag-illustrazioni-digitali","8":"product_tag-artista-emergente-contemporanea","9":"product_tag-illustratrice-digitale","10":"product_tag-arte-emergente-contemporanea","11":"pa_colore-prevalente-nero","12":"pa_colore-prevalente-bianco","13":"pa_soggetto-donna","14":"pa_stile-opera-bianco-e-nero","15":"pa_tipologia-opera-disegno-illustrazione","17":"first","18":"instock","19":"shipping-taxable","20":"product-type-simple"},"yoast_head":"<!-- This site is optimized with the Yoast SEO plugin v27.3 - https:\/\/yoast.com\/product\/yoast-seo-wordpress\/ -->\n<title>Nostalgia - Mostrami<\/title>\n<meta name=\"description\" content=\"Il mio progetto \u201cBlack_Woman\u201d, nasce dall\u2019esigenza di raccontare storie, emozioni e sentimenti. Valentina Albanese realizza\u00a0illustrazioni digitali...\" \/>\n<meta name=\"robots\" content=\"index, follow, max-snippet:-1, max-image-preview:large, max-video-preview:-1\" \/>\n<link rel=\"canonical\" href=\"https:\/\/www.mostra-mi.it\/en\/opera\/nostalgia\/\" \/>\n<meta property=\"og:locale\" content=\"en_GB\" \/>\n<meta property=\"og:type\" content=\"article\" \/>\n<meta property=\"og:title\" content=\"Nostalgia - Mostrami\" \/>\n<meta property=\"og:description\" content=\"Il mio progetto \u201cBlack_Woman\u201d, nasce dall\u2019esigenza di raccontare storie, emozioni e sentimenti. Valentina Albanese realizza\u00a0illustrazioni digitali...\" \/>\n<meta property=\"og:url\" content=\"https:\/\/www.mostra-mi.it\/en\/opera\/nostalgia\/\" \/>\n<meta property=\"og:site_name\" content=\"Mostrami\" \/>\n<meta property=\"article:modified_time\" content=\"2023-05-03T17:14:10+00:00\" \/>\n<meta property=\"og:image\" content=\"https:\/\/www.mostra-mi.it\/wp-content\/uploads\/illustrazioni-digitali-arte-emergente-mostrami-scaled.jpg\" \/>\n\t<meta property=\"og:image:width\" content=\"1768\" \/>\n\t<meta property=\"og:image:height\" content=\"2560\" \/>\n\t<meta property=\"og:image:type\" content=\"image\/jpeg\" \/>\n<meta name=\"twitter:card\" content=\"summary_large_image\" \/>\n<meta name=\"twitter:label1\" content=\"Estimated reading time\" \/>\n\t<meta name=\"twitter:data1\" content=\"2 minutes\" \/>\n<script type=\"application\/ld+json\" class=\"yoast-schema-graph\">{\"@context\":\"https:\\\/\\\/schema.org\",\"@graph\":[{\"@type\":\"WebPage\",\"@id\":\"https:\\\/\\\/www.mostra-mi.it\\\/opera\\\/nostalgia\",\"url\":\"https:\\\/\\\/www.mostra-mi.it\\\/opera\\\/nostalgia\",\"name\":\"Nostalgia - Mostrami\",\"isPartOf\":{\"@id\":\"https:\\\/\\\/www.mostra-mi.it\\\/#website\"},\"primaryImageOfPage\":{\"@id\":\"https:\\\/\\\/www.mostra-mi.it\\\/opera\\\/nostalgia#primaryimage\"},\"image\":{\"@id\":\"https:\\\/\\\/www.mostra-mi.it\\\/opera\\\/nostalgia#primaryimage\"},\"thumbnailUrl\":\"https:\\\/\\\/www.mostra-mi.it\\\/wp-content\\\/uploads\\\/illustrazioni-digitali-arte-emergente-mostrami-scaled.jpg\",\"datePublished\":\"2023-05-03T14:38:11+00:00\",\"dateModified\":\"2023-05-03T17:14:10+00:00\",\"description\":\"Il mio progetto \u201cBlack_Woman\u201d, nasce dall\u2019esigenza di raccontare storie, emozioni e sentimenti. Valentina Albanese realizza\u00a0illustrazioni digitali...\",\"breadcrumb\":{\"@id\":\"https:\\\/\\\/www.mostra-mi.it\\\/opera\\\/nostalgia#breadcrumb\"},\"inLanguage\":\"en-GB\",\"potentialAction\":[{\"@type\":\"ReadAction\",\"target\":[\"https:\\\/\\\/www.mostra-mi.it\\\/opera\\\/nostalgia\"]}]},{\"@type\":\"ImageObject\",\"inLanguage\":\"en-GB\",\"@id\":\"https:\\\/\\\/www.mostra-mi.it\\\/opera\\\/nostalgia#primaryimage\",\"url\":\"https:\\\/\\\/www.mostra-mi.it\\\/wp-content\\\/uploads\\\/illustrazioni-digitali-arte-emergente-mostrami-scaled.jpg\",\"contentUrl\":\"https:\\\/\\\/www.mostra-mi.it\\\/wp-content\\\/uploads\\\/illustrazioni-digitali-arte-emergente-mostrami-scaled.jpg\",\"width\":1768,\"height\":2560,\"caption\":\"illustrazioni digitali arte emergente mostrami\"},{\"@type\":\"BreadcrumbList\",\"@id\":\"https:\\\/\\\/www.mostra-mi.it\\\/opera\\\/nostalgia#breadcrumb\",\"itemListElement\":[{\"@type\":\"ListItem\",\"position\":1,\"name\":\"Home\",\"item\":\"https:\\\/\\\/www.mostra-mi.it\\\/\"},{\"@type\":\"ListItem\",\"position\":2,\"name\":\"Opere\",\"item\":\"https:\\\/\\\/www.mostra-mi.it\\\/en\\\/opere-mostrami\"},{\"@type\":\"ListItem\",\"position\":3,\"name\":\"Nostalgia\"}]},{\"@type\":\"WebSite\",\"@id\":\"https:\\\/\\\/www.mostra-mi.it\\\/#website\",\"url\":\"https:\\\/\\\/www.mostra-mi.it\\\/\",\"name\":\"Mostrami\",\"description\":\"Mostrami, galleria che si propone come vetrina per giovani artisti\",\"publisher\":{\"@id\":\"https:\\\/\\\/www.mostra-mi.it\\\/#organization\"},\"potentialAction\":[{\"@type\":\"SearchAction\",\"target\":{\"@type\":\"EntryPoint\",\"urlTemplate\":\"https:\\\/\\\/www.mostra-mi.it\\\/?s={search_term_string}\"},\"query-input\":{\"@type\":\"PropertyValueSpecification\",\"valueRequired\":true,\"valueName\":\"search_term_string\"}}],\"inLanguage\":\"en-GB\"},{\"@type\":\"Organization\",\"@id\":\"https:\\\/\\\/www.mostra-mi.it\\\/#organization\",\"name\":\"Mostrami\",\"url\":\"https:\\\/\\\/www.mostra-mi.it\\\/\",\"logo\":{\"@type\":\"ImageObject\",\"inLanguage\":\"en-GB\",\"@id\":\"https:\\\/\\\/www.mostra-mi.it\\\/#\\\/schema\\\/logo\\\/image\\\/\",\"url\":\"\",\"contentUrl\":\"\",\"caption\":\"Mostrami\"},\"image\":{\"@id\":\"https:\\\/\\\/www.mostra-mi.it\\\/#\\\/schema\\\/logo\\\/image\\\/\"}}]}<\/script>\n<!-- \/ Yoast SEO plugin. -->","yoast_head_json":{"title":"Nostalgia - Mostrami","description":"Il mio progetto \u201cBlack_Woman\u201d, nasce dall\u2019esigenza di raccontare storie, emozioni e sentimenti. Valentina Albanese realizza\u00a0illustrazioni digitali...","robots":{"index":"index","follow":"follow","max-snippet":"max-snippet:-1","max-image-preview":"max-image-preview:large","max-video-preview":"max-video-preview:-1"},"canonical":"https:\/\/www.mostra-mi.it\/en\/opera\/nostalgia\/","og_locale":"en_GB","og_type":"article","og_title":"Nostalgia - Mostrami","og_description":"Il mio progetto \u201cBlack_Woman\u201d, nasce dall\u2019esigenza di raccontare storie, emozioni e sentimenti. Valentina Albanese realizza\u00a0illustrazioni digitali...","og_url":"https:\/\/www.mostra-mi.it\/en\/opera\/nostalgia\/","og_site_name":"Mostrami","article_modified_time":"2023-05-03T17:14:10+00:00","og_image":[{"width":1768,"height":2560,"url":"https:\/\/www.mostra-mi.it\/wp-content\/uploads\/illustrazioni-digitali-arte-emergente-mostrami-scaled.jpg","type":"image\/jpeg"}],"twitter_card":"summary_large_image","twitter_misc":{"Estimated reading time":"2 minutes"},"schema":{"@context":"https:\/\/schema.org","@graph":[{"@type":"WebPage","@id":"https:\/\/www.mostra-mi.it\/opera\/nostalgia","url":"https:\/\/www.mostra-mi.it\/opera\/nostalgia","name":"Nostalgia - Mostrami","isPartOf":{"@id":"https:\/\/www.mostra-mi.it\/#website"},"primaryImageOfPage":{"@id":"https:\/\/www.mostra-mi.it\/opera\/nostalgia#primaryimage"},"image":{"@id":"https:\/\/www.mostra-mi.it\/opera\/nostalgia#primaryimage"},"thumbnailUrl":"https:\/\/www.mostra-mi.it\/wp-content\/uploads\/illustrazioni-digitali-arte-emergente-mostrami-scaled.jpg","datePublished":"2023-05-03T14:38:11+00:00","dateModified":"2023-05-03T17:14:10+00:00","description":"Il mio progetto \u201cBlack_Woman\u201d, nasce dall\u2019esigenza di raccontare storie, emozioni e sentimenti. Valentina Albanese realizza\u00a0illustrazioni digitali...","breadcrumb":{"@id":"https:\/\/www.mostra-mi.it\/opera\/nostalgia#breadcrumb"},"inLanguage":"en-GB","potentialAction":[{"@type":"ReadAction","target":["https:\/\/www.mostra-mi.it\/opera\/nostalgia"]}]},{"@type":"ImageObject","inLanguage":"en-GB","@id":"https:\/\/www.mostra-mi.it\/opera\/nostalgia#primaryimage","url":"https:\/\/www.mostra-mi.it\/wp-content\/uploads\/illustrazioni-digitali-arte-emergente-mostrami-scaled.jpg","contentUrl":"https:\/\/www.mostra-mi.it\/wp-content\/uploads\/illustrazioni-digitali-arte-emergente-mostrami-scaled.jpg","width":1768,"height":2560,"caption":"illustrazioni digitali arte emergente mostrami"},{"@type":"BreadcrumbList","@id":"https:\/\/www.mostra-mi.it\/opera\/nostalgia#breadcrumb","itemListElement":[{"@type":"ListItem","position":1,"name":"Home","item":"https:\/\/www.mostra-mi.it\/"},{"@type":"ListItem","position":2,"name":"Opere","item":"https:\/\/www.mostra-mi.it\/en\/opere-mostrami"},{"@type":"ListItem","position":3,"name":"Nostalgia"}]},{"@type":"WebSite","@id":"https:\/\/www.mostra-mi.it\/#website","url":"https:\/\/www.mostra-mi.it\/","name":"Mostrami","description":"Mostrami, galleria che si propone come vetrina per giovani artisti","publisher":{"@id":"https:\/\/www.mostra-mi.it\/#organization"},"potentialAction":[{"@type":"SearchAction","target":{"@type":"EntryPoint","urlTemplate":"https:\/\/www.mostra-mi.it\/?s={search_term_string}"},"query-input":{"@type":"PropertyValueSpecification","valueRequired":true,"valueName":"search_term_string"}}],"inLanguage":"en-GB"},{"@type":"Organization","@id":"https:\/\/www.mostra-mi.it\/#organization","name":"Mostrami","url":"https:\/\/www.mostra-mi.it\/","logo":{"@type":"ImageObject","inLanguage":"en-GB","@id":"https:\/\/www.mostra-mi.it\/#\/schema\/logo\/image\/","url":"","contentUrl":"","caption":"Mostrami"},"image":{"@id":"https:\/\/www.mostra-mi.it\/#\/schema\/logo\/image\/"}}]}},"_links":{"self":[{"href":"https:\/\/www.mostra-mi.it\/en\/wp-json\/wp\/v2\/product\/44683","targetHints":{"allow":["GET"]}}],"collection":[{"href":"https:\/\/www.mostra-mi.it\/en\/wp-json\/wp\/v2\/product"}],"about":[{"href":"https:\/\/www.mostra-mi.it\/en\/wp-json\/wp\/v2\/types\/product"}],"wp:featuredmedia":[{"embeddable":true,"href":"https:\/\/www.mostra-mi.it\/en\/wp-json\/wp\/v2\/media\/44684"}],"wp:attachment":[{"href":"https:\/\/www.mostra-mi.it\/en\/wp-json\/wp\/v2\/media?parent=44683"}],"wp:term":[{"taxonomy":"product_brand","embeddable":true,"href":"https:\/\/www.mostra-mi.it\/en\/wp-json\/wp\/v2\/product_brand?post=44683"},{"taxonomy":"product_cat","embeddable":true,"href":"https:\/\/www.mostra-mi.it\/en\/wp-json\/wp\/v2\/product_cat?post=44683"},{"taxonomy":"product_tag","embeddable":true,"href":"https:\/\/www.mostra-mi.it\/en\/wp-json\/wp\/v2\/product_tag?post=44683"}],"curies":[{"name":"wp","href":"https:\/\/api.w.org\/{rel}","templated":true}]}}