{"id":44145,"date":"2023-02-23T18:51:41","date_gmt":"2023-02-23T17:51:41","guid":{"rendered":"https:\/\/mostra-mi.it\/?post_type=product&#038;p=44145"},"modified":"2023-02-23T21:45:17","modified_gmt":"2023-02-23T20:45:17","slug":"oracoli","status":"publish","type":"product","link":"https:\/\/www.mostra-mi.it\/en\/opera\/oracoli","title":{"rendered":"Oracoli"},"content":{"rendered":"<p><em><strong>Oracoli<\/strong><\/em>, 2020<\/p>\n<p><em>Oracoli<\/em>\u00a0\u00e8 una <strong>video installazione<\/strong> che mostra un trittico di immagini in movimento, sormontate da un&#8217;immagine pi\u00f9 grande, che domina l&#8217;intera composizione.<\/p>\n<p>L&#8217;opera rappresenta gli &#8220;Oracoli&#8221;, entit\u00e0 senza tempo concepite dall&#8217;immaginazione dell&#8217;artista, che si dice risveglino visioni spirituali sull&#8217;Universo, illuminando la creatura che le osserva. Ogni singolo Oracolo raffigura un ambiente naturale diverso; quelli presenti attraverso quest&#8217;opera sono il suolo, il mare e il cielo, mostrando elementi naturali come terra, acqua e aria. L&#8217;Oracolo in cima al trittico \u00e8 il pi\u00f9 grande dell&#8217;intera composizione, e mostra un altro elemento naturale diverso, il corpo umano, che appartiene alle uniche creature in grado di vivere e comprendere veramente le visioni degli Oracoli.<\/p>\n<p>La scelta di singole immagini in movimento rispetto a video veri e propri \u00e8 preferita dall&#8217;artista per creare un&#8217;esperienza pi\u00f9 surreale; l&#8217;audio che accompagna la video installazione \u00e8 costituito da diversi suoni dell&#8217;oceano.<\/p>\n<p>Lo scopo dell&#8217;opera \u00e8 quello di indurre uno stato di meditazione nello spettatore, risvegliando una consapevolezza pi\u00f9 profonda; una catarsi, come conseguenza di uno stato d&#8217;animo spiritualmente pi\u00f9 profondo, verso la natura circostante e l\u2019Universo infinito.<\/p>\n<p>&nbsp;<\/p>","protected":false},"excerpt":{"rendered":"<p>Oracoli, 2020 Oracoli\u00a0\u00e8 una video installazione che mostra un trittico di immagini in movimento, sormontate da un&#8217;immagine pi\u00f9 grande, che domina l&#8217;intera composizione. L&#8217;opera rappresenta gli &#8220;Oracoli&#8221;, entit\u00e0 senza tempo concepite dall&#8217;immaginazione dell&#8217;artista, che si dice risveglino visioni spirituali sull&#8217;Universo,&#8230;<\/p>","protected":false},"featured_media":44146,"template":"","meta":[],"product_brand":[],"product_cat":[1789],"product_tag":[1247,1885,2632,2633],"class_list":{"0":"post-44145","1":"product","2":"type-product","3":"status-publish","4":"has-post-thumbnail","6":"product_cat-videoarte","7":"product_tag-fotografia","8":"product_tag-arte","9":"product_tag-video","10":"product_tag-installazione","11":"pa_colore-prevalente-rosso","12":"pa_colore-prevalente-nero","13":"pa_colore-prevalente-blu","14":"pa_colore-prevalente-arancione","15":"pa_colore-prevalente-giallo","16":"pa_tipologia-opera-videoart","17":"pa_tipologia-opera-installazione-sonora","19":"first","20":"instock","21":"shipping-taxable","22":"product-type-simple"},"yoast_head":"<!-- This site is optimized with the Yoast SEO plugin v27.3 - https:\/\/yoast.com\/product\/yoast-seo-wordpress\/ -->\n<title>Oracoli - Mostrami<\/title>\n<meta name=\"description\" content=\"&#039;Oracoli, 2020&#039;\u00a0\u00e8 una video installazione che mostra un trittico di immagini in movimento. Scopri di pi\u00f9 sull&#039;opera dell&#039;artista Alessandro Rava!\" \/>\n<meta name=\"robots\" content=\"index, follow, max-snippet:-1, max-image-preview:large, max-video-preview:-1\" \/>\n<link rel=\"canonical\" href=\"https:\/\/www.mostra-mi.it\/en\/opera\/oracoli\/\" \/>\n<meta property=\"og:locale\" content=\"en_GB\" \/>\n<meta property=\"og:type\" content=\"article\" \/>\n<meta property=\"og:title\" content=\"Oracoli - Mostrami\" \/>\n<meta property=\"og:description\" content=\"&#039;Oracoli, 2020&#039;\u00a0\u00e8 una video installazione che mostra un trittico di immagini in movimento. Scopri di pi\u00f9 sull&#039;opera dell&#039;artista Alessandro Rava!\" \/>\n<meta property=\"og:url\" content=\"https:\/\/www.mostra-mi.it\/en\/opera\/oracoli\/\" \/>\n<meta property=\"og:site_name\" content=\"Mostrami\" \/>\n<meta property=\"article:modified_time\" content=\"2023-02-23T20:45:17+00:00\" \/>\n<meta property=\"og:image\" content=\"https:\/\/www.mostra-mi.it\/wp-content\/uploads\/Oracles-Verdict.jpg\" \/>\n\t<meta property=\"og:image:width\" content=\"1134\" \/>\n\t<meta property=\"og:image:height\" content=\"1134\" \/>\n\t<meta property=\"og:image:type\" content=\"image\/jpeg\" \/>\n<meta name=\"twitter:card\" content=\"summary_large_image\" \/>\n<meta name=\"twitter:label1\" content=\"Estimated reading time\" \/>\n\t<meta name=\"twitter:data1\" content=\"1 minute\" \/>\n<script type=\"application\/ld+json\" class=\"yoast-schema-graph\">{\"@context\":\"https:\\\/\\\/schema.org\",\"@graph\":[{\"@type\":\"WebPage\",\"@id\":\"https:\\\/\\\/www.mostra-mi.it\\\/opera\\\/oracoli\",\"url\":\"https:\\\/\\\/www.mostra-mi.it\\\/opera\\\/oracoli\",\"name\":\"Oracoli - Mostrami\",\"isPartOf\":{\"@id\":\"https:\\\/\\\/www.mostra-mi.it\\\/#website\"},\"primaryImageOfPage\":{\"@id\":\"https:\\\/\\\/www.mostra-mi.it\\\/opera\\\/oracoli#primaryimage\"},\"image\":{\"@id\":\"https:\\\/\\\/www.mostra-mi.it\\\/opera\\\/oracoli#primaryimage\"},\"thumbnailUrl\":\"https:\\\/\\\/www.mostra-mi.it\\\/wp-content\\\/uploads\\\/Oracles-Verdict.jpg\",\"datePublished\":\"2023-02-23T17:51:41+00:00\",\"dateModified\":\"2023-02-23T20:45:17+00:00\",\"description\":\"'Oracoli, 2020'\u00a0\u00e8 una video installazione che mostra un trittico di immagini in movimento. Scopri di pi\u00f9 sull'opera dell'artista Alessandro Rava!\",\"breadcrumb\":{\"@id\":\"https:\\\/\\\/www.mostra-mi.it\\\/opera\\\/oracoli#breadcrumb\"},\"inLanguage\":\"en-GB\",\"potentialAction\":[{\"@type\":\"ReadAction\",\"target\":[\"https:\\\/\\\/www.mostra-mi.it\\\/opera\\\/oracoli\"]}]},{\"@type\":\"ImageObject\",\"inLanguage\":\"en-GB\",\"@id\":\"https:\\\/\\\/www.mostra-mi.it\\\/opera\\\/oracoli#primaryimage\",\"url\":\"https:\\\/\\\/www.mostra-mi.it\\\/wp-content\\\/uploads\\\/Oracles-Verdict.jpg\",\"contentUrl\":\"https:\\\/\\\/www.mostra-mi.it\\\/wp-content\\\/uploads\\\/Oracles-Verdict.jpg\",\"width\":1134,\"height\":1134},{\"@type\":\"BreadcrumbList\",\"@id\":\"https:\\\/\\\/www.mostra-mi.it\\\/opera\\\/oracoli#breadcrumb\",\"itemListElement\":[{\"@type\":\"ListItem\",\"position\":1,\"name\":\"Home\",\"item\":\"https:\\\/\\\/www.mostra-mi.it\\\/\"},{\"@type\":\"ListItem\",\"position\":2,\"name\":\"Opere\",\"item\":\"https:\\\/\\\/www.mostra-mi.it\\\/en\\\/opere-mostrami\"},{\"@type\":\"ListItem\",\"position\":3,\"name\":\"Oracoli\"}]},{\"@type\":\"WebSite\",\"@id\":\"https:\\\/\\\/www.mostra-mi.it\\\/#website\",\"url\":\"https:\\\/\\\/www.mostra-mi.it\\\/\",\"name\":\"Mostrami\",\"description\":\"Mostrami, galleria che si propone come vetrina per giovani artisti\",\"publisher\":{\"@id\":\"https:\\\/\\\/www.mostra-mi.it\\\/#organization\"},\"potentialAction\":[{\"@type\":\"SearchAction\",\"target\":{\"@type\":\"EntryPoint\",\"urlTemplate\":\"https:\\\/\\\/www.mostra-mi.it\\\/?s={search_term_string}\"},\"query-input\":{\"@type\":\"PropertyValueSpecification\",\"valueRequired\":true,\"valueName\":\"search_term_string\"}}],\"inLanguage\":\"en-GB\"},{\"@type\":\"Organization\",\"@id\":\"https:\\\/\\\/www.mostra-mi.it\\\/#organization\",\"name\":\"Mostrami\",\"url\":\"https:\\\/\\\/www.mostra-mi.it\\\/\",\"logo\":{\"@type\":\"ImageObject\",\"inLanguage\":\"en-GB\",\"@id\":\"https:\\\/\\\/www.mostra-mi.it\\\/#\\\/schema\\\/logo\\\/image\\\/\",\"url\":\"\",\"contentUrl\":\"\",\"caption\":\"Mostrami\"},\"image\":{\"@id\":\"https:\\\/\\\/www.mostra-mi.it\\\/#\\\/schema\\\/logo\\\/image\\\/\"}}]}<\/script>\n<!-- \/ Yoast SEO plugin. -->","yoast_head_json":{"title":"Oracoli - Mostrami","description":"'Oracoli, 2020'\u00a0\u00e8 una video installazione che mostra un trittico di immagini in movimento. Scopri di pi\u00f9 sull'opera dell'artista Alessandro Rava!","robots":{"index":"index","follow":"follow","max-snippet":"max-snippet:-1","max-image-preview":"max-image-preview:large","max-video-preview":"max-video-preview:-1"},"canonical":"https:\/\/www.mostra-mi.it\/en\/opera\/oracoli\/","og_locale":"en_GB","og_type":"article","og_title":"Oracoli - Mostrami","og_description":"'Oracoli, 2020'\u00a0\u00e8 una video installazione che mostra un trittico di immagini in movimento. Scopri di pi\u00f9 sull'opera dell'artista Alessandro Rava!","og_url":"https:\/\/www.mostra-mi.it\/en\/opera\/oracoli\/","og_site_name":"Mostrami","article_modified_time":"2023-02-23T20:45:17+00:00","og_image":[{"width":1134,"height":1134,"url":"https:\/\/www.mostra-mi.it\/wp-content\/uploads\/Oracles-Verdict.jpg","type":"image\/jpeg"}],"twitter_card":"summary_large_image","twitter_misc":{"Estimated reading time":"1 minute"},"schema":{"@context":"https:\/\/schema.org","@graph":[{"@type":"WebPage","@id":"https:\/\/www.mostra-mi.it\/opera\/oracoli","url":"https:\/\/www.mostra-mi.it\/opera\/oracoli","name":"Oracoli - Mostrami","isPartOf":{"@id":"https:\/\/www.mostra-mi.it\/#website"},"primaryImageOfPage":{"@id":"https:\/\/www.mostra-mi.it\/opera\/oracoli#primaryimage"},"image":{"@id":"https:\/\/www.mostra-mi.it\/opera\/oracoli#primaryimage"},"thumbnailUrl":"https:\/\/www.mostra-mi.it\/wp-content\/uploads\/Oracles-Verdict.jpg","datePublished":"2023-02-23T17:51:41+00:00","dateModified":"2023-02-23T20:45:17+00:00","description":"'Oracoli, 2020'\u00a0\u00e8 una video installazione che mostra un trittico di immagini in movimento. Scopri di pi\u00f9 sull'opera dell'artista Alessandro Rava!","breadcrumb":{"@id":"https:\/\/www.mostra-mi.it\/opera\/oracoli#breadcrumb"},"inLanguage":"en-GB","potentialAction":[{"@type":"ReadAction","target":["https:\/\/www.mostra-mi.it\/opera\/oracoli"]}]},{"@type":"ImageObject","inLanguage":"en-GB","@id":"https:\/\/www.mostra-mi.it\/opera\/oracoli#primaryimage","url":"https:\/\/www.mostra-mi.it\/wp-content\/uploads\/Oracles-Verdict.jpg","contentUrl":"https:\/\/www.mostra-mi.it\/wp-content\/uploads\/Oracles-Verdict.jpg","width":1134,"height":1134},{"@type":"BreadcrumbList","@id":"https:\/\/www.mostra-mi.it\/opera\/oracoli#breadcrumb","itemListElement":[{"@type":"ListItem","position":1,"name":"Home","item":"https:\/\/www.mostra-mi.it\/"},{"@type":"ListItem","position":2,"name":"Opere","item":"https:\/\/www.mostra-mi.it\/en\/opere-mostrami"},{"@type":"ListItem","position":3,"name":"Oracoli"}]},{"@type":"WebSite","@id":"https:\/\/www.mostra-mi.it\/#website","url":"https:\/\/www.mostra-mi.it\/","name":"Mostrami","description":"Mostrami, galleria che si propone come vetrina per giovani artisti","publisher":{"@id":"https:\/\/www.mostra-mi.it\/#organization"},"potentialAction":[{"@type":"SearchAction","target":{"@type":"EntryPoint","urlTemplate":"https:\/\/www.mostra-mi.it\/?s={search_term_string}"},"query-input":{"@type":"PropertyValueSpecification","valueRequired":true,"valueName":"search_term_string"}}],"inLanguage":"en-GB"},{"@type":"Organization","@id":"https:\/\/www.mostra-mi.it\/#organization","name":"Mostrami","url":"https:\/\/www.mostra-mi.it\/","logo":{"@type":"ImageObject","inLanguage":"en-GB","@id":"https:\/\/www.mostra-mi.it\/#\/schema\/logo\/image\/","url":"","contentUrl":"","caption":"Mostrami"},"image":{"@id":"https:\/\/www.mostra-mi.it\/#\/schema\/logo\/image\/"}}]}},"_links":{"self":[{"href":"https:\/\/www.mostra-mi.it\/en\/wp-json\/wp\/v2\/product\/44145","targetHints":{"allow":["GET"]}}],"collection":[{"href":"https:\/\/www.mostra-mi.it\/en\/wp-json\/wp\/v2\/product"}],"about":[{"href":"https:\/\/www.mostra-mi.it\/en\/wp-json\/wp\/v2\/types\/product"}],"wp:featuredmedia":[{"embeddable":true,"href":"https:\/\/www.mostra-mi.it\/en\/wp-json\/wp\/v2\/media\/44146"}],"wp:attachment":[{"href":"https:\/\/www.mostra-mi.it\/en\/wp-json\/wp\/v2\/media?parent=44145"}],"wp:term":[{"taxonomy":"product_brand","embeddable":true,"href":"https:\/\/www.mostra-mi.it\/en\/wp-json\/wp\/v2\/product_brand?post=44145"},{"taxonomy":"product_cat","embeddable":true,"href":"https:\/\/www.mostra-mi.it\/en\/wp-json\/wp\/v2\/product_cat?post=44145"},{"taxonomy":"product_tag","embeddable":true,"href":"https:\/\/www.mostra-mi.it\/en\/wp-json\/wp\/v2\/product_tag?post=44145"}],"curies":[{"name":"wp","href":"https:\/\/api.w.org\/{rel}","templated":true}]}}