{"id":44017,"date":"2023-02-17T19:58:16","date_gmt":"2023-02-17T18:58:16","guid":{"rendered":"https:\/\/mostra-mi.it\/?post_type=product&#038;p=44017"},"modified":"2023-02-17T19:58:17","modified_gmt":"2023-02-17T18:58:17","slug":"con-laiuto-dei-dioscuri","status":"publish","type":"product","link":"https:\/\/www.mostra-mi.it\/en\/opera\/con-laiuto-dei-dioscuri","title":{"rendered":"Con l&#8217;aiuto dei Di\u00f2scuri"},"content":{"rendered":"<p>Questa opera \u00e8 dedicata ai Di\u00f2scuri, C\u00e0store e Poll\u00f9ce, i due gemelli mitologici figli di Leda che si era unita a Zeus sotto la forma di un cigno ed aveva dato alla luce due uova: da una di queste nacquero Poll\u00f9ce ed Elena di Troia, figli effettivamente di Zeus; dall&#8217;altra nacquero C\u00e0store e Clitennestra, figli del marito di Leda, Tindaro.<\/p>\n<p>I Di\u00f2scuri sono considerati protettori dei naviganti durante le tempeste, e in questa veste sono rappresent ati nel quadro, come luci che illuminano un mare burrascoso e indicano la via da seguire.<\/p>","protected":false},"excerpt":{"rendered":"<p>Questa opera \u00e8 dedicata ai Di\u00f2scuri, C\u00e0store e Poll\u00f9ce, i due gemelli mitologici figli di Leda che si era unita a Zeus sotto la forma di un cigno ed aveva dato alla luce due uova: da una di queste nacquero&#8230;<\/p>","protected":false},"featured_media":44002,"template":"","meta":[],"product_brand":[],"product_cat":[714],"product_tag":[],"class_list":{"0":"post-44017","1":"product","2":"type-product","3":"status-publish","4":"has-post-thumbnail","6":"product_cat-pittura-it","7":"pa_colore-prevalente-blu","8":"pa_soggetto-astratto","9":"pa_stile-opera-astratto","10":"pa_supporto-tela","11":"pa_tipologia-opera-pittura","13":"first","14":"instock","15":"shipping-taxable","16":"product-type-simple"},"yoast_head":"<!-- This site is optimized with the Yoast SEO plugin v27.3 - https:\/\/yoast.com\/product\/yoast-seo-wordpress\/ -->\n<title>Con l&#039;aiuto dei Di\u00f2scuri - Mostrami<\/title>\n<meta name=\"description\" content=\"L&#039;opera d&#039;arte contemporanea &quot;Con l&#039;aiuto dei Di\u00f2scuri&quot; \u00e8 un&#039;opera dell&#039;artista contemporanea Barbara Pastorino, ispirata da natura e letteratura\" \/>\n<meta name=\"robots\" content=\"index, follow, max-snippet:-1, max-image-preview:large, max-video-preview:-1\" \/>\n<link rel=\"canonical\" href=\"https:\/\/www.mostra-mi.it\/en\/opera\/con-laiuto-dei-dioscuri\/\" \/>\n<meta property=\"og:locale\" content=\"en_GB\" \/>\n<meta property=\"og:type\" content=\"article\" \/>\n<meta property=\"og:title\" content=\"Con l&#039;aiuto dei Di\u00f2scuri - Mostrami\" \/>\n<meta property=\"og:description\" content=\"L&#039;opera d&#039;arte contemporanea &quot;Con l&#039;aiuto dei Di\u00f2scuri&quot; \u00e8 un&#039;opera dell&#039;artista contemporanea Barbara Pastorino, ispirata da natura e letteratura\" \/>\n<meta property=\"og:url\" content=\"https:\/\/www.mostra-mi.it\/en\/opera\/con-laiuto-dei-dioscuri\/\" \/>\n<meta property=\"og:site_name\" content=\"Mostrami\" \/>\n<meta property=\"article:modified_time\" content=\"2023-02-17T18:58:17+00:00\" \/>\n<meta property=\"og:image\" content=\"https:\/\/www.mostra-mi.it\/wp-content\/uploads\/IMG_1929-scaled.jpg\" \/>\n\t<meta property=\"og:image:width\" content=\"2560\" \/>\n\t<meta property=\"og:image:height\" content=\"2550\" \/>\n\t<meta property=\"og:image:type\" content=\"image\/jpeg\" \/>\n<meta name=\"twitter:card\" content=\"summary_large_image\" \/>\n<meta name=\"twitter:label1\" content=\"Estimated reading time\" \/>\n\t<meta name=\"twitter:data1\" content=\"1 minute\" \/>\n<script type=\"application\/ld+json\" class=\"yoast-schema-graph\">{\"@context\":\"https:\\\/\\\/schema.org\",\"@graph\":[{\"@type\":\"WebPage\",\"@id\":\"https:\\\/\\\/www.mostra-mi.it\\\/opera\\\/con-laiuto-dei-dioscuri\",\"url\":\"https:\\\/\\\/www.mostra-mi.it\\\/opera\\\/con-laiuto-dei-dioscuri\",\"name\":\"Con l'aiuto dei Di\u00f2scuri - Mostrami\",\"isPartOf\":{\"@id\":\"https:\\\/\\\/www.mostra-mi.it\\\/#website\"},\"primaryImageOfPage\":{\"@id\":\"https:\\\/\\\/www.mostra-mi.it\\\/opera\\\/con-laiuto-dei-dioscuri#primaryimage\"},\"image\":{\"@id\":\"https:\\\/\\\/www.mostra-mi.it\\\/opera\\\/con-laiuto-dei-dioscuri#primaryimage\"},\"thumbnailUrl\":\"https:\\\/\\\/www.mostra-mi.it\\\/wp-content\\\/uploads\\\/IMG_1929-scaled.jpg\",\"datePublished\":\"2023-02-17T18:58:16+00:00\",\"dateModified\":\"2023-02-17T18:58:17+00:00\",\"description\":\"L'opera d'arte contemporanea \\\"Con l'aiuto dei Di\u00f2scuri\\\" \u00e8 un'opera dell'artista contemporanea Barbara Pastorino, ispirata da natura e letteratura\",\"breadcrumb\":{\"@id\":\"https:\\\/\\\/www.mostra-mi.it\\\/opera\\\/con-laiuto-dei-dioscuri#breadcrumb\"},\"inLanguage\":\"en-GB\",\"potentialAction\":[{\"@type\":\"ReadAction\",\"target\":[\"https:\\\/\\\/www.mostra-mi.it\\\/opera\\\/con-laiuto-dei-dioscuri\"]}]},{\"@type\":\"ImageObject\",\"inLanguage\":\"en-GB\",\"@id\":\"https:\\\/\\\/www.mostra-mi.it\\\/opera\\\/con-laiuto-dei-dioscuri#primaryimage\",\"url\":\"https:\\\/\\\/www.mostra-mi.it\\\/wp-content\\\/uploads\\\/IMG_1929-scaled.jpg\",\"contentUrl\":\"https:\\\/\\\/www.mostra-mi.it\\\/wp-content\\\/uploads\\\/IMG_1929-scaled.jpg\",\"width\":2560,\"height\":2550},{\"@type\":\"BreadcrumbList\",\"@id\":\"https:\\\/\\\/www.mostra-mi.it\\\/opera\\\/con-laiuto-dei-dioscuri#breadcrumb\",\"itemListElement\":[{\"@type\":\"ListItem\",\"position\":1,\"name\":\"Home\",\"item\":\"https:\\\/\\\/www.mostra-mi.it\\\/\"},{\"@type\":\"ListItem\",\"position\":2,\"name\":\"Opere\",\"item\":\"https:\\\/\\\/www.mostra-mi.it\\\/en\\\/opere-mostrami\"},{\"@type\":\"ListItem\",\"position\":3,\"name\":\"Con l&#8217;aiuto dei Di\u00f2scuri\"}]},{\"@type\":\"WebSite\",\"@id\":\"https:\\\/\\\/www.mostra-mi.it\\\/#website\",\"url\":\"https:\\\/\\\/www.mostra-mi.it\\\/\",\"name\":\"Mostrami\",\"description\":\"Mostrami, galleria che si propone come vetrina per giovani artisti\",\"publisher\":{\"@id\":\"https:\\\/\\\/www.mostra-mi.it\\\/#organization\"},\"potentialAction\":[{\"@type\":\"SearchAction\",\"target\":{\"@type\":\"EntryPoint\",\"urlTemplate\":\"https:\\\/\\\/www.mostra-mi.it\\\/?s={search_term_string}\"},\"query-input\":{\"@type\":\"PropertyValueSpecification\",\"valueRequired\":true,\"valueName\":\"search_term_string\"}}],\"inLanguage\":\"en-GB\"},{\"@type\":\"Organization\",\"@id\":\"https:\\\/\\\/www.mostra-mi.it\\\/#organization\",\"name\":\"Mostrami\",\"url\":\"https:\\\/\\\/www.mostra-mi.it\\\/\",\"logo\":{\"@type\":\"ImageObject\",\"inLanguage\":\"en-GB\",\"@id\":\"https:\\\/\\\/www.mostra-mi.it\\\/#\\\/schema\\\/logo\\\/image\\\/\",\"url\":\"\",\"contentUrl\":\"\",\"caption\":\"Mostrami\"},\"image\":{\"@id\":\"https:\\\/\\\/www.mostra-mi.it\\\/#\\\/schema\\\/logo\\\/image\\\/\"}}]}<\/script>\n<!-- \/ Yoast SEO plugin. -->","yoast_head_json":{"title":"Con l'aiuto dei Di\u00f2scuri - Mostrami","description":"L'opera d'arte contemporanea \"Con l'aiuto dei Di\u00f2scuri\" \u00e8 un'opera dell'artista contemporanea Barbara Pastorino, ispirata da natura e letteratura","robots":{"index":"index","follow":"follow","max-snippet":"max-snippet:-1","max-image-preview":"max-image-preview:large","max-video-preview":"max-video-preview:-1"},"canonical":"https:\/\/www.mostra-mi.it\/en\/opera\/con-laiuto-dei-dioscuri\/","og_locale":"en_GB","og_type":"article","og_title":"Con l'aiuto dei Di\u00f2scuri - Mostrami","og_description":"L'opera d'arte contemporanea \"Con l'aiuto dei Di\u00f2scuri\" \u00e8 un'opera dell'artista contemporanea Barbara Pastorino, ispirata da natura e letteratura","og_url":"https:\/\/www.mostra-mi.it\/en\/opera\/con-laiuto-dei-dioscuri\/","og_site_name":"Mostrami","article_modified_time":"2023-02-17T18:58:17+00:00","og_image":[{"width":2560,"height":2550,"url":"https:\/\/www.mostra-mi.it\/wp-content\/uploads\/IMG_1929-scaled.jpg","type":"image\/jpeg"}],"twitter_card":"summary_large_image","twitter_misc":{"Estimated reading time":"1 minute"},"schema":{"@context":"https:\/\/schema.org","@graph":[{"@type":"WebPage","@id":"https:\/\/www.mostra-mi.it\/opera\/con-laiuto-dei-dioscuri","url":"https:\/\/www.mostra-mi.it\/opera\/con-laiuto-dei-dioscuri","name":"Con l'aiuto dei Di\u00f2scuri - Mostrami","isPartOf":{"@id":"https:\/\/www.mostra-mi.it\/#website"},"primaryImageOfPage":{"@id":"https:\/\/www.mostra-mi.it\/opera\/con-laiuto-dei-dioscuri#primaryimage"},"image":{"@id":"https:\/\/www.mostra-mi.it\/opera\/con-laiuto-dei-dioscuri#primaryimage"},"thumbnailUrl":"https:\/\/www.mostra-mi.it\/wp-content\/uploads\/IMG_1929-scaled.jpg","datePublished":"2023-02-17T18:58:16+00:00","dateModified":"2023-02-17T18:58:17+00:00","description":"L'opera d'arte contemporanea \"Con l'aiuto dei Di\u00f2scuri\" \u00e8 un'opera dell'artista contemporanea Barbara Pastorino, ispirata da natura e letteratura","breadcrumb":{"@id":"https:\/\/www.mostra-mi.it\/opera\/con-laiuto-dei-dioscuri#breadcrumb"},"inLanguage":"en-GB","potentialAction":[{"@type":"ReadAction","target":["https:\/\/www.mostra-mi.it\/opera\/con-laiuto-dei-dioscuri"]}]},{"@type":"ImageObject","inLanguage":"en-GB","@id":"https:\/\/www.mostra-mi.it\/opera\/con-laiuto-dei-dioscuri#primaryimage","url":"https:\/\/www.mostra-mi.it\/wp-content\/uploads\/IMG_1929-scaled.jpg","contentUrl":"https:\/\/www.mostra-mi.it\/wp-content\/uploads\/IMG_1929-scaled.jpg","width":2560,"height":2550},{"@type":"BreadcrumbList","@id":"https:\/\/www.mostra-mi.it\/opera\/con-laiuto-dei-dioscuri#breadcrumb","itemListElement":[{"@type":"ListItem","position":1,"name":"Home","item":"https:\/\/www.mostra-mi.it\/"},{"@type":"ListItem","position":2,"name":"Opere","item":"https:\/\/www.mostra-mi.it\/en\/opere-mostrami"},{"@type":"ListItem","position":3,"name":"Con l&#8217;aiuto dei Di\u00f2scuri"}]},{"@type":"WebSite","@id":"https:\/\/www.mostra-mi.it\/#website","url":"https:\/\/www.mostra-mi.it\/","name":"Mostrami","description":"Mostrami, galleria che si propone come vetrina per giovani artisti","publisher":{"@id":"https:\/\/www.mostra-mi.it\/#organization"},"potentialAction":[{"@type":"SearchAction","target":{"@type":"EntryPoint","urlTemplate":"https:\/\/www.mostra-mi.it\/?s={search_term_string}"},"query-input":{"@type":"PropertyValueSpecification","valueRequired":true,"valueName":"search_term_string"}}],"inLanguage":"en-GB"},{"@type":"Organization","@id":"https:\/\/www.mostra-mi.it\/#organization","name":"Mostrami","url":"https:\/\/www.mostra-mi.it\/","logo":{"@type":"ImageObject","inLanguage":"en-GB","@id":"https:\/\/www.mostra-mi.it\/#\/schema\/logo\/image\/","url":"","contentUrl":"","caption":"Mostrami"},"image":{"@id":"https:\/\/www.mostra-mi.it\/#\/schema\/logo\/image\/"}}]}},"_links":{"self":[{"href":"https:\/\/www.mostra-mi.it\/en\/wp-json\/wp\/v2\/product\/44017","targetHints":{"allow":["GET"]}}],"collection":[{"href":"https:\/\/www.mostra-mi.it\/en\/wp-json\/wp\/v2\/product"}],"about":[{"href":"https:\/\/www.mostra-mi.it\/en\/wp-json\/wp\/v2\/types\/product"}],"wp:featuredmedia":[{"embeddable":true,"href":"https:\/\/www.mostra-mi.it\/en\/wp-json\/wp\/v2\/media\/44002"}],"wp:attachment":[{"href":"https:\/\/www.mostra-mi.it\/en\/wp-json\/wp\/v2\/media?parent=44017"}],"wp:term":[{"taxonomy":"product_brand","embeddable":true,"href":"https:\/\/www.mostra-mi.it\/en\/wp-json\/wp\/v2\/product_brand?post=44017"},{"taxonomy":"product_cat","embeddable":true,"href":"https:\/\/www.mostra-mi.it\/en\/wp-json\/wp\/v2\/product_cat?post=44017"},{"taxonomy":"product_tag","embeddable":true,"href":"https:\/\/www.mostra-mi.it\/en\/wp-json\/wp\/v2\/product_tag?post=44017"}],"curies":[{"name":"wp","href":"https:\/\/api.w.org\/{rel}","templated":true}]}}