{"id":44014,"date":"2023-02-17T19:54:30","date_gmt":"2023-02-17T18:54:30","guid":{"rendered":"https:\/\/mostra-mi.it\/?post_type=product&#038;p=44014"},"modified":"2023-02-17T19:54:31","modified_gmt":"2023-02-17T18:54:31","slug":"gold-rush","status":"publish","type":"product","link":"https:\/\/www.mostra-mi.it\/en\/opera\/gold-rush","title":{"rendered":"Gold rush"},"content":{"rendered":"<p>L&#8217;artista ama la natura in tutte le sue forme. Il blu rappresenta soprattutto l&#8217;acqua, il mare, l&#8217;oceano, uno degli ambienti pi\u00f9 amati e pi\u00f9 preziosi.<br \/>\nL&#8217;opera \u00e8 realizzata su tela dallo spessore 4 cm e non necessita di cornice.<br \/>\nE&#8217; completa di certificato di autenticit\u00e0 firmato dall&#8217;artista.<\/p>","protected":false},"excerpt":{"rendered":"<p>L&#8217;artista ama la natura in tutte le sue forme. Il blu rappresenta soprattutto l&#8217;acqua, il mare, l&#8217;oceano, uno degli ambienti pi\u00f9 amati e pi\u00f9 preziosi. L&#8217;opera \u00e8 realizzata su tela dallo spessore 4 cm e non necessita di cornice. E&#8217;&#8230;<\/p>","protected":false},"featured_media":43999,"template":"","meta":[],"product_brand":[],"product_cat":[714],"product_tag":[],"class_list":{"0":"post-44014","1":"product","2":"type-product","3":"status-publish","4":"has-post-thumbnail","6":"product_cat-pittura-it","7":"pa_colore-prevalente-oro","8":"pa_colore-prevalente-blu","9":"pa_soggetto-astratto","10":"pa_stile-opera-astratto","11":"pa_supporto-tela","12":"pa_tipologia-opera-pittura","14":"first","15":"instock","16":"shipping-taxable","17":"product-type-simple"},"yoast_head":"<!-- This site is optimized with the Yoast SEO plugin v27.3 - https:\/\/yoast.com\/product\/yoast-seo-wordpress\/ -->\n<title>Gold rush - Mostrami<\/title>\n<meta name=\"description\" content=\"Il blu rappresenta soprattutto l&#039;acqua, il mare, l&#039;oceano. L&#039;opera \u00e8 realizzata su tela dallo spessore 4 cm e non necessita di cornice.\" \/>\n<meta name=\"robots\" content=\"index, follow, max-snippet:-1, max-image-preview:large, max-video-preview:-1\" \/>\n<link rel=\"canonical\" href=\"https:\/\/www.mostra-mi.it\/en\/opera\/gold-rush\/\" \/>\n<meta property=\"og:locale\" content=\"en_GB\" \/>\n<meta property=\"og:type\" content=\"article\" \/>\n<meta property=\"og:title\" content=\"Gold rush - Mostrami\" \/>\n<meta property=\"og:description\" content=\"Il blu rappresenta soprattutto l&#039;acqua, il mare, l&#039;oceano. L&#039;opera \u00e8 realizzata su tela dallo spessore 4 cm e non necessita di cornice.\" \/>\n<meta property=\"og:url\" content=\"https:\/\/www.mostra-mi.it\/en\/opera\/gold-rush\/\" \/>\n<meta property=\"og:site_name\" content=\"Mostrami\" \/>\n<meta property=\"article:modified_time\" content=\"2023-02-17T18:54:31+00:00\" \/>\n<meta property=\"og:image\" content=\"https:\/\/www.mostra-mi.it\/wp-content\/uploads\/Gold-rush-scaled.jpg\" \/>\n\t<meta property=\"og:image:width\" content=\"2530\" \/>\n\t<meta property=\"og:image:height\" content=\"2560\" \/>\n\t<meta property=\"og:image:type\" content=\"image\/jpeg\" \/>\n<meta name=\"twitter:card\" content=\"summary_large_image\" \/>\n<meta name=\"twitter:label1\" content=\"Estimated reading time\" \/>\n\t<meta name=\"twitter:data1\" content=\"1 minute\" \/>\n<script type=\"application\/ld+json\" class=\"yoast-schema-graph\">{\"@context\":\"https:\\\/\\\/schema.org\",\"@graph\":[{\"@type\":\"WebPage\",\"@id\":\"https:\\\/\\\/www.mostra-mi.it\\\/opera\\\/gold-rush\",\"url\":\"https:\\\/\\\/www.mostra-mi.it\\\/opera\\\/gold-rush\",\"name\":\"Gold rush - Mostrami\",\"isPartOf\":{\"@id\":\"https:\\\/\\\/www.mostra-mi.it\\\/#website\"},\"primaryImageOfPage\":{\"@id\":\"https:\\\/\\\/www.mostra-mi.it\\\/opera\\\/gold-rush#primaryimage\"},\"image\":{\"@id\":\"https:\\\/\\\/www.mostra-mi.it\\\/opera\\\/gold-rush#primaryimage\"},\"thumbnailUrl\":\"https:\\\/\\\/www.mostra-mi.it\\\/wp-content\\\/uploads\\\/Gold-rush-scaled.jpg\",\"datePublished\":\"2023-02-17T18:54:30+00:00\",\"dateModified\":\"2023-02-17T18:54:31+00:00\",\"description\":\"Il blu rappresenta soprattutto l'acqua, il mare, l'oceano. L'opera \u00e8 realizzata su tela dallo spessore 4 cm e non necessita di cornice.\",\"breadcrumb\":{\"@id\":\"https:\\\/\\\/www.mostra-mi.it\\\/opera\\\/gold-rush#breadcrumb\"},\"inLanguage\":\"en-GB\",\"potentialAction\":[{\"@type\":\"ReadAction\",\"target\":[\"https:\\\/\\\/www.mostra-mi.it\\\/opera\\\/gold-rush\"]}]},{\"@type\":\"ImageObject\",\"inLanguage\":\"en-GB\",\"@id\":\"https:\\\/\\\/www.mostra-mi.it\\\/opera\\\/gold-rush#primaryimage\",\"url\":\"https:\\\/\\\/www.mostra-mi.it\\\/wp-content\\\/uploads\\\/Gold-rush-scaled.jpg\",\"contentUrl\":\"https:\\\/\\\/www.mostra-mi.it\\\/wp-content\\\/uploads\\\/Gold-rush-scaled.jpg\",\"width\":2530,\"height\":2560,\"caption\":\"Gold rush\"},{\"@type\":\"BreadcrumbList\",\"@id\":\"https:\\\/\\\/www.mostra-mi.it\\\/opera\\\/gold-rush#breadcrumb\",\"itemListElement\":[{\"@type\":\"ListItem\",\"position\":1,\"name\":\"Home\",\"item\":\"https:\\\/\\\/www.mostra-mi.it\\\/\"},{\"@type\":\"ListItem\",\"position\":2,\"name\":\"Opere\",\"item\":\"https:\\\/\\\/www.mostra-mi.it\\\/en\\\/opere-mostrami\"},{\"@type\":\"ListItem\",\"position\":3,\"name\":\"Gold rush\"}]},{\"@type\":\"WebSite\",\"@id\":\"https:\\\/\\\/www.mostra-mi.it\\\/#website\",\"url\":\"https:\\\/\\\/www.mostra-mi.it\\\/\",\"name\":\"Mostrami\",\"description\":\"Mostrami, galleria che si propone come vetrina per giovani artisti\",\"publisher\":{\"@id\":\"https:\\\/\\\/www.mostra-mi.it\\\/#organization\"},\"potentialAction\":[{\"@type\":\"SearchAction\",\"target\":{\"@type\":\"EntryPoint\",\"urlTemplate\":\"https:\\\/\\\/www.mostra-mi.it\\\/?s={search_term_string}\"},\"query-input\":{\"@type\":\"PropertyValueSpecification\",\"valueRequired\":true,\"valueName\":\"search_term_string\"}}],\"inLanguage\":\"en-GB\"},{\"@type\":\"Organization\",\"@id\":\"https:\\\/\\\/www.mostra-mi.it\\\/#organization\",\"name\":\"Mostrami\",\"url\":\"https:\\\/\\\/www.mostra-mi.it\\\/\",\"logo\":{\"@type\":\"ImageObject\",\"inLanguage\":\"en-GB\",\"@id\":\"https:\\\/\\\/www.mostra-mi.it\\\/#\\\/schema\\\/logo\\\/image\\\/\",\"url\":\"\",\"contentUrl\":\"\",\"caption\":\"Mostrami\"},\"image\":{\"@id\":\"https:\\\/\\\/www.mostra-mi.it\\\/#\\\/schema\\\/logo\\\/image\\\/\"}}]}<\/script>\n<!-- \/ Yoast SEO plugin. -->","yoast_head_json":{"title":"Gold rush - Mostrami","description":"Il blu rappresenta soprattutto l'acqua, il mare, l'oceano. L'opera \u00e8 realizzata su tela dallo spessore 4 cm e non necessita di cornice.","robots":{"index":"index","follow":"follow","max-snippet":"max-snippet:-1","max-image-preview":"max-image-preview:large","max-video-preview":"max-video-preview:-1"},"canonical":"https:\/\/www.mostra-mi.it\/en\/opera\/gold-rush\/","og_locale":"en_GB","og_type":"article","og_title":"Gold rush - Mostrami","og_description":"Il blu rappresenta soprattutto l'acqua, il mare, l'oceano. L'opera \u00e8 realizzata su tela dallo spessore 4 cm e non necessita di cornice.","og_url":"https:\/\/www.mostra-mi.it\/en\/opera\/gold-rush\/","og_site_name":"Mostrami","article_modified_time":"2023-02-17T18:54:31+00:00","og_image":[{"width":2530,"height":2560,"url":"https:\/\/www.mostra-mi.it\/wp-content\/uploads\/Gold-rush-scaled.jpg","type":"image\/jpeg"}],"twitter_card":"summary_large_image","twitter_misc":{"Estimated reading time":"1 minute"},"schema":{"@context":"https:\/\/schema.org","@graph":[{"@type":"WebPage","@id":"https:\/\/www.mostra-mi.it\/opera\/gold-rush","url":"https:\/\/www.mostra-mi.it\/opera\/gold-rush","name":"Gold rush - Mostrami","isPartOf":{"@id":"https:\/\/www.mostra-mi.it\/#website"},"primaryImageOfPage":{"@id":"https:\/\/www.mostra-mi.it\/opera\/gold-rush#primaryimage"},"image":{"@id":"https:\/\/www.mostra-mi.it\/opera\/gold-rush#primaryimage"},"thumbnailUrl":"https:\/\/www.mostra-mi.it\/wp-content\/uploads\/Gold-rush-scaled.jpg","datePublished":"2023-02-17T18:54:30+00:00","dateModified":"2023-02-17T18:54:31+00:00","description":"Il blu rappresenta soprattutto l'acqua, il mare, l'oceano. L'opera \u00e8 realizzata su tela dallo spessore 4 cm e non necessita di cornice.","breadcrumb":{"@id":"https:\/\/www.mostra-mi.it\/opera\/gold-rush#breadcrumb"},"inLanguage":"en-GB","potentialAction":[{"@type":"ReadAction","target":["https:\/\/www.mostra-mi.it\/opera\/gold-rush"]}]},{"@type":"ImageObject","inLanguage":"en-GB","@id":"https:\/\/www.mostra-mi.it\/opera\/gold-rush#primaryimage","url":"https:\/\/www.mostra-mi.it\/wp-content\/uploads\/Gold-rush-scaled.jpg","contentUrl":"https:\/\/www.mostra-mi.it\/wp-content\/uploads\/Gold-rush-scaled.jpg","width":2530,"height":2560,"caption":"Gold rush"},{"@type":"BreadcrumbList","@id":"https:\/\/www.mostra-mi.it\/opera\/gold-rush#breadcrumb","itemListElement":[{"@type":"ListItem","position":1,"name":"Home","item":"https:\/\/www.mostra-mi.it\/"},{"@type":"ListItem","position":2,"name":"Opere","item":"https:\/\/www.mostra-mi.it\/en\/opere-mostrami"},{"@type":"ListItem","position":3,"name":"Gold rush"}]},{"@type":"WebSite","@id":"https:\/\/www.mostra-mi.it\/#website","url":"https:\/\/www.mostra-mi.it\/","name":"Mostrami","description":"Mostrami, galleria che si propone come vetrina per giovani artisti","publisher":{"@id":"https:\/\/www.mostra-mi.it\/#organization"},"potentialAction":[{"@type":"SearchAction","target":{"@type":"EntryPoint","urlTemplate":"https:\/\/www.mostra-mi.it\/?s={search_term_string}"},"query-input":{"@type":"PropertyValueSpecification","valueRequired":true,"valueName":"search_term_string"}}],"inLanguage":"en-GB"},{"@type":"Organization","@id":"https:\/\/www.mostra-mi.it\/#organization","name":"Mostrami","url":"https:\/\/www.mostra-mi.it\/","logo":{"@type":"ImageObject","inLanguage":"en-GB","@id":"https:\/\/www.mostra-mi.it\/#\/schema\/logo\/image\/","url":"","contentUrl":"","caption":"Mostrami"},"image":{"@id":"https:\/\/www.mostra-mi.it\/#\/schema\/logo\/image\/"}}]}},"_links":{"self":[{"href":"https:\/\/www.mostra-mi.it\/en\/wp-json\/wp\/v2\/product\/44014","targetHints":{"allow":["GET"]}}],"collection":[{"href":"https:\/\/www.mostra-mi.it\/en\/wp-json\/wp\/v2\/product"}],"about":[{"href":"https:\/\/www.mostra-mi.it\/en\/wp-json\/wp\/v2\/types\/product"}],"wp:featuredmedia":[{"embeddable":true,"href":"https:\/\/www.mostra-mi.it\/en\/wp-json\/wp\/v2\/media\/43999"}],"wp:attachment":[{"href":"https:\/\/www.mostra-mi.it\/en\/wp-json\/wp\/v2\/media?parent=44014"}],"wp:term":[{"taxonomy":"product_brand","embeddable":true,"href":"https:\/\/www.mostra-mi.it\/en\/wp-json\/wp\/v2\/product_brand?post=44014"},{"taxonomy":"product_cat","embeddable":true,"href":"https:\/\/www.mostra-mi.it\/en\/wp-json\/wp\/v2\/product_cat?post=44014"},{"taxonomy":"product_tag","embeddable":true,"href":"https:\/\/www.mostra-mi.it\/en\/wp-json\/wp\/v2\/product_tag?post=44014"}],"curies":[{"name":"wp","href":"https:\/\/api.w.org\/{rel}","templated":true}]}}