{"id":43827,"date":"2023-01-13T16:42:35","date_gmt":"2023-01-13T15:42:35","guid":{"rendered":"https:\/\/mostra-mi.it\/?post_type=product&#038;p=43827"},"modified":"2023-01-13T16:44:58","modified_gmt":"2023-01-13T15:44:58","slug":"femminilita","status":"publish","type":"product","link":"https:\/\/www.mostra-mi.it\/en\/opera\/femminilita","title":{"rendered":"Femminilit\u00e0"},"content":{"rendered":"<p>Olio su tela. Opera composta da quattro pannelli. Il pi\u00f9 grande 1mx2m e i tre pi\u00f9 piccoli di 41x66cm<\/p>","protected":false},"excerpt":{"rendered":"<p>Olio su tela. Opera composta da quattro pannelli. Il pi\u00f9 grande 1mx2m e i tre pi\u00f9 piccoli di 41x66cm<\/p>","protected":false},"featured_media":43828,"template":"","meta":[],"product_brand":[],"product_cat":[714],"product_tag":[],"class_list":{"0":"post-43827","1":"product","2":"type-product","3":"status-publish","4":"has-post-thumbnail","6":"product_cat-pittura-it","7":"pa_colore-prevalente-rosso","8":"pa_colore-prevalente-bordeaux","9":"pa_tipologia-opera-pittura","11":"first","12":"instock","13":"shipping-taxable","14":"product-type-simple"},"yoast_head":"<!-- This site is optimized with the Yoast SEO plugin v27.3 - https:\/\/yoast.com\/product\/yoast-seo-wordpress\/ -->\n<title>Femminilit\u00e0 - Mostrami<\/title>\n<meta name=\"description\" content=\"La pittrice emergente contemporanea Claudia Rordorf \u00e8 l&#039;autrice di quest&#039;opera contemporanea intitolata &quot;Femminilit\u00e0&quot;\" \/>\n<meta name=\"robots\" content=\"index, follow, max-snippet:-1, max-image-preview:large, max-video-preview:-1\" \/>\n<link rel=\"canonical\" href=\"https:\/\/www.mostra-mi.it\/en\/opera\/femminilita\/\" \/>\n<meta property=\"og:locale\" content=\"en_GB\" \/>\n<meta property=\"og:type\" content=\"article\" \/>\n<meta property=\"og:title\" content=\"Femminilit\u00e0 - Mostrami\" \/>\n<meta property=\"og:description\" content=\"La pittrice emergente contemporanea Claudia Rordorf \u00e8 l&#039;autrice di quest&#039;opera contemporanea intitolata &quot;Femminilit\u00e0&quot;\" \/>\n<meta property=\"og:url\" content=\"https:\/\/www.mostra-mi.it\/en\/opera\/femminilita\/\" \/>\n<meta property=\"og:site_name\" content=\"Mostrami\" \/>\n<meta property=\"article:modified_time\" content=\"2023-01-13T15:44:58+00:00\" \/>\n<meta name=\"twitter:card\" content=\"summary_large_image\" \/>\n<meta name=\"twitter:label1\" content=\"Estimated reading time\" \/>\n\t<meta name=\"twitter:data1\" content=\"1 minute\" \/>\n<script type=\"application\/ld+json\" class=\"yoast-schema-graph\">{\"@context\":\"https:\\\/\\\/schema.org\",\"@graph\":[{\"@type\":\"WebPage\",\"@id\":\"https:\\\/\\\/www.mostra-mi.it\\\/opera\\\/femminilita\",\"url\":\"https:\\\/\\\/www.mostra-mi.it\\\/opera\\\/femminilita\",\"name\":\"Femminilit\u00e0 - Mostrami\",\"isPartOf\":{\"@id\":\"https:\\\/\\\/www.mostra-mi.it\\\/#website\"},\"primaryImageOfPage\":{\"@id\":\"https:\\\/\\\/www.mostra-mi.it\\\/opera\\\/femminilita#primaryimage\"},\"image\":{\"@id\":\"https:\\\/\\\/www.mostra-mi.it\\\/opera\\\/femminilita#primaryimage\"},\"thumbnailUrl\":\"https:\\\/\\\/www.mostra-mi.it\\\/wp-content\\\/uploads\\\/6femminilita.tif\",\"datePublished\":\"2023-01-13T15:42:35+00:00\",\"dateModified\":\"2023-01-13T15:44:58+00:00\",\"description\":\"La pittrice emergente contemporanea Claudia Rordorf \u00e8 l'autrice di quest'opera contemporanea intitolata \\\"Femminilit\u00e0\\\"\",\"breadcrumb\":{\"@id\":\"https:\\\/\\\/www.mostra-mi.it\\\/opera\\\/femminilita#breadcrumb\"},\"inLanguage\":\"en-GB\",\"potentialAction\":[{\"@type\":\"ReadAction\",\"target\":[\"https:\\\/\\\/www.mostra-mi.it\\\/opera\\\/femminilita\"]}]},{\"@type\":\"ImageObject\",\"inLanguage\":\"en-GB\",\"@id\":\"https:\\\/\\\/www.mostra-mi.it\\\/opera\\\/femminilita#primaryimage\",\"url\":\"https:\\\/\\\/www.mostra-mi.it\\\/wp-content\\\/uploads\\\/6femminilita.tif\",\"contentUrl\":\"https:\\\/\\\/www.mostra-mi.it\\\/wp-content\\\/uploads\\\/6femminilita.tif\"},{\"@type\":\"BreadcrumbList\",\"@id\":\"https:\\\/\\\/www.mostra-mi.it\\\/opera\\\/femminilita#breadcrumb\",\"itemListElement\":[{\"@type\":\"ListItem\",\"position\":1,\"name\":\"Home\",\"item\":\"https:\\\/\\\/www.mostra-mi.it\\\/\"},{\"@type\":\"ListItem\",\"position\":2,\"name\":\"Opere\",\"item\":\"https:\\\/\\\/www.mostra-mi.it\\\/en\\\/opere-mostrami\"},{\"@type\":\"ListItem\",\"position\":3,\"name\":\"Femminilit\u00e0\"}]},{\"@type\":\"WebSite\",\"@id\":\"https:\\\/\\\/www.mostra-mi.it\\\/#website\",\"url\":\"https:\\\/\\\/www.mostra-mi.it\\\/\",\"name\":\"Mostrami\",\"description\":\"Mostrami, galleria che si propone come vetrina per giovani artisti\",\"publisher\":{\"@id\":\"https:\\\/\\\/www.mostra-mi.it\\\/#organization\"},\"potentialAction\":[{\"@type\":\"SearchAction\",\"target\":{\"@type\":\"EntryPoint\",\"urlTemplate\":\"https:\\\/\\\/www.mostra-mi.it\\\/?s={search_term_string}\"},\"query-input\":{\"@type\":\"PropertyValueSpecification\",\"valueRequired\":true,\"valueName\":\"search_term_string\"}}],\"inLanguage\":\"en-GB\"},{\"@type\":\"Organization\",\"@id\":\"https:\\\/\\\/www.mostra-mi.it\\\/#organization\",\"name\":\"Mostrami\",\"url\":\"https:\\\/\\\/www.mostra-mi.it\\\/\",\"logo\":{\"@type\":\"ImageObject\",\"inLanguage\":\"en-GB\",\"@id\":\"https:\\\/\\\/www.mostra-mi.it\\\/#\\\/schema\\\/logo\\\/image\\\/\",\"url\":\"\",\"contentUrl\":\"\",\"caption\":\"Mostrami\"},\"image\":{\"@id\":\"https:\\\/\\\/www.mostra-mi.it\\\/#\\\/schema\\\/logo\\\/image\\\/\"}}]}<\/script>\n<!-- \/ Yoast SEO plugin. -->","yoast_head_json":{"title":"Femminilit\u00e0 - Mostrami","description":"La pittrice emergente contemporanea Claudia Rordorf \u00e8 l'autrice di quest'opera contemporanea intitolata \"Femminilit\u00e0\"","robots":{"index":"index","follow":"follow","max-snippet":"max-snippet:-1","max-image-preview":"max-image-preview:large","max-video-preview":"max-video-preview:-1"},"canonical":"https:\/\/www.mostra-mi.it\/en\/opera\/femminilita\/","og_locale":"en_GB","og_type":"article","og_title":"Femminilit\u00e0 - Mostrami","og_description":"La pittrice emergente contemporanea Claudia Rordorf \u00e8 l'autrice di quest'opera contemporanea intitolata \"Femminilit\u00e0\"","og_url":"https:\/\/www.mostra-mi.it\/en\/opera\/femminilita\/","og_site_name":"Mostrami","article_modified_time":"2023-01-13T15:44:58+00:00","twitter_card":"summary_large_image","twitter_misc":{"Estimated reading time":"1 minute"},"schema":{"@context":"https:\/\/schema.org","@graph":[{"@type":"WebPage","@id":"https:\/\/www.mostra-mi.it\/opera\/femminilita","url":"https:\/\/www.mostra-mi.it\/opera\/femminilita","name":"Femminilit\u00e0 - Mostrami","isPartOf":{"@id":"https:\/\/www.mostra-mi.it\/#website"},"primaryImageOfPage":{"@id":"https:\/\/www.mostra-mi.it\/opera\/femminilita#primaryimage"},"image":{"@id":"https:\/\/www.mostra-mi.it\/opera\/femminilita#primaryimage"},"thumbnailUrl":"https:\/\/www.mostra-mi.it\/wp-content\/uploads\/6femminilita.tif","datePublished":"2023-01-13T15:42:35+00:00","dateModified":"2023-01-13T15:44:58+00:00","description":"La pittrice emergente contemporanea Claudia Rordorf \u00e8 l'autrice di quest'opera contemporanea intitolata \"Femminilit\u00e0\"","breadcrumb":{"@id":"https:\/\/www.mostra-mi.it\/opera\/femminilita#breadcrumb"},"inLanguage":"en-GB","potentialAction":[{"@type":"ReadAction","target":["https:\/\/www.mostra-mi.it\/opera\/femminilita"]}]},{"@type":"ImageObject","inLanguage":"en-GB","@id":"https:\/\/www.mostra-mi.it\/opera\/femminilita#primaryimage","url":"https:\/\/www.mostra-mi.it\/wp-content\/uploads\/6femminilita.tif","contentUrl":"https:\/\/www.mostra-mi.it\/wp-content\/uploads\/6femminilita.tif"},{"@type":"BreadcrumbList","@id":"https:\/\/www.mostra-mi.it\/opera\/femminilita#breadcrumb","itemListElement":[{"@type":"ListItem","position":1,"name":"Home","item":"https:\/\/www.mostra-mi.it\/"},{"@type":"ListItem","position":2,"name":"Opere","item":"https:\/\/www.mostra-mi.it\/en\/opere-mostrami"},{"@type":"ListItem","position":3,"name":"Femminilit\u00e0"}]},{"@type":"WebSite","@id":"https:\/\/www.mostra-mi.it\/#website","url":"https:\/\/www.mostra-mi.it\/","name":"Mostrami","description":"Mostrami, galleria che si propone come vetrina per giovani artisti","publisher":{"@id":"https:\/\/www.mostra-mi.it\/#organization"},"potentialAction":[{"@type":"SearchAction","target":{"@type":"EntryPoint","urlTemplate":"https:\/\/www.mostra-mi.it\/?s={search_term_string}"},"query-input":{"@type":"PropertyValueSpecification","valueRequired":true,"valueName":"search_term_string"}}],"inLanguage":"en-GB"},{"@type":"Organization","@id":"https:\/\/www.mostra-mi.it\/#organization","name":"Mostrami","url":"https:\/\/www.mostra-mi.it\/","logo":{"@type":"ImageObject","inLanguage":"en-GB","@id":"https:\/\/www.mostra-mi.it\/#\/schema\/logo\/image\/","url":"","contentUrl":"","caption":"Mostrami"},"image":{"@id":"https:\/\/www.mostra-mi.it\/#\/schema\/logo\/image\/"}}]}},"_links":{"self":[{"href":"https:\/\/www.mostra-mi.it\/en\/wp-json\/wp\/v2\/product\/43827","targetHints":{"allow":["GET"]}}],"collection":[{"href":"https:\/\/www.mostra-mi.it\/en\/wp-json\/wp\/v2\/product"}],"about":[{"href":"https:\/\/www.mostra-mi.it\/en\/wp-json\/wp\/v2\/types\/product"}],"wp:featuredmedia":[{"embeddable":true,"href":"https:\/\/www.mostra-mi.it\/en\/wp-json\/wp\/v2\/media\/43828"}],"wp:attachment":[{"href":"https:\/\/www.mostra-mi.it\/en\/wp-json\/wp\/v2\/media?parent=43827"}],"wp:term":[{"taxonomy":"product_brand","embeddable":true,"href":"https:\/\/www.mostra-mi.it\/en\/wp-json\/wp\/v2\/product_brand?post=43827"},{"taxonomy":"product_cat","embeddable":true,"href":"https:\/\/www.mostra-mi.it\/en\/wp-json\/wp\/v2\/product_cat?post=43827"},{"taxonomy":"product_tag","embeddable":true,"href":"https:\/\/www.mostra-mi.it\/en\/wp-json\/wp\/v2\/product_tag?post=43827"}],"curies":[{"name":"wp","href":"https:\/\/api.w.org\/{rel}","templated":true}]}}