{"id":42903,"date":"2022-11-07T19:35:35","date_gmt":"2022-11-07T18:35:35","guid":{"rendered":"https:\/\/mostra-mi.it\/?post_type=product&#038;p=42903"},"modified":"2022-11-07T19:36:18","modified_gmt":"2022-11-07T18:36:18","slug":"realta-riflesse","status":"publish","type":"product","link":"https:\/\/www.mostra-mi.it\/en\/opera\/realta-riflesse","title":{"rendered":"Realt\u00e0 Riflesse"},"content":{"rendered":"<p>50&#215;70 cm, Acrilico su tela.<\/p>","protected":false},"excerpt":{"rendered":"<p>50&#215;70 cm, Acrilico su tela.<\/p>","protected":false},"featured_media":42904,"template":"","meta":[],"product_brand":[],"product_cat":[714],"product_tag":[849,1539,1546,2364,2375],"class_list":{"0":"post-42903","1":"product","2":"type-product","3":"status-publish","4":"has-post-thumbnail","6":"product_cat-pittura-it","7":"product_tag-pittura-contemporanea","8":"product_tag-pittura-acrilico","9":"product_tag-artisti-emergenti","10":"product_tag-pittura-natura","11":"product_tag-opera-darte-natura","12":"pa_soggetto-natura","13":"pa_soggetto-acqua","14":"pa_stile-opera-paesaggio","15":"pa_stile-opera-informale","16":"pa_supporto-tela","17":"pa_tipologia-opera-pittura","19":"first","20":"instock","21":"shipping-taxable","22":"product-type-simple"},"yoast_head":"<!-- This site is optimized with the Yoast SEO plugin v27.3 - https:\/\/yoast.com\/product\/yoast-seo-wordpress\/ -->\n<title>Realt\u00e0 Riflesse - Mostrami<\/title>\n<meta name=\"description\" content=\"Stefania Nizzola \u00e8 l&#039;autrice di &#039;Realt\u00e0 Riflesse&#039; - acrilico su tela, 50x70. L&#039;opera d&#039;arte rappresenta l&#039;acqua e i riflessi che si creano.\" \/>\n<meta name=\"robots\" content=\"index, follow, max-snippet:-1, max-image-preview:large, max-video-preview:-1\" \/>\n<link rel=\"canonical\" href=\"https:\/\/www.mostra-mi.it\/en\/opera\/realta-riflesse\/\" \/>\n<meta property=\"og:locale\" content=\"en_GB\" \/>\n<meta property=\"og:type\" content=\"article\" \/>\n<meta property=\"og:title\" content=\"Realt\u00e0 Riflesse - Mostrami\" \/>\n<meta property=\"og:description\" content=\"Stefania Nizzola \u00e8 l&#039;autrice di &#039;Realt\u00e0 Riflesse&#039; - acrilico su tela, 50x70. L&#039;opera d&#039;arte rappresenta l&#039;acqua e i riflessi che si creano.\" \/>\n<meta property=\"og:url\" content=\"https:\/\/www.mostra-mi.it\/en\/opera\/realta-riflesse\/\" \/>\n<meta property=\"og:site_name\" content=\"Mostrami\" \/>\n<meta property=\"article:modified_time\" content=\"2022-11-07T18:36:18+00:00\" \/>\n<meta property=\"og:image\" content=\"https:\/\/www.mostra-mi.it\/wp-content\/uploads\/Estensione-Acrilico-su-tela-50x70-cm-2013-scaled.jpg\" \/>\n\t<meta property=\"og:image:width\" content=\"2560\" \/>\n\t<meta property=\"og:image:height\" content=\"1816\" \/>\n\t<meta property=\"og:image:type\" content=\"image\/jpeg\" \/>\n<meta name=\"twitter:card\" content=\"summary_large_image\" \/>\n<meta name=\"twitter:label1\" content=\"Estimated reading time\" \/>\n\t<meta name=\"twitter:data1\" content=\"1 minute\" \/>\n<script type=\"application\/ld+json\" class=\"yoast-schema-graph\">{\"@context\":\"https:\\\/\\\/schema.org\",\"@graph\":[{\"@type\":\"WebPage\",\"@id\":\"https:\\\/\\\/www.mostra-mi.it\\\/opera\\\/realta-riflesse\",\"url\":\"https:\\\/\\\/www.mostra-mi.it\\\/opera\\\/realta-riflesse\",\"name\":\"Realt\u00e0 Riflesse - Mostrami\",\"isPartOf\":{\"@id\":\"https:\\\/\\\/www.mostra-mi.it\\\/#website\"},\"primaryImageOfPage\":{\"@id\":\"https:\\\/\\\/www.mostra-mi.it\\\/opera\\\/realta-riflesse#primaryimage\"},\"image\":{\"@id\":\"https:\\\/\\\/www.mostra-mi.it\\\/opera\\\/realta-riflesse#primaryimage\"},\"thumbnailUrl\":\"https:\\\/\\\/www.mostra-mi.it\\\/wp-content\\\/uploads\\\/Estensione-Acrilico-su-tela-50x70-cm-2013-scaled.jpg\",\"datePublished\":\"2022-11-07T18:35:35+00:00\",\"dateModified\":\"2022-11-07T18:36:18+00:00\",\"description\":\"Stefania Nizzola \u00e8 l'autrice di 'Realt\u00e0 Riflesse' - acrilico su tela, 50x70. L'opera d'arte rappresenta l'acqua e i riflessi che si creano.\",\"breadcrumb\":{\"@id\":\"https:\\\/\\\/www.mostra-mi.it\\\/opera\\\/realta-riflesse#breadcrumb\"},\"inLanguage\":\"en-GB\",\"potentialAction\":[{\"@type\":\"ReadAction\",\"target\":[\"https:\\\/\\\/www.mostra-mi.it\\\/opera\\\/realta-riflesse\"]}]},{\"@type\":\"ImageObject\",\"inLanguage\":\"en-GB\",\"@id\":\"https:\\\/\\\/www.mostra-mi.it\\\/opera\\\/realta-riflesse#primaryimage\",\"url\":\"https:\\\/\\\/www.mostra-mi.it\\\/wp-content\\\/uploads\\\/Estensione-Acrilico-su-tela-50x70-cm-2013-scaled.jpg\",\"contentUrl\":\"https:\\\/\\\/www.mostra-mi.it\\\/wp-content\\\/uploads\\\/Estensione-Acrilico-su-tela-50x70-cm-2013-scaled.jpg\",\"width\":2560,\"height\":1816,\"caption\":\"Realt\u00e0 riflesse\"},{\"@type\":\"BreadcrumbList\",\"@id\":\"https:\\\/\\\/www.mostra-mi.it\\\/opera\\\/realta-riflesse#breadcrumb\",\"itemListElement\":[{\"@type\":\"ListItem\",\"position\":1,\"name\":\"Home\",\"item\":\"https:\\\/\\\/www.mostra-mi.it\\\/\"},{\"@type\":\"ListItem\",\"position\":2,\"name\":\"Opere\",\"item\":\"https:\\\/\\\/www.mostra-mi.it\\\/en\\\/opere-mostrami\"},{\"@type\":\"ListItem\",\"position\":3,\"name\":\"Realt\u00e0 Riflesse\"}]},{\"@type\":\"WebSite\",\"@id\":\"https:\\\/\\\/www.mostra-mi.it\\\/#website\",\"url\":\"https:\\\/\\\/www.mostra-mi.it\\\/\",\"name\":\"Mostrami\",\"description\":\"Mostrami, galleria che si propone come vetrina per giovani artisti\",\"publisher\":{\"@id\":\"https:\\\/\\\/www.mostra-mi.it\\\/#organization\"},\"potentialAction\":[{\"@type\":\"SearchAction\",\"target\":{\"@type\":\"EntryPoint\",\"urlTemplate\":\"https:\\\/\\\/www.mostra-mi.it\\\/?s={search_term_string}\"},\"query-input\":{\"@type\":\"PropertyValueSpecification\",\"valueRequired\":true,\"valueName\":\"search_term_string\"}}],\"inLanguage\":\"en-GB\"},{\"@type\":\"Organization\",\"@id\":\"https:\\\/\\\/www.mostra-mi.it\\\/#organization\",\"name\":\"Mostrami\",\"url\":\"https:\\\/\\\/www.mostra-mi.it\\\/\",\"logo\":{\"@type\":\"ImageObject\",\"inLanguage\":\"en-GB\",\"@id\":\"https:\\\/\\\/www.mostra-mi.it\\\/#\\\/schema\\\/logo\\\/image\\\/\",\"url\":\"\",\"contentUrl\":\"\",\"caption\":\"Mostrami\"},\"image\":{\"@id\":\"https:\\\/\\\/www.mostra-mi.it\\\/#\\\/schema\\\/logo\\\/image\\\/\"}}]}<\/script>\n<!-- \/ Yoast SEO plugin. -->","yoast_head_json":{"title":"Realt\u00e0 Riflesse - Mostrami","description":"Stefania Nizzola \u00e8 l'autrice di 'Realt\u00e0 Riflesse' - acrilico su tela, 50x70. L'opera d'arte rappresenta l'acqua e i riflessi che si creano.","robots":{"index":"index","follow":"follow","max-snippet":"max-snippet:-1","max-image-preview":"max-image-preview:large","max-video-preview":"max-video-preview:-1"},"canonical":"https:\/\/www.mostra-mi.it\/en\/opera\/realta-riflesse\/","og_locale":"en_GB","og_type":"article","og_title":"Realt\u00e0 Riflesse - Mostrami","og_description":"Stefania Nizzola \u00e8 l'autrice di 'Realt\u00e0 Riflesse' - acrilico su tela, 50x70. L'opera d'arte rappresenta l'acqua e i riflessi che si creano.","og_url":"https:\/\/www.mostra-mi.it\/en\/opera\/realta-riflesse\/","og_site_name":"Mostrami","article_modified_time":"2022-11-07T18:36:18+00:00","og_image":[{"width":2560,"height":1816,"url":"https:\/\/www.mostra-mi.it\/wp-content\/uploads\/Estensione-Acrilico-su-tela-50x70-cm-2013-scaled.jpg","type":"image\/jpeg"}],"twitter_card":"summary_large_image","twitter_misc":{"Estimated reading time":"1 minute"},"schema":{"@context":"https:\/\/schema.org","@graph":[{"@type":"WebPage","@id":"https:\/\/www.mostra-mi.it\/opera\/realta-riflesse","url":"https:\/\/www.mostra-mi.it\/opera\/realta-riflesse","name":"Realt\u00e0 Riflesse - Mostrami","isPartOf":{"@id":"https:\/\/www.mostra-mi.it\/#website"},"primaryImageOfPage":{"@id":"https:\/\/www.mostra-mi.it\/opera\/realta-riflesse#primaryimage"},"image":{"@id":"https:\/\/www.mostra-mi.it\/opera\/realta-riflesse#primaryimage"},"thumbnailUrl":"https:\/\/www.mostra-mi.it\/wp-content\/uploads\/Estensione-Acrilico-su-tela-50x70-cm-2013-scaled.jpg","datePublished":"2022-11-07T18:35:35+00:00","dateModified":"2022-11-07T18:36:18+00:00","description":"Stefania Nizzola \u00e8 l'autrice di 'Realt\u00e0 Riflesse' - acrilico su tela, 50x70. L'opera d'arte rappresenta l'acqua e i riflessi che si creano.","breadcrumb":{"@id":"https:\/\/www.mostra-mi.it\/opera\/realta-riflesse#breadcrumb"},"inLanguage":"en-GB","potentialAction":[{"@type":"ReadAction","target":["https:\/\/www.mostra-mi.it\/opera\/realta-riflesse"]}]},{"@type":"ImageObject","inLanguage":"en-GB","@id":"https:\/\/www.mostra-mi.it\/opera\/realta-riflesse#primaryimage","url":"https:\/\/www.mostra-mi.it\/wp-content\/uploads\/Estensione-Acrilico-su-tela-50x70-cm-2013-scaled.jpg","contentUrl":"https:\/\/www.mostra-mi.it\/wp-content\/uploads\/Estensione-Acrilico-su-tela-50x70-cm-2013-scaled.jpg","width":2560,"height":1816,"caption":"Realt\u00e0 riflesse"},{"@type":"BreadcrumbList","@id":"https:\/\/www.mostra-mi.it\/opera\/realta-riflesse#breadcrumb","itemListElement":[{"@type":"ListItem","position":1,"name":"Home","item":"https:\/\/www.mostra-mi.it\/"},{"@type":"ListItem","position":2,"name":"Opere","item":"https:\/\/www.mostra-mi.it\/en\/opere-mostrami"},{"@type":"ListItem","position":3,"name":"Realt\u00e0 Riflesse"}]},{"@type":"WebSite","@id":"https:\/\/www.mostra-mi.it\/#website","url":"https:\/\/www.mostra-mi.it\/","name":"Mostrami","description":"Mostrami, galleria che si propone come vetrina per giovani artisti","publisher":{"@id":"https:\/\/www.mostra-mi.it\/#organization"},"potentialAction":[{"@type":"SearchAction","target":{"@type":"EntryPoint","urlTemplate":"https:\/\/www.mostra-mi.it\/?s={search_term_string}"},"query-input":{"@type":"PropertyValueSpecification","valueRequired":true,"valueName":"search_term_string"}}],"inLanguage":"en-GB"},{"@type":"Organization","@id":"https:\/\/www.mostra-mi.it\/#organization","name":"Mostrami","url":"https:\/\/www.mostra-mi.it\/","logo":{"@type":"ImageObject","inLanguage":"en-GB","@id":"https:\/\/www.mostra-mi.it\/#\/schema\/logo\/image\/","url":"","contentUrl":"","caption":"Mostrami"},"image":{"@id":"https:\/\/www.mostra-mi.it\/#\/schema\/logo\/image\/"}}]}},"_links":{"self":[{"href":"https:\/\/www.mostra-mi.it\/en\/wp-json\/wp\/v2\/product\/42903","targetHints":{"allow":["GET"]}}],"collection":[{"href":"https:\/\/www.mostra-mi.it\/en\/wp-json\/wp\/v2\/product"}],"about":[{"href":"https:\/\/www.mostra-mi.it\/en\/wp-json\/wp\/v2\/types\/product"}],"wp:featuredmedia":[{"embeddable":true,"href":"https:\/\/www.mostra-mi.it\/en\/wp-json\/wp\/v2\/media\/42904"}],"wp:attachment":[{"href":"https:\/\/www.mostra-mi.it\/en\/wp-json\/wp\/v2\/media?parent=42903"}],"wp:term":[{"taxonomy":"product_brand","embeddable":true,"href":"https:\/\/www.mostra-mi.it\/en\/wp-json\/wp\/v2\/product_brand?post=42903"},{"taxonomy":"product_cat","embeddable":true,"href":"https:\/\/www.mostra-mi.it\/en\/wp-json\/wp\/v2\/product_cat?post=42903"},{"taxonomy":"product_tag","embeddable":true,"href":"https:\/\/www.mostra-mi.it\/en\/wp-json\/wp\/v2\/product_tag?post=42903"}],"curies":[{"name":"wp","href":"https:\/\/api.w.org\/{rel}","templated":true}]}}