{"id":42773,"date":"2022-11-08T17:38:43","date_gmt":"2022-11-08T16:38:43","guid":{"rendered":"https:\/\/mostra-mi.it\/?post_type=product&#038;p=42773"},"modified":"2022-11-08T17:38:43","modified_gmt":"2022-11-08T16:38:43","slug":"sotto-lo-stesso-cielo-%d8%aa%d8%ad%d8%aa-%d9%86%d9%81%d8%b3-%d8%a7%d9%84%d8%b3%d9%85%d8%a7%d8%a1","status":"publish","type":"product","link":"https:\/\/www.mostra-mi.it\/en\/opera\/sotto-lo-stesso-cielo-%d8%aa%d8%ad%d8%aa-%d9%86%d9%81%d8%b3-%d8%a7%d9%84%d8%b3%d9%85%d8%a7%d8%a1","title":{"rendered":"Sotto lo stesso cielo &#8211; \u062a\u062d\u062a \u0646\u0641\u0633 \u0627\u0644\u0633\u0645\u0627\u0621"},"content":{"rendered":"<p><em>L&#8217;intento dell&#8217;opera \u00e8 di mettere in relazione il passato con il presente.<\/em><\/p>\n<p>Il passato \u00e8 inciso in maniera indelebile sulla tavola. Quest&#8217;ultima \u00e8 un oggetto rudimentale risalente a tempi remoti, antecedenti ad ogni tipo di spaccatura sociale e culturale e giunge all&#8217;uomo sfidando il tempo e il deterioramento di un&#8217;epoca.\u00a0 E&#8217; l&#8217;emblema di un presente le cui conseguenze disastrose sono visibili sul volto dell&#8217;uomo, scalfito dalle atrocit\u00e0 della guerra.<\/p>\n<p>L&#8217;uomo \u00e8 rianimato da una nuova luce: \u00e8 la speranza che il ritrovamento della tavola che tiene in mano possa cambiare le sorti dei due popoli.<\/p>\n<p>Le parole <strong>&#8220;Sotto lo stesso cielo&#8221;<\/strong> scuotono il suo animo sino alle fondamenta poich\u00e9 si fanno portatrici di una semplice verit\u00e0:<\/p>\n<p><em>Nonostante differenze e interessi sono spesso motivo di lotte e scontri, il rispetto per la vita altrui non dovrebbe essere dimenticato: \u00e8 un valore imprescindibile.<\/em><\/p>\n<p>Egli attraverso tale rivelazione riacquista l&#8217;innocenza infantile, l&#8217;ingenuit\u00e0 che spinge i bambini a condividere tutto senza troppe domande, lasciandosi guidare dall&#8217;istinto, inconsapevoli delle motivazioni che spingono gli uomini a compiere atti indicibili.<\/p>","protected":false},"excerpt":{"rendered":"<p>L&#8217;intento dell&#8217;opera \u00e8 di mettere in relazione il passato con il presente. Il passato \u00e8 inciso in maniera indelebile sulla tavola. Quest&#8217;ultima \u00e8 un oggetto rudimentale risalente a tempi remoti, antecedenti ad ogni tipo di spaccatura sociale e culturale e&#8230;<\/p>","protected":false},"featured_media":42750,"template":"","meta":[],"product_brand":[],"product_cat":[688],"product_tag":[771,773,781,807,865,867,2405],"class_list":{"0":"post-42773","1":"product","2":"type-product","3":"status-publish","4":"has-post-thumbnail","6":"product_cat-scultura-it","7":"product_tag-giovane-artista","8":"product_tag-arte-contemporanea","9":"product_tag-scultura-contemporanea","10":"product_tag-arte-emergente","11":"product_tag-giovane-scultore","12":"product_tag-arte-astratta","13":"product_tag-scultura-in-metallo","14":"pa_colore-prevalente-grigio","15":"pa_soggetto-uomo","16":"pa_stile-opera-sperimentale","17":"pa_supporto-metallo","18":"pa_tipologia-opera-scultura","20":"first","21":"instock","22":"shipping-taxable","23":"product-type-simple"},"yoast_head":"<!-- This site is optimized with the Yoast SEO plugin v27.3 - https:\/\/yoast.com\/product\/yoast-seo-wordpress\/ -->\n<title>Sotto lo stesso cielo - \u062a\u062d\u062a \u0646\u0641\u0633 \u0627\u0644\u0633\u0645\u0627\u0621 - Mostrami<\/title>\n<meta name=\"description\" content=\"L&#039;artista e scultore contemporaneo Manuel Quaresima ha realizzato la scultura Sotto lo stesso cielo - \u062a\u062d\u062a \u0646\u0641\u0633 \u0627\u0644\u0633\u0645\u0627\u0621\" \/>\n<meta name=\"robots\" content=\"index, follow, max-snippet:-1, max-image-preview:large, max-video-preview:-1\" \/>\n<link rel=\"canonical\" href=\"https:\/\/www.mostra-mi.it\/en\/opera\/sotto-lo-stesso-cielo-\u062a\u062d\u062a-\u0646\u0641\u0633-\u0627\u0644\u0633\u0645\u0627\u0621\" \/>\n<meta property=\"og:locale\" content=\"en_GB\" \/>\n<meta property=\"og:type\" content=\"article\" \/>\n<meta property=\"og:title\" content=\"Sotto lo stesso cielo - \u062a\u062d\u062a \u0646\u0641\u0633 \u0627\u0644\u0633\u0645\u0627\u0621 - Mostrami\" \/>\n<meta property=\"og:description\" content=\"L&#039;artista e scultore contemporaneo Manuel Quaresima ha realizzato la scultura Sotto lo stesso cielo - \u062a\u062d\u062a \u0646\u0641\u0633 \u0627\u0644\u0633\u0645\u0627\u0621\" \/>\n<meta property=\"og:url\" content=\"https:\/\/www.mostra-mi.it\/en\/opera\/sotto-lo-stesso-cielo-\u062a\u062d\u062a-\u0646\u0641\u0633-\u0627\u0644\u0633\u0645\u0627\u0621\" \/>\n<meta property=\"og:site_name\" content=\"Mostrami\" \/>\n<meta property=\"og:image\" content=\"https:\/\/www.mostra-mi.it\/wp-content\/uploads\/20220518_145318-1-scaled.jpg\" \/>\n\t<meta property=\"og:image:width\" content=\"1920\" \/>\n\t<meta property=\"og:image:height\" content=\"2560\" \/>\n\t<meta property=\"og:image:type\" content=\"image\/jpeg\" \/>\n<meta name=\"twitter:card\" content=\"summary_large_image\" \/>\n<meta name=\"twitter:label1\" content=\"Estimated reading time\" \/>\n\t<meta name=\"twitter:data1\" content=\"1 minute\" \/>\n<script type=\"application\/ld+json\" class=\"yoast-schema-graph\">{\"@context\":\"https:\\\/\\\/schema.org\",\"@graph\":[{\"@type\":\"WebPage\",\"@id\":\"https:\\\/\\\/www.mostra-mi.it\\\/en\\\/opera\\\/sotto-lo-stesso-cielo-%d8%aa%d8%ad%d8%aa-%d9%86%d9%81%d8%b3-%d8%a7%d9%84%d8%b3%d9%85%d8%a7%d8%a1\",\"url\":\"https:\\\/\\\/www.mostra-mi.it\\\/en\\\/opera\\\/sotto-lo-stesso-cielo-%d8%aa%d8%ad%d8%aa-%d9%86%d9%81%d8%b3-%d8%a7%d9%84%d8%b3%d9%85%d8%a7%d8%a1\",\"name\":\"Sotto lo stesso cielo - \u062a\u062d\u062a \u0646\u0641\u0633 \u0627\u0644\u0633\u0645\u0627\u0621 - Mostrami\",\"isPartOf\":{\"@id\":\"https:\\\/\\\/www.mostra-mi.it\\\/#website\"},\"primaryImageOfPage\":{\"@id\":\"https:\\\/\\\/www.mostra-mi.it\\\/en\\\/opera\\\/sotto-lo-stesso-cielo-%d8%aa%d8%ad%d8%aa-%d9%86%d9%81%d8%b3-%d8%a7%d9%84%d8%b3%d9%85%d8%a7%d8%a1#primaryimage\"},\"image\":{\"@id\":\"https:\\\/\\\/www.mostra-mi.it\\\/en\\\/opera\\\/sotto-lo-stesso-cielo-%d8%aa%d8%ad%d8%aa-%d9%86%d9%81%d8%b3-%d8%a7%d9%84%d8%b3%d9%85%d8%a7%d8%a1#primaryimage\"},\"thumbnailUrl\":\"https:\\\/\\\/www.mostra-mi.it\\\/wp-content\\\/uploads\\\/20220518_145318-1-scaled.jpg\",\"datePublished\":\"2022-11-08T16:38:43+00:00\",\"description\":\"L'artista e scultore contemporaneo Manuel Quaresima ha realizzato la scultura Sotto lo stesso cielo - \u062a\u062d\u062a \u0646\u0641\u0633 \u0627\u0644\u0633\u0645\u0627\u0621\",\"breadcrumb\":{\"@id\":\"https:\\\/\\\/www.mostra-mi.it\\\/en\\\/opera\\\/sotto-lo-stesso-cielo-%d8%aa%d8%ad%d8%aa-%d9%86%d9%81%d8%b3-%d8%a7%d9%84%d8%b3%d9%85%d8%a7%d8%a1#breadcrumb\"},\"inLanguage\":\"en-GB\",\"potentialAction\":[{\"@type\":\"ReadAction\",\"target\":[\"https:\\\/\\\/www.mostra-mi.it\\\/en\\\/opera\\\/sotto-lo-stesso-cielo-%d8%aa%d8%ad%d8%aa-%d9%86%d9%81%d8%b3-%d8%a7%d9%84%d8%b3%d9%85%d8%a7%d8%a1\"]}]},{\"@type\":\"ImageObject\",\"inLanguage\":\"en-GB\",\"@id\":\"https:\\\/\\\/www.mostra-mi.it\\\/en\\\/opera\\\/sotto-lo-stesso-cielo-%d8%aa%d8%ad%d8%aa-%d9%86%d9%81%d8%b3-%d8%a7%d9%84%d8%b3%d9%85%d8%a7%d8%a1#primaryimage\",\"url\":\"https:\\\/\\\/www.mostra-mi.it\\\/wp-content\\\/uploads\\\/20220518_145318-1-scaled.jpg\",\"contentUrl\":\"https:\\\/\\\/www.mostra-mi.it\\\/wp-content\\\/uploads\\\/20220518_145318-1-scaled.jpg\",\"width\":1920,\"height\":2560},{\"@type\":\"BreadcrumbList\",\"@id\":\"https:\\\/\\\/www.mostra-mi.it\\\/en\\\/opera\\\/sotto-lo-stesso-cielo-%d8%aa%d8%ad%d8%aa-%d9%86%d9%81%d8%b3-%d8%a7%d9%84%d8%b3%d9%85%d8%a7%d8%a1#breadcrumb\",\"itemListElement\":[{\"@type\":\"ListItem\",\"position\":1,\"name\":\"Home\",\"item\":\"https:\\\/\\\/www.mostra-mi.it\\\/\"},{\"@type\":\"ListItem\",\"position\":2,\"name\":\"Opere\",\"item\":\"https:\\\/\\\/www.mostra-mi.it\\\/en\\\/opere-mostrami\"},{\"@type\":\"ListItem\",\"position\":3,\"name\":\"Sotto lo stesso cielo &#8211; \u062a\u062d\u062a \u0646\u0641\u0633 \u0627\u0644\u0633\u0645\u0627\u0621\"}]},{\"@type\":\"WebSite\",\"@id\":\"https:\\\/\\\/www.mostra-mi.it\\\/#website\",\"url\":\"https:\\\/\\\/www.mostra-mi.it\\\/\",\"name\":\"Mostrami\",\"description\":\"Mostrami, galleria che si propone come vetrina per giovani artisti\",\"publisher\":{\"@id\":\"https:\\\/\\\/www.mostra-mi.it\\\/#organization\"},\"potentialAction\":[{\"@type\":\"SearchAction\",\"target\":{\"@type\":\"EntryPoint\",\"urlTemplate\":\"https:\\\/\\\/www.mostra-mi.it\\\/?s={search_term_string}\"},\"query-input\":{\"@type\":\"PropertyValueSpecification\",\"valueRequired\":true,\"valueName\":\"search_term_string\"}}],\"inLanguage\":\"en-GB\"},{\"@type\":\"Organization\",\"@id\":\"https:\\\/\\\/www.mostra-mi.it\\\/#organization\",\"name\":\"Mostrami\",\"url\":\"https:\\\/\\\/www.mostra-mi.it\\\/\",\"logo\":{\"@type\":\"ImageObject\",\"inLanguage\":\"en-GB\",\"@id\":\"https:\\\/\\\/www.mostra-mi.it\\\/#\\\/schema\\\/logo\\\/image\\\/\",\"url\":\"\",\"contentUrl\":\"\",\"caption\":\"Mostrami\"},\"image\":{\"@id\":\"https:\\\/\\\/www.mostra-mi.it\\\/#\\\/schema\\\/logo\\\/image\\\/\"}}]}<\/script>\n<!-- \/ Yoast SEO plugin. -->","yoast_head_json":{"title":"Sotto lo stesso cielo - \u062a\u062d\u062a \u0646\u0641\u0633 \u0627\u0644\u0633\u0645\u0627\u0621 - Mostrami","description":"L'artista e scultore contemporaneo Manuel Quaresima ha realizzato la scultura Sotto lo stesso cielo - \u062a\u062d\u062a \u0646\u0641\u0633 \u0627\u0644\u0633\u0645\u0627\u0621","robots":{"index":"index","follow":"follow","max-snippet":"max-snippet:-1","max-image-preview":"max-image-preview:large","max-video-preview":"max-video-preview:-1"},"canonical":"https:\/\/www.mostra-mi.it\/en\/opera\/sotto-lo-stesso-cielo-\u062a\u062d\u062a-\u0646\u0641\u0633-\u0627\u0644\u0633\u0645\u0627\u0621","og_locale":"en_GB","og_type":"article","og_title":"Sotto lo stesso cielo - \u062a\u062d\u062a \u0646\u0641\u0633 \u0627\u0644\u0633\u0645\u0627\u0621 - Mostrami","og_description":"L'artista e scultore contemporaneo Manuel Quaresima ha realizzato la scultura Sotto lo stesso cielo - \u062a\u062d\u062a \u0646\u0641\u0633 \u0627\u0644\u0633\u0645\u0627\u0621","og_url":"https:\/\/www.mostra-mi.it\/en\/opera\/sotto-lo-stesso-cielo-\u062a\u062d\u062a-\u0646\u0641\u0633-\u0627\u0644\u0633\u0645\u0627\u0621","og_site_name":"Mostrami","og_image":[{"width":1920,"height":2560,"url":"https:\/\/www.mostra-mi.it\/wp-content\/uploads\/20220518_145318-1-scaled.jpg","type":"image\/jpeg"}],"twitter_card":"summary_large_image","twitter_misc":{"Estimated reading time":"1 minute"},"schema":{"@context":"https:\/\/schema.org","@graph":[{"@type":"WebPage","@id":"https:\/\/www.mostra-mi.it\/en\/opera\/sotto-lo-stesso-cielo-%d8%aa%d8%ad%d8%aa-%d9%86%d9%81%d8%b3-%d8%a7%d9%84%d8%b3%d9%85%d8%a7%d8%a1","url":"https:\/\/www.mostra-mi.it\/en\/opera\/sotto-lo-stesso-cielo-%d8%aa%d8%ad%d8%aa-%d9%86%d9%81%d8%b3-%d8%a7%d9%84%d8%b3%d9%85%d8%a7%d8%a1","name":"Sotto lo stesso cielo - \u062a\u062d\u062a \u0646\u0641\u0633 \u0627\u0644\u0633\u0645\u0627\u0621 - Mostrami","isPartOf":{"@id":"https:\/\/www.mostra-mi.it\/#website"},"primaryImageOfPage":{"@id":"https:\/\/www.mostra-mi.it\/en\/opera\/sotto-lo-stesso-cielo-%d8%aa%d8%ad%d8%aa-%d9%86%d9%81%d8%b3-%d8%a7%d9%84%d8%b3%d9%85%d8%a7%d8%a1#primaryimage"},"image":{"@id":"https:\/\/www.mostra-mi.it\/en\/opera\/sotto-lo-stesso-cielo-%d8%aa%d8%ad%d8%aa-%d9%86%d9%81%d8%b3-%d8%a7%d9%84%d8%b3%d9%85%d8%a7%d8%a1#primaryimage"},"thumbnailUrl":"https:\/\/www.mostra-mi.it\/wp-content\/uploads\/20220518_145318-1-scaled.jpg","datePublished":"2022-11-08T16:38:43+00:00","description":"L'artista e scultore contemporaneo Manuel Quaresima ha realizzato la scultura Sotto lo stesso cielo - \u062a\u062d\u062a \u0646\u0641\u0633 \u0627\u0644\u0633\u0645\u0627\u0621","breadcrumb":{"@id":"https:\/\/www.mostra-mi.it\/en\/opera\/sotto-lo-stesso-cielo-%d8%aa%d8%ad%d8%aa-%d9%86%d9%81%d8%b3-%d8%a7%d9%84%d8%b3%d9%85%d8%a7%d8%a1#breadcrumb"},"inLanguage":"en-GB","potentialAction":[{"@type":"ReadAction","target":["https:\/\/www.mostra-mi.it\/en\/opera\/sotto-lo-stesso-cielo-%d8%aa%d8%ad%d8%aa-%d9%86%d9%81%d8%b3-%d8%a7%d9%84%d8%b3%d9%85%d8%a7%d8%a1"]}]},{"@type":"ImageObject","inLanguage":"en-GB","@id":"https:\/\/www.mostra-mi.it\/en\/opera\/sotto-lo-stesso-cielo-%d8%aa%d8%ad%d8%aa-%d9%86%d9%81%d8%b3-%d8%a7%d9%84%d8%b3%d9%85%d8%a7%d8%a1#primaryimage","url":"https:\/\/www.mostra-mi.it\/wp-content\/uploads\/20220518_145318-1-scaled.jpg","contentUrl":"https:\/\/www.mostra-mi.it\/wp-content\/uploads\/20220518_145318-1-scaled.jpg","width":1920,"height":2560},{"@type":"BreadcrumbList","@id":"https:\/\/www.mostra-mi.it\/en\/opera\/sotto-lo-stesso-cielo-%d8%aa%d8%ad%d8%aa-%d9%86%d9%81%d8%b3-%d8%a7%d9%84%d8%b3%d9%85%d8%a7%d8%a1#breadcrumb","itemListElement":[{"@type":"ListItem","position":1,"name":"Home","item":"https:\/\/www.mostra-mi.it\/"},{"@type":"ListItem","position":2,"name":"Opere","item":"https:\/\/www.mostra-mi.it\/en\/opere-mostrami"},{"@type":"ListItem","position":3,"name":"Sotto lo stesso cielo &#8211; \u062a\u062d\u062a \u0646\u0641\u0633 \u0627\u0644\u0633\u0645\u0627\u0621"}]},{"@type":"WebSite","@id":"https:\/\/www.mostra-mi.it\/#website","url":"https:\/\/www.mostra-mi.it\/","name":"Mostrami","description":"Mostrami, galleria che si propone come vetrina per giovani artisti","publisher":{"@id":"https:\/\/www.mostra-mi.it\/#organization"},"potentialAction":[{"@type":"SearchAction","target":{"@type":"EntryPoint","urlTemplate":"https:\/\/www.mostra-mi.it\/?s={search_term_string}"},"query-input":{"@type":"PropertyValueSpecification","valueRequired":true,"valueName":"search_term_string"}}],"inLanguage":"en-GB"},{"@type":"Organization","@id":"https:\/\/www.mostra-mi.it\/#organization","name":"Mostrami","url":"https:\/\/www.mostra-mi.it\/","logo":{"@type":"ImageObject","inLanguage":"en-GB","@id":"https:\/\/www.mostra-mi.it\/#\/schema\/logo\/image\/","url":"","contentUrl":"","caption":"Mostrami"},"image":{"@id":"https:\/\/www.mostra-mi.it\/#\/schema\/logo\/image\/"}}]}},"_links":{"self":[{"href":"https:\/\/www.mostra-mi.it\/en\/wp-json\/wp\/v2\/product\/42773","targetHints":{"allow":["GET"]}}],"collection":[{"href":"https:\/\/www.mostra-mi.it\/en\/wp-json\/wp\/v2\/product"}],"about":[{"href":"https:\/\/www.mostra-mi.it\/en\/wp-json\/wp\/v2\/types\/product"}],"wp:featuredmedia":[{"embeddable":true,"href":"https:\/\/www.mostra-mi.it\/en\/wp-json\/wp\/v2\/media\/42750"}],"wp:attachment":[{"href":"https:\/\/www.mostra-mi.it\/en\/wp-json\/wp\/v2\/media?parent=42773"}],"wp:term":[{"taxonomy":"product_brand","embeddable":true,"href":"https:\/\/www.mostra-mi.it\/en\/wp-json\/wp\/v2\/product_brand?post=42773"},{"taxonomy":"product_cat","embeddable":true,"href":"https:\/\/www.mostra-mi.it\/en\/wp-json\/wp\/v2\/product_cat?post=42773"},{"taxonomy":"product_tag","embeddable":true,"href":"https:\/\/www.mostra-mi.it\/en\/wp-json\/wp\/v2\/product_tag?post=42773"}],"curies":[{"name":"wp","href":"https:\/\/api.w.org\/{rel}","templated":true}]}}