{"id":42162,"date":"2022-03-11T16:51:58","date_gmt":"2022-03-11T15:51:58","guid":{"rendered":"https:\/\/mostra-mi.it\/?post_type=product&#038;p=42162"},"modified":"2022-03-11T16:51:59","modified_gmt":"2022-03-11T15:51:59","slug":"geisha-2","status":"publish","type":"product","link":"https:\/\/www.mostra-mi.it\/en\/opera\/geisha-2","title":{"rendered":"Geisha"},"content":{"rendered":"<p>In Giappone, ancora oggi, vive un&#8217;antica tradizione di ragazze che intrattengono persone ballando, cantando e suonando gli strumenti tipici giapponesi: la Geisha. Il termine Geisha \u00e8 composto da due kanji, uno che<br \/>\nsignifica \u201carte\u201d ed uno che significa \u201cpersona\u201d, la traduzione letterale potrebbe quindi essere \u201cpersona d&#8217;arte\u201d ovvero quando essere donna diventa un&#8217;arte.<br \/>\nL&#8217;apprendista Geisha \u00e8 chiamata Maiko (\u201cfanciulla danzante\u201d), \u00e8 proprio la Maiko che con le sue complicate pettinature, il trucco elaborato e i coloratissimi kimono ha contribuito a creare lo stereotipo della Geisha che si ha in occidente.<br \/>\nL&#8217;altro termine usato per indicare la geisha \u00e8 Geiko, ovvero la geisha di Gion, quartiere di Kyoto.<br \/>\nKyoto ospita molte di queste ragazze, che vivono in quartieri chiamati Hanamachi: Gion Kobu e Gion Higashi.<br \/>\nNonostante il declino del numero di Geisha presenti, Gion \u00e8 stata dichiarata b ene culturale tutelato dal governo nazionale.<br \/>\nVi sono presenti numerose sale da t\u00e8, dove le ragazze intrattengono intellettuali e uomini d&#8217;affari. La casa da t\u00e8 \u00e8 un mondo appartato in cui l&#8217;intrattenimento viene offerto attraverso bevande, piacevoli conversazioni e musica tradizionale.<br \/>\nLe prime figure presenti in Giappone che si possono accomunare alla Geisha odierna furono le Saburuko, cortigiane specializzate nell&#8217;intrattenimento delle classi nobili. Ebbero il loro apice nel VII secolo, per poi scomparire soppiantate dalle Juuyo, ossia prostitute d&#8217;alto bordo.<br \/>\nDa qui probabilmente parte anche il malinteso che riguarda le Geishe, che in occidente spesso sono confuse con le prostitute. Anche per colpa dell&#8217;occupazione degli americani in Giappone, che sca mbiarono le \u201cdonne di piacere\u201d con le Geisha, mentre in Cina, la parola Geisha \u00e8 tradotta con il termine y\u00ec j\u00ec, dove j\u00ec ha il significato proprio di &#8220;prostituta&#8221;.<br \/>\nDal 1600 comparirono figure simili alla Geisha odierna, che per\u00f2 erano uomini, che avevano il compito di intrattenere gli astanti con balli e battute di spirito. Circa alla met\u00e0 del secolo successivo comparirono le prime donne Geisha.<br \/>\nNel 1617, durante il periodo Edo, Tokugawa Hidetada (shogun), rese la prostituzione legale.<br \/>\nPer non confondere la Geisha con le prostitute, nel XIX secolo in tutte le principali citt\u00e0 del Giappone, furono approntati quartieri dove avrebbero potuto svolgere la loro professione.<br \/>\nPer questo progetto abbiamo cercato di cogliere la quotidianit\u00e0 del loro lavoro; muovendosi da un locale ad un altro e sbucando improvvisamente da questa o quella via poco illuminata, parte della difficolt\u00e0 ad immortalarle \u00e8 infatti da attribuirsi alla rapidit\u00e0 con cui si spostano per il quartiere e dalla loro volont\u00e0 di rimanere quasi invisibili.<br \/>\nLa nostra scelta \u00e8 stata quella di non importunarle durante i loro spostamenti, ma di essere pazienti e discreti, per poter cogliere quello sguardo in camera, quel cenno di assenso, quel segno di riconoscimento per non essere stati invadenti, venendo poi ripagati da uno scatto che da solo vale l&#8217;attesa.<\/p>","protected":false},"excerpt":{"rendered":"<p>In Giappone, ancora oggi, vive un&#8217;antica tradizione di ragazze che intrattengono persone ballando, cantando e suonando gli strumenti tipici giapponesi: la Geisha. Il termine Geisha \u00e8 composto da due kanji, uno che significa \u201carte\u201d ed uno che significa \u201cpersona\u201d, la&#8230;<\/p>","protected":false},"featured_media":42158,"template":"","meta":[],"product_brand":[],"product_cat":[777],"product_tag":[1327,1981,2004],"class_list":{"0":"post-42162","1":"product","2":"type-product","3":"status-publish","4":"has-post-thumbnail","6":"product_cat-fotografia-it","7":"product_tag-giovane-artista-emergente","8":"product_tag-fotografia-artistica","9":"product_tag-fotografia-contemporanea-emergente","10":"pa_colore-prevalente-rosso","11":"pa_colore-prevalente-nero","12":"pa_colore-prevalente-bianco","13":"pa_soggetto-figurativo","14":"pa_soggetto-donna","15":"pa_tipologia-opera-fotografia","17":"first","18":"instock","19":"shipping-taxable","20":"product-type-simple"},"yoast_head":"<!-- This site is optimized with the Yoast SEO plugin v27.3 - https:\/\/yoast.com\/product\/yoast-seo-wordpress\/ -->\n<title>Geisha - Mostrami<\/title>\n<meta name=\"description\" content=\"Opera fotografica dell&#039;artista emergente Fabrizio Bonifazi, fotografo appassionato dell&#039;Oriente e delle sue tradizioni\" \/>\n<meta name=\"robots\" content=\"index, follow, max-snippet:-1, max-image-preview:large, max-video-preview:-1\" \/>\n<link rel=\"canonical\" href=\"https:\/\/www.mostra-mi.it\/en\/opera\/geisha-2\/\" \/>\n<meta property=\"og:locale\" content=\"en_GB\" \/>\n<meta property=\"og:type\" content=\"article\" \/>\n<meta property=\"og:title\" content=\"Geisha - Mostrami\" \/>\n<meta property=\"og:description\" content=\"Opera fotografica dell&#039;artista emergente Fabrizio Bonifazi, fotografo appassionato dell&#039;Oriente e delle sue tradizioni\" \/>\n<meta property=\"og:url\" content=\"https:\/\/www.mostra-mi.it\/en\/opera\/geisha-2\/\" \/>\n<meta property=\"og:site_name\" content=\"Mostrami\" \/>\n<meta property=\"article:modified_time\" content=\"2022-03-11T15:51:59+00:00\" \/>\n<meta property=\"og:image\" content=\"https:\/\/www.mostra-mi.it\/wp-content\/uploads\/Fabrizio_Bonifazi-4.jpg\" \/>\n\t<meta property=\"og:image:width\" content=\"1000\" \/>\n\t<meta property=\"og:image:height\" content=\"667\" \/>\n\t<meta property=\"og:image:type\" content=\"image\/jpeg\" \/>\n<meta name=\"twitter:card\" content=\"summary_large_image\" \/>\n<meta name=\"twitter:label1\" content=\"Estimated reading time\" \/>\n\t<meta name=\"twitter:data1\" content=\"3 minutes\" \/>\n<script type=\"application\/ld+json\" class=\"yoast-schema-graph\">{\"@context\":\"https:\\\/\\\/schema.org\",\"@graph\":[{\"@type\":\"WebPage\",\"@id\":\"https:\\\/\\\/www.mostra-mi.it\\\/opera\\\/geisha-2\",\"url\":\"https:\\\/\\\/www.mostra-mi.it\\\/opera\\\/geisha-2\",\"name\":\"Geisha - Mostrami\",\"isPartOf\":{\"@id\":\"https:\\\/\\\/www.mostra-mi.it\\\/#website\"},\"primaryImageOfPage\":{\"@id\":\"https:\\\/\\\/www.mostra-mi.it\\\/opera\\\/geisha-2#primaryimage\"},\"image\":{\"@id\":\"https:\\\/\\\/www.mostra-mi.it\\\/opera\\\/geisha-2#primaryimage\"},\"thumbnailUrl\":\"https:\\\/\\\/www.mostra-mi.it\\\/wp-content\\\/uploads\\\/Fabrizio_Bonifazi-4.jpg\",\"datePublished\":\"2022-03-11T15:51:58+00:00\",\"dateModified\":\"2022-03-11T15:51:59+00:00\",\"description\":\"Opera fotografica dell'artista emergente Fabrizio Bonifazi, fotografo appassionato dell'Oriente e delle sue tradizioni\",\"breadcrumb\":{\"@id\":\"https:\\\/\\\/www.mostra-mi.it\\\/opera\\\/geisha-2#breadcrumb\"},\"inLanguage\":\"en-GB\",\"potentialAction\":[{\"@type\":\"ReadAction\",\"target\":[\"https:\\\/\\\/www.mostra-mi.it\\\/opera\\\/geisha-2\"]}]},{\"@type\":\"ImageObject\",\"inLanguage\":\"en-GB\",\"@id\":\"https:\\\/\\\/www.mostra-mi.it\\\/opera\\\/geisha-2#primaryimage\",\"url\":\"https:\\\/\\\/www.mostra-mi.it\\\/wp-content\\\/uploads\\\/Fabrizio_Bonifazi-4.jpg\",\"contentUrl\":\"https:\\\/\\\/www.mostra-mi.it\\\/wp-content\\\/uploads\\\/Fabrizio_Bonifazi-4.jpg\",\"width\":1000,\"height\":667},{\"@type\":\"BreadcrumbList\",\"@id\":\"https:\\\/\\\/www.mostra-mi.it\\\/opera\\\/geisha-2#breadcrumb\",\"itemListElement\":[{\"@type\":\"ListItem\",\"position\":1,\"name\":\"Home\",\"item\":\"https:\\\/\\\/www.mostra-mi.it\\\/\"},{\"@type\":\"ListItem\",\"position\":2,\"name\":\"Opere\",\"item\":\"https:\\\/\\\/www.mostra-mi.it\\\/en\\\/opere-mostrami\"},{\"@type\":\"ListItem\",\"position\":3,\"name\":\"Geisha\"}]},{\"@type\":\"WebSite\",\"@id\":\"https:\\\/\\\/www.mostra-mi.it\\\/#website\",\"url\":\"https:\\\/\\\/www.mostra-mi.it\\\/\",\"name\":\"Mostrami\",\"description\":\"Mostrami, galleria che si propone come vetrina per giovani artisti\",\"publisher\":{\"@id\":\"https:\\\/\\\/www.mostra-mi.it\\\/#organization\"},\"potentialAction\":[{\"@type\":\"SearchAction\",\"target\":{\"@type\":\"EntryPoint\",\"urlTemplate\":\"https:\\\/\\\/www.mostra-mi.it\\\/?s={search_term_string}\"},\"query-input\":{\"@type\":\"PropertyValueSpecification\",\"valueRequired\":true,\"valueName\":\"search_term_string\"}}],\"inLanguage\":\"en-GB\"},{\"@type\":\"Organization\",\"@id\":\"https:\\\/\\\/www.mostra-mi.it\\\/#organization\",\"name\":\"Mostrami\",\"url\":\"https:\\\/\\\/www.mostra-mi.it\\\/\",\"logo\":{\"@type\":\"ImageObject\",\"inLanguage\":\"en-GB\",\"@id\":\"https:\\\/\\\/www.mostra-mi.it\\\/#\\\/schema\\\/logo\\\/image\\\/\",\"url\":\"\",\"contentUrl\":\"\",\"caption\":\"Mostrami\"},\"image\":{\"@id\":\"https:\\\/\\\/www.mostra-mi.it\\\/#\\\/schema\\\/logo\\\/image\\\/\"}}]}<\/script>\n<!-- \/ Yoast SEO plugin. -->","yoast_head_json":{"title":"Geisha - Mostrami","description":"Opera fotografica dell'artista emergente Fabrizio Bonifazi, fotografo appassionato dell'Oriente e delle sue tradizioni","robots":{"index":"index","follow":"follow","max-snippet":"max-snippet:-1","max-image-preview":"max-image-preview:large","max-video-preview":"max-video-preview:-1"},"canonical":"https:\/\/www.mostra-mi.it\/en\/opera\/geisha-2\/","og_locale":"en_GB","og_type":"article","og_title":"Geisha - Mostrami","og_description":"Opera fotografica dell'artista emergente Fabrizio Bonifazi, fotografo appassionato dell'Oriente e delle sue tradizioni","og_url":"https:\/\/www.mostra-mi.it\/en\/opera\/geisha-2\/","og_site_name":"Mostrami","article_modified_time":"2022-03-11T15:51:59+00:00","og_image":[{"width":1000,"height":667,"url":"https:\/\/www.mostra-mi.it\/wp-content\/uploads\/Fabrizio_Bonifazi-4.jpg","type":"image\/jpeg"}],"twitter_card":"summary_large_image","twitter_misc":{"Estimated reading time":"3 minutes"},"schema":{"@context":"https:\/\/schema.org","@graph":[{"@type":"WebPage","@id":"https:\/\/www.mostra-mi.it\/opera\/geisha-2","url":"https:\/\/www.mostra-mi.it\/opera\/geisha-2","name":"Geisha - Mostrami","isPartOf":{"@id":"https:\/\/www.mostra-mi.it\/#website"},"primaryImageOfPage":{"@id":"https:\/\/www.mostra-mi.it\/opera\/geisha-2#primaryimage"},"image":{"@id":"https:\/\/www.mostra-mi.it\/opera\/geisha-2#primaryimage"},"thumbnailUrl":"https:\/\/www.mostra-mi.it\/wp-content\/uploads\/Fabrizio_Bonifazi-4.jpg","datePublished":"2022-03-11T15:51:58+00:00","dateModified":"2022-03-11T15:51:59+00:00","description":"Opera fotografica dell'artista emergente Fabrizio Bonifazi, fotografo appassionato dell'Oriente e delle sue tradizioni","breadcrumb":{"@id":"https:\/\/www.mostra-mi.it\/opera\/geisha-2#breadcrumb"},"inLanguage":"en-GB","potentialAction":[{"@type":"ReadAction","target":["https:\/\/www.mostra-mi.it\/opera\/geisha-2"]}]},{"@type":"ImageObject","inLanguage":"en-GB","@id":"https:\/\/www.mostra-mi.it\/opera\/geisha-2#primaryimage","url":"https:\/\/www.mostra-mi.it\/wp-content\/uploads\/Fabrizio_Bonifazi-4.jpg","contentUrl":"https:\/\/www.mostra-mi.it\/wp-content\/uploads\/Fabrizio_Bonifazi-4.jpg","width":1000,"height":667},{"@type":"BreadcrumbList","@id":"https:\/\/www.mostra-mi.it\/opera\/geisha-2#breadcrumb","itemListElement":[{"@type":"ListItem","position":1,"name":"Home","item":"https:\/\/www.mostra-mi.it\/"},{"@type":"ListItem","position":2,"name":"Opere","item":"https:\/\/www.mostra-mi.it\/en\/opere-mostrami"},{"@type":"ListItem","position":3,"name":"Geisha"}]},{"@type":"WebSite","@id":"https:\/\/www.mostra-mi.it\/#website","url":"https:\/\/www.mostra-mi.it\/","name":"Mostrami","description":"Mostrami, galleria che si propone come vetrina per giovani artisti","publisher":{"@id":"https:\/\/www.mostra-mi.it\/#organization"},"potentialAction":[{"@type":"SearchAction","target":{"@type":"EntryPoint","urlTemplate":"https:\/\/www.mostra-mi.it\/?s={search_term_string}"},"query-input":{"@type":"PropertyValueSpecification","valueRequired":true,"valueName":"search_term_string"}}],"inLanguage":"en-GB"},{"@type":"Organization","@id":"https:\/\/www.mostra-mi.it\/#organization","name":"Mostrami","url":"https:\/\/www.mostra-mi.it\/","logo":{"@type":"ImageObject","inLanguage":"en-GB","@id":"https:\/\/www.mostra-mi.it\/#\/schema\/logo\/image\/","url":"","contentUrl":"","caption":"Mostrami"},"image":{"@id":"https:\/\/www.mostra-mi.it\/#\/schema\/logo\/image\/"}}]}},"_links":{"self":[{"href":"https:\/\/www.mostra-mi.it\/en\/wp-json\/wp\/v2\/product\/42162","targetHints":{"allow":["GET"]}}],"collection":[{"href":"https:\/\/www.mostra-mi.it\/en\/wp-json\/wp\/v2\/product"}],"about":[{"href":"https:\/\/www.mostra-mi.it\/en\/wp-json\/wp\/v2\/types\/product"}],"wp:featuredmedia":[{"embeddable":true,"href":"https:\/\/www.mostra-mi.it\/en\/wp-json\/wp\/v2\/media\/42158"}],"wp:attachment":[{"href":"https:\/\/www.mostra-mi.it\/en\/wp-json\/wp\/v2\/media?parent=42162"}],"wp:term":[{"taxonomy":"product_brand","embeddable":true,"href":"https:\/\/www.mostra-mi.it\/en\/wp-json\/wp\/v2\/product_brand?post=42162"},{"taxonomy":"product_cat","embeddable":true,"href":"https:\/\/www.mostra-mi.it\/en\/wp-json\/wp\/v2\/product_cat?post=42162"},{"taxonomy":"product_tag","embeddable":true,"href":"https:\/\/www.mostra-mi.it\/en\/wp-json\/wp\/v2\/product_tag?post=42162"}],"curies":[{"name":"wp","href":"https:\/\/api.w.org\/{rel}","templated":true}]}}