{"id":41789,"date":"2022-02-14T15:33:28","date_gmt":"2022-02-14T14:33:28","guid":{"rendered":"https:\/\/mostra-mi.it\/?post_type=product&#038;p=41789"},"modified":"2022-02-14T15:33:29","modified_gmt":"2022-02-14T14:33:29","slug":"vivere-insieme-2030","status":"publish","type":"product","link":"https:\/\/www.mostra-mi.it\/en\/opera\/vivere-insieme-2030","title":{"rendered":"Vivere insieme 2030"},"content":{"rendered":"<p>A proposito dell&#8217;opera, l&#8217;artista dichiara: &#8220;Dicono che l\u2019uomo o la donna, che metter\u00e0 piede per la prima volta su Marte \u00e8 gia nato. Ma voi vi siete mai chiesti come sar\u00e0 vivere su Marte? Ci ho ragionato un po\u2019 e la vita su marte me la immagino cos\u00ec&#8230; con una grossa bolla in testa, per garantirci l\u2019ossigeno&#8221;.<\/p>","protected":false},"excerpt":{"rendered":"<p>A proposito dell&#8217;opera, l&#8217;artista dichiara: &#8220;Dicono che l\u2019uomo o la donna, che metter\u00e0 piede per la prima volta su Marte \u00e8 gia nato. Ma voi vi siete mai chiesti come sar\u00e0 vivere su Marte? Ci ho ragionato un po\u2019 e&#8230;<\/p>","protected":false},"featured_media":41790,"template":"","meta":[],"product_brand":[],"product_cat":[714],"product_tag":[773,1806,1977],"class_list":{"0":"post-41789","1":"product","2":"type-product","3":"status-publish","4":"has-post-thumbnail","6":"product_cat-pittura-it","7":"product_tag-arte-contemporanea","8":"product_tag-pittore-emergente","9":"product_tag-dipinto-di-arte-contemporanea","10":"pa_colore-prevalente-azzurro","11":"pa_soggetto-figurativo","12":"pa_tipologia-opera-pittura","14":"first","15":"instock","16":"shipping-taxable","17":"purchasable","18":"product-type-simple"},"yoast_head":"<!-- This site is optimized with the Yoast SEO plugin v27.3 - https:\/\/yoast.com\/product\/yoast-seo-wordpress\/ -->\n<title>Vivere insieme 2030 - Mostrami<\/title>\n<meta name=\"description\" content=\"Opera pittorica di arte contemporanea dove l&#039;artista immagina la vita sul pianeta Marte, dipingendo figure misteriose\" \/>\n<meta name=\"robots\" content=\"index, follow, max-snippet:-1, max-image-preview:large, max-video-preview:-1\" \/>\n<link rel=\"canonical\" href=\"https:\/\/www.mostra-mi.it\/en\/opera\/vivere-insieme-2030\/\" \/>\n<meta property=\"og:locale\" content=\"en_GB\" \/>\n<meta property=\"og:type\" content=\"article\" \/>\n<meta property=\"og:title\" content=\"Vivere insieme 2030 - Mostrami\" \/>\n<meta property=\"og:description\" content=\"Opera pittorica di arte contemporanea dove l&#039;artista immagina la vita sul pianeta Marte, dipingendo figure misteriose\" \/>\n<meta property=\"og:url\" content=\"https:\/\/www.mostra-mi.it\/en\/opera\/vivere-insieme-2030\/\" \/>\n<meta property=\"og:site_name\" content=\"Mostrami\" \/>\n<meta property=\"article:modified_time\" content=\"2022-02-14T14:33:29+00:00\" \/>\n<meta property=\"og:image\" content=\"https:\/\/www.mostra-mi.it\/wp-content\/uploads\/AC208980-F2D4-4FFA-9C82-225A2F67E923.jpeg\" \/>\n\t<meta property=\"og:image:width\" content=\"1537\" \/>\n\t<meta property=\"og:image:height\" content=\"2070\" \/>\n\t<meta property=\"og:image:type\" content=\"image\/jpeg\" \/>\n<meta name=\"twitter:card\" content=\"summary_large_image\" \/>\n<meta name=\"twitter:label1\" content=\"Estimated reading time\" \/>\n\t<meta name=\"twitter:data1\" content=\"1 minute\" \/>\n<script type=\"application\/ld+json\" class=\"yoast-schema-graph\">{\"@context\":\"https:\\\/\\\/schema.org\",\"@graph\":[{\"@type\":\"WebPage\",\"@id\":\"https:\\\/\\\/www.mostra-mi.it\\\/opera\\\/vivere-insieme-2030\",\"url\":\"https:\\\/\\\/www.mostra-mi.it\\\/opera\\\/vivere-insieme-2030\",\"name\":\"Vivere insieme 2030 - Mostrami\",\"isPartOf\":{\"@id\":\"https:\\\/\\\/www.mostra-mi.it\\\/#website\"},\"primaryImageOfPage\":{\"@id\":\"https:\\\/\\\/www.mostra-mi.it\\\/opera\\\/vivere-insieme-2030#primaryimage\"},\"image\":{\"@id\":\"https:\\\/\\\/www.mostra-mi.it\\\/opera\\\/vivere-insieme-2030#primaryimage\"},\"thumbnailUrl\":\"https:\\\/\\\/www.mostra-mi.it\\\/wp-content\\\/uploads\\\/AC208980-F2D4-4FFA-9C82-225A2F67E923.jpeg\",\"datePublished\":\"2022-02-14T14:33:28+00:00\",\"dateModified\":\"2022-02-14T14:33:29+00:00\",\"description\":\"Opera pittorica di arte contemporanea dove l'artista immagina la vita sul pianeta Marte, dipingendo figure misteriose\",\"breadcrumb\":{\"@id\":\"https:\\\/\\\/www.mostra-mi.it\\\/opera\\\/vivere-insieme-2030#breadcrumb\"},\"inLanguage\":\"en-GB\",\"potentialAction\":[{\"@type\":\"ReadAction\",\"target\":[\"https:\\\/\\\/www.mostra-mi.it\\\/opera\\\/vivere-insieme-2030\"]}]},{\"@type\":\"ImageObject\",\"inLanguage\":\"en-GB\",\"@id\":\"https:\\\/\\\/www.mostra-mi.it\\\/opera\\\/vivere-insieme-2030#primaryimage\",\"url\":\"https:\\\/\\\/www.mostra-mi.it\\\/wp-content\\\/uploads\\\/AC208980-F2D4-4FFA-9C82-225A2F67E923.jpeg\",\"contentUrl\":\"https:\\\/\\\/www.mostra-mi.it\\\/wp-content\\\/uploads\\\/AC208980-F2D4-4FFA-9C82-225A2F67E923.jpeg\",\"width\":1537,\"height\":2070},{\"@type\":\"BreadcrumbList\",\"@id\":\"https:\\\/\\\/www.mostra-mi.it\\\/opera\\\/vivere-insieme-2030#breadcrumb\",\"itemListElement\":[{\"@type\":\"ListItem\",\"position\":1,\"name\":\"Home\",\"item\":\"https:\\\/\\\/www.mostra-mi.it\\\/\"},{\"@type\":\"ListItem\",\"position\":2,\"name\":\"Opere\",\"item\":\"https:\\\/\\\/www.mostra-mi.it\\\/en\\\/opere-mostrami\"},{\"@type\":\"ListItem\",\"position\":3,\"name\":\"Vivere insieme 2030\"}]},{\"@type\":\"WebSite\",\"@id\":\"https:\\\/\\\/www.mostra-mi.it\\\/#website\",\"url\":\"https:\\\/\\\/www.mostra-mi.it\\\/\",\"name\":\"Mostrami\",\"description\":\"Mostrami, galleria che si propone come vetrina per giovani artisti\",\"publisher\":{\"@id\":\"https:\\\/\\\/www.mostra-mi.it\\\/#organization\"},\"potentialAction\":[{\"@type\":\"SearchAction\",\"target\":{\"@type\":\"EntryPoint\",\"urlTemplate\":\"https:\\\/\\\/www.mostra-mi.it\\\/?s={search_term_string}\"},\"query-input\":{\"@type\":\"PropertyValueSpecification\",\"valueRequired\":true,\"valueName\":\"search_term_string\"}}],\"inLanguage\":\"en-GB\"},{\"@type\":\"Organization\",\"@id\":\"https:\\\/\\\/www.mostra-mi.it\\\/#organization\",\"name\":\"Mostrami\",\"url\":\"https:\\\/\\\/www.mostra-mi.it\\\/\",\"logo\":{\"@type\":\"ImageObject\",\"inLanguage\":\"en-GB\",\"@id\":\"https:\\\/\\\/www.mostra-mi.it\\\/#\\\/schema\\\/logo\\\/image\\\/\",\"url\":\"\",\"contentUrl\":\"\",\"caption\":\"Mostrami\"},\"image\":{\"@id\":\"https:\\\/\\\/www.mostra-mi.it\\\/#\\\/schema\\\/logo\\\/image\\\/\"}}]}<\/script>\n<!-- \/ Yoast SEO plugin. -->","yoast_head_json":{"title":"Vivere insieme 2030 - Mostrami","description":"Opera pittorica di arte contemporanea dove l'artista immagina la vita sul pianeta Marte, dipingendo figure misteriose","robots":{"index":"index","follow":"follow","max-snippet":"max-snippet:-1","max-image-preview":"max-image-preview:large","max-video-preview":"max-video-preview:-1"},"canonical":"https:\/\/www.mostra-mi.it\/en\/opera\/vivere-insieme-2030\/","og_locale":"en_GB","og_type":"article","og_title":"Vivere insieme 2030 - Mostrami","og_description":"Opera pittorica di arte contemporanea dove l'artista immagina la vita sul pianeta Marte, dipingendo figure misteriose","og_url":"https:\/\/www.mostra-mi.it\/en\/opera\/vivere-insieme-2030\/","og_site_name":"Mostrami","article_modified_time":"2022-02-14T14:33:29+00:00","og_image":[{"width":1537,"height":2070,"url":"https:\/\/www.mostra-mi.it\/wp-content\/uploads\/AC208980-F2D4-4FFA-9C82-225A2F67E923.jpeg","type":"image\/jpeg"}],"twitter_card":"summary_large_image","twitter_misc":{"Estimated reading time":"1 minute"},"schema":{"@context":"https:\/\/schema.org","@graph":[{"@type":"WebPage","@id":"https:\/\/www.mostra-mi.it\/opera\/vivere-insieme-2030","url":"https:\/\/www.mostra-mi.it\/opera\/vivere-insieme-2030","name":"Vivere insieme 2030 - Mostrami","isPartOf":{"@id":"https:\/\/www.mostra-mi.it\/#website"},"primaryImageOfPage":{"@id":"https:\/\/www.mostra-mi.it\/opera\/vivere-insieme-2030#primaryimage"},"image":{"@id":"https:\/\/www.mostra-mi.it\/opera\/vivere-insieme-2030#primaryimage"},"thumbnailUrl":"https:\/\/www.mostra-mi.it\/wp-content\/uploads\/AC208980-F2D4-4FFA-9C82-225A2F67E923.jpeg","datePublished":"2022-02-14T14:33:28+00:00","dateModified":"2022-02-14T14:33:29+00:00","description":"Opera pittorica di arte contemporanea dove l'artista immagina la vita sul pianeta Marte, dipingendo figure misteriose","breadcrumb":{"@id":"https:\/\/www.mostra-mi.it\/opera\/vivere-insieme-2030#breadcrumb"},"inLanguage":"en-GB","potentialAction":[{"@type":"ReadAction","target":["https:\/\/www.mostra-mi.it\/opera\/vivere-insieme-2030"]}]},{"@type":"ImageObject","inLanguage":"en-GB","@id":"https:\/\/www.mostra-mi.it\/opera\/vivere-insieme-2030#primaryimage","url":"https:\/\/www.mostra-mi.it\/wp-content\/uploads\/AC208980-F2D4-4FFA-9C82-225A2F67E923.jpeg","contentUrl":"https:\/\/www.mostra-mi.it\/wp-content\/uploads\/AC208980-F2D4-4FFA-9C82-225A2F67E923.jpeg","width":1537,"height":2070},{"@type":"BreadcrumbList","@id":"https:\/\/www.mostra-mi.it\/opera\/vivere-insieme-2030#breadcrumb","itemListElement":[{"@type":"ListItem","position":1,"name":"Home","item":"https:\/\/www.mostra-mi.it\/"},{"@type":"ListItem","position":2,"name":"Opere","item":"https:\/\/www.mostra-mi.it\/en\/opere-mostrami"},{"@type":"ListItem","position":3,"name":"Vivere insieme 2030"}]},{"@type":"WebSite","@id":"https:\/\/www.mostra-mi.it\/#website","url":"https:\/\/www.mostra-mi.it\/","name":"Mostrami","description":"Mostrami, galleria che si propone come vetrina per giovani artisti","publisher":{"@id":"https:\/\/www.mostra-mi.it\/#organization"},"potentialAction":[{"@type":"SearchAction","target":{"@type":"EntryPoint","urlTemplate":"https:\/\/www.mostra-mi.it\/?s={search_term_string}"},"query-input":{"@type":"PropertyValueSpecification","valueRequired":true,"valueName":"search_term_string"}}],"inLanguage":"en-GB"},{"@type":"Organization","@id":"https:\/\/www.mostra-mi.it\/#organization","name":"Mostrami","url":"https:\/\/www.mostra-mi.it\/","logo":{"@type":"ImageObject","inLanguage":"en-GB","@id":"https:\/\/www.mostra-mi.it\/#\/schema\/logo\/image\/","url":"","contentUrl":"","caption":"Mostrami"},"image":{"@id":"https:\/\/www.mostra-mi.it\/#\/schema\/logo\/image\/"}}]}},"_links":{"self":[{"href":"https:\/\/www.mostra-mi.it\/en\/wp-json\/wp\/v2\/product\/41789","targetHints":{"allow":["GET"]}}],"collection":[{"href":"https:\/\/www.mostra-mi.it\/en\/wp-json\/wp\/v2\/product"}],"about":[{"href":"https:\/\/www.mostra-mi.it\/en\/wp-json\/wp\/v2\/types\/product"}],"wp:featuredmedia":[{"embeddable":true,"href":"https:\/\/www.mostra-mi.it\/en\/wp-json\/wp\/v2\/media\/41790"}],"wp:attachment":[{"href":"https:\/\/www.mostra-mi.it\/en\/wp-json\/wp\/v2\/media?parent=41789"}],"wp:term":[{"taxonomy":"product_brand","embeddable":true,"href":"https:\/\/www.mostra-mi.it\/en\/wp-json\/wp\/v2\/product_brand?post=41789"},{"taxonomy":"product_cat","embeddable":true,"href":"https:\/\/www.mostra-mi.it\/en\/wp-json\/wp\/v2\/product_cat?post=41789"},{"taxonomy":"product_tag","embeddable":true,"href":"https:\/\/www.mostra-mi.it\/en\/wp-json\/wp\/v2\/product_tag?post=41789"}],"curies":[{"name":"wp","href":"https:\/\/api.w.org\/{rel}","templated":true}]}}