{"id":41319,"date":"2021-08-30T11:27:23","date_gmt":"2021-08-30T09:27:23","guid":{"rendered":"https:\/\/mostra-mi.it\/?post_type=product&#038;p=41319"},"modified":"2021-08-30T11:30:57","modified_gmt":"2021-08-30T09:30:57","slug":"angeli-daniele-scivoli","status":"publish","type":"product","link":"https:\/\/www.mostra-mi.it\/en\/opera\/angeli-daniele-scivoli","title":{"rendered":"ANGELI"},"content":{"rendered":"<p>&#x2611; Pittura digitale<\/p>\n<p>&#x2611; Spedito senza cornice<\/p>\n<p>&#x2611; Un certificato di autenticit\u00e0 verr\u00e0 inviato con l&#8217;opera d&#8217;arte<\/p>\n<p>&#x2611; Firmato sul retro<\/p>\n<p>&#x2611; L&#8217;opera d&#8217;arte \u00e8 stampata digitalmente su carta fotografica lucida di alta qualit\u00e0 da 200gr<\/p>\n<p>&#x2611; Protezione UV per preservare la stampa (INCLUSA) &#8211; Questa opera d&#8217;arte \u00e8 mano firmato e datato sul retro.<\/p>\n<p>&#8211; Le mie opere d&#8217;arte sono imballate in modo sicuro, spedite tramite corriere per garantire che arrivino in sicurezza.<\/p>\n<p>L&#8217;arte rende tangibile la materia di cui i sogni sono resi tangibili!<\/p>","protected":false},"excerpt":{"rendered":"<p>&#x2611; Pittura digitale &#x2611; Spedito senza cornice &#x2611; Un certificato di autenticit\u00e0 verr\u00e0 inviato con l&#8217;opera d&#8217;arte &#x2611; Firmato sul retro &#x2611; L&#8217;opera d&#8217;arte \u00e8 stampata digitalmente su carta fotografica lucida di alta qualit\u00e0 da 200gr &#x2611; Protezione UV per&#8230;<\/p>","protected":false},"featured_media":41320,"template":"","meta":[],"product_brand":[],"product_cat":[256,881],"product_tag":[1780,1875,1876],"class_list":{"0":"post-41319","1":"product","2":"type-product","3":"status-publish","4":"has-post-thumbnail","6":"product_cat-street-art","7":"product_cat-digital-art-it","8":"product_tag-arte-contemporanea-italiana","9":"product_tag-digital-art-italiana","10":"product_tag-street-art-italiana","11":"pa_colore-prevalente-rosso","12":"pa_colore-prevalente-viola","13":"pa_colore-prevalente-arancione","14":"pa_colore-prevalente-azzurro","15":"pa_dimensioni-superbig","16":"pa_soggetto-astratto","17":"pa_soggetto-angelo","18":"pa_stile-opera-street-art","19":"pa_supporto-carta-fotografica","21":"first","22":"instock","23":"shipping-taxable","24":"product-type-simple"},"yoast_head":"<!-- This site is optimized with the Yoast SEO plugin v27.3 - https:\/\/yoast.com\/product\/yoast-seo-wordpress\/ -->\n<title>ANGELI - Mostrami<\/title>\n<meta name=\"description\" content=\"&quot;Angeli&quot; \u00e8 un&#039;opera di Daniele Scivoli realizzata tramite stampa digitale su carta fotografica lucida di alta qualit\u00e0.\" \/>\n<meta name=\"robots\" content=\"index, follow, max-snippet:-1, max-image-preview:large, max-video-preview:-1\" \/>\n<link rel=\"canonical\" href=\"https:\/\/www.mostra-mi.it\/en\/opera\/angeli-daniele-scivoli\/\" \/>\n<meta property=\"og:locale\" content=\"en_GB\" \/>\n<meta property=\"og:type\" content=\"article\" \/>\n<meta property=\"og:title\" content=\"ANGELI - Mostrami\" \/>\n<meta property=\"og:description\" content=\"&quot;Angeli&quot; \u00e8 un&#039;opera di Daniele Scivoli realizzata tramite stampa digitale su carta fotografica lucida di alta qualit\u00e0.\" \/>\n<meta property=\"og:url\" content=\"https:\/\/www.mostra-mi.it\/en\/opera\/angeli-daniele-scivoli\/\" \/>\n<meta property=\"og:site_name\" content=\"Mostrami\" \/>\n<meta property=\"article:modified_time\" content=\"2021-08-30T09:30:57+00:00\" \/>\n<meta property=\"og:image\" content=\"https:\/\/www.mostra-mi.it\/wp-content\/uploads\/Angeli-scaled.jpg\" \/>\n\t<meta property=\"og:image:width\" content=\"1708\" \/>\n\t<meta property=\"og:image:height\" content=\"2560\" \/>\n\t<meta property=\"og:image:type\" content=\"image\/jpeg\" \/>\n<meta name=\"twitter:card\" content=\"summary_large_image\" \/>\n<meta name=\"twitter:label1\" content=\"Estimated reading time\" \/>\n\t<meta name=\"twitter:data1\" content=\"1 minute\" \/>\n<script type=\"application\/ld+json\" class=\"yoast-schema-graph\">{\"@context\":\"https:\\\/\\\/schema.org\",\"@graph\":[{\"@type\":\"WebPage\",\"@id\":\"https:\\\/\\\/www.mostra-mi.it\\\/opera\\\/angeli-daniele-scivoli\",\"url\":\"https:\\\/\\\/www.mostra-mi.it\\\/opera\\\/angeli-daniele-scivoli\",\"name\":\"ANGELI - Mostrami\",\"isPartOf\":{\"@id\":\"https:\\\/\\\/www.mostra-mi.it\\\/#website\"},\"primaryImageOfPage\":{\"@id\":\"https:\\\/\\\/www.mostra-mi.it\\\/opera\\\/angeli-daniele-scivoli#primaryimage\"},\"image\":{\"@id\":\"https:\\\/\\\/www.mostra-mi.it\\\/opera\\\/angeli-daniele-scivoli#primaryimage\"},\"thumbnailUrl\":\"https:\\\/\\\/www.mostra-mi.it\\\/wp-content\\\/uploads\\\/Angeli-scaled.jpg\",\"datePublished\":\"2021-08-30T09:27:23+00:00\",\"dateModified\":\"2021-08-30T09:30:57+00:00\",\"description\":\"\\\"Angeli\\\" \u00e8 un'opera di Daniele Scivoli realizzata tramite stampa digitale su carta fotografica lucida di alta qualit\u00e0.\",\"breadcrumb\":{\"@id\":\"https:\\\/\\\/www.mostra-mi.it\\\/opera\\\/angeli-daniele-scivoli#breadcrumb\"},\"inLanguage\":\"en-GB\",\"potentialAction\":[{\"@type\":\"ReadAction\",\"target\":[\"https:\\\/\\\/www.mostra-mi.it\\\/opera\\\/angeli-daniele-scivoli\"]}]},{\"@type\":\"ImageObject\",\"inLanguage\":\"en-GB\",\"@id\":\"https:\\\/\\\/www.mostra-mi.it\\\/opera\\\/angeli-daniele-scivoli#primaryimage\",\"url\":\"https:\\\/\\\/www.mostra-mi.it\\\/wp-content\\\/uploads\\\/Angeli-scaled.jpg\",\"contentUrl\":\"https:\\\/\\\/www.mostra-mi.it\\\/wp-content\\\/uploads\\\/Angeli-scaled.jpg\",\"width\":1708,\"height\":2560},{\"@type\":\"BreadcrumbList\",\"@id\":\"https:\\\/\\\/www.mostra-mi.it\\\/opera\\\/angeli-daniele-scivoli#breadcrumb\",\"itemListElement\":[{\"@type\":\"ListItem\",\"position\":1,\"name\":\"Home\",\"item\":\"https:\\\/\\\/www.mostra-mi.it\\\/\"},{\"@type\":\"ListItem\",\"position\":2,\"name\":\"Opere\",\"item\":\"https:\\\/\\\/www.mostra-mi.it\\\/en\\\/opere-mostrami\"},{\"@type\":\"ListItem\",\"position\":3,\"name\":\"ANGELI\"}]},{\"@type\":\"WebSite\",\"@id\":\"https:\\\/\\\/www.mostra-mi.it\\\/#website\",\"url\":\"https:\\\/\\\/www.mostra-mi.it\\\/\",\"name\":\"Mostrami\",\"description\":\"Mostrami, galleria che si propone come vetrina per giovani artisti\",\"publisher\":{\"@id\":\"https:\\\/\\\/www.mostra-mi.it\\\/#organization\"},\"potentialAction\":[{\"@type\":\"SearchAction\",\"target\":{\"@type\":\"EntryPoint\",\"urlTemplate\":\"https:\\\/\\\/www.mostra-mi.it\\\/?s={search_term_string}\"},\"query-input\":{\"@type\":\"PropertyValueSpecification\",\"valueRequired\":true,\"valueName\":\"search_term_string\"}}],\"inLanguage\":\"en-GB\"},{\"@type\":\"Organization\",\"@id\":\"https:\\\/\\\/www.mostra-mi.it\\\/#organization\",\"name\":\"Mostrami\",\"url\":\"https:\\\/\\\/www.mostra-mi.it\\\/\",\"logo\":{\"@type\":\"ImageObject\",\"inLanguage\":\"en-GB\",\"@id\":\"https:\\\/\\\/www.mostra-mi.it\\\/#\\\/schema\\\/logo\\\/image\\\/\",\"url\":\"\",\"contentUrl\":\"\",\"caption\":\"Mostrami\"},\"image\":{\"@id\":\"https:\\\/\\\/www.mostra-mi.it\\\/#\\\/schema\\\/logo\\\/image\\\/\"}}]}<\/script>\n<!-- \/ Yoast SEO plugin. -->","yoast_head_json":{"title":"ANGELI - Mostrami","description":"\"Angeli\" \u00e8 un'opera di Daniele Scivoli realizzata tramite stampa digitale su carta fotografica lucida di alta qualit\u00e0.","robots":{"index":"index","follow":"follow","max-snippet":"max-snippet:-1","max-image-preview":"max-image-preview:large","max-video-preview":"max-video-preview:-1"},"canonical":"https:\/\/www.mostra-mi.it\/en\/opera\/angeli-daniele-scivoli\/","og_locale":"en_GB","og_type":"article","og_title":"ANGELI - Mostrami","og_description":"\"Angeli\" \u00e8 un'opera di Daniele Scivoli realizzata tramite stampa digitale su carta fotografica lucida di alta qualit\u00e0.","og_url":"https:\/\/www.mostra-mi.it\/en\/opera\/angeli-daniele-scivoli\/","og_site_name":"Mostrami","article_modified_time":"2021-08-30T09:30:57+00:00","og_image":[{"width":1708,"height":2560,"url":"https:\/\/www.mostra-mi.it\/wp-content\/uploads\/Angeli-scaled.jpg","type":"image\/jpeg"}],"twitter_card":"summary_large_image","twitter_misc":{"Estimated reading time":"1 minute"},"schema":{"@context":"https:\/\/schema.org","@graph":[{"@type":"WebPage","@id":"https:\/\/www.mostra-mi.it\/opera\/angeli-daniele-scivoli","url":"https:\/\/www.mostra-mi.it\/opera\/angeli-daniele-scivoli","name":"ANGELI - Mostrami","isPartOf":{"@id":"https:\/\/www.mostra-mi.it\/#website"},"primaryImageOfPage":{"@id":"https:\/\/www.mostra-mi.it\/opera\/angeli-daniele-scivoli#primaryimage"},"image":{"@id":"https:\/\/www.mostra-mi.it\/opera\/angeli-daniele-scivoli#primaryimage"},"thumbnailUrl":"https:\/\/www.mostra-mi.it\/wp-content\/uploads\/Angeli-scaled.jpg","datePublished":"2021-08-30T09:27:23+00:00","dateModified":"2021-08-30T09:30:57+00:00","description":"\"Angeli\" \u00e8 un'opera di Daniele Scivoli realizzata tramite stampa digitale su carta fotografica lucida di alta qualit\u00e0.","breadcrumb":{"@id":"https:\/\/www.mostra-mi.it\/opera\/angeli-daniele-scivoli#breadcrumb"},"inLanguage":"en-GB","potentialAction":[{"@type":"ReadAction","target":["https:\/\/www.mostra-mi.it\/opera\/angeli-daniele-scivoli"]}]},{"@type":"ImageObject","inLanguage":"en-GB","@id":"https:\/\/www.mostra-mi.it\/opera\/angeli-daniele-scivoli#primaryimage","url":"https:\/\/www.mostra-mi.it\/wp-content\/uploads\/Angeli-scaled.jpg","contentUrl":"https:\/\/www.mostra-mi.it\/wp-content\/uploads\/Angeli-scaled.jpg","width":1708,"height":2560},{"@type":"BreadcrumbList","@id":"https:\/\/www.mostra-mi.it\/opera\/angeli-daniele-scivoli#breadcrumb","itemListElement":[{"@type":"ListItem","position":1,"name":"Home","item":"https:\/\/www.mostra-mi.it\/"},{"@type":"ListItem","position":2,"name":"Opere","item":"https:\/\/www.mostra-mi.it\/en\/opere-mostrami"},{"@type":"ListItem","position":3,"name":"ANGELI"}]},{"@type":"WebSite","@id":"https:\/\/www.mostra-mi.it\/#website","url":"https:\/\/www.mostra-mi.it\/","name":"Mostrami","description":"Mostrami, galleria che si propone come vetrina per giovani artisti","publisher":{"@id":"https:\/\/www.mostra-mi.it\/#organization"},"potentialAction":[{"@type":"SearchAction","target":{"@type":"EntryPoint","urlTemplate":"https:\/\/www.mostra-mi.it\/?s={search_term_string}"},"query-input":{"@type":"PropertyValueSpecification","valueRequired":true,"valueName":"search_term_string"}}],"inLanguage":"en-GB"},{"@type":"Organization","@id":"https:\/\/www.mostra-mi.it\/#organization","name":"Mostrami","url":"https:\/\/www.mostra-mi.it\/","logo":{"@type":"ImageObject","inLanguage":"en-GB","@id":"https:\/\/www.mostra-mi.it\/#\/schema\/logo\/image\/","url":"","contentUrl":"","caption":"Mostrami"},"image":{"@id":"https:\/\/www.mostra-mi.it\/#\/schema\/logo\/image\/"}}]}},"_links":{"self":[{"href":"https:\/\/www.mostra-mi.it\/en\/wp-json\/wp\/v2\/product\/41319","targetHints":{"allow":["GET"]}}],"collection":[{"href":"https:\/\/www.mostra-mi.it\/en\/wp-json\/wp\/v2\/product"}],"about":[{"href":"https:\/\/www.mostra-mi.it\/en\/wp-json\/wp\/v2\/types\/product"}],"wp:featuredmedia":[{"embeddable":true,"href":"https:\/\/www.mostra-mi.it\/en\/wp-json\/wp\/v2\/media\/41320"}],"wp:attachment":[{"href":"https:\/\/www.mostra-mi.it\/en\/wp-json\/wp\/v2\/media?parent=41319"}],"wp:term":[{"taxonomy":"product_brand","embeddable":true,"href":"https:\/\/www.mostra-mi.it\/en\/wp-json\/wp\/v2\/product_brand?post=41319"},{"taxonomy":"product_cat","embeddable":true,"href":"https:\/\/www.mostra-mi.it\/en\/wp-json\/wp\/v2\/product_cat?post=41319"},{"taxonomy":"product_tag","embeddable":true,"href":"https:\/\/www.mostra-mi.it\/en\/wp-json\/wp\/v2\/product_tag?post=41319"}],"curies":[{"name":"wp","href":"https:\/\/api.w.org\/{rel}","templated":true}]}}