{"id":40821,"date":"2021-05-27T15:50:25","date_gmt":"2021-05-27T13:50:25","guid":{"rendered":"https:\/\/mostra-mi.it\/?post_type=product&#038;p=40821"},"modified":"2021-05-27T15:50:26","modified_gmt":"2021-05-27T13:50:26","slug":"dragonfly","status":"publish","type":"product","link":"https:\/\/www.mostra-mi.it\/en\/opera\/dragonfly","title":{"rendered":"Dragonfly"},"content":{"rendered":"<p>La libellula viene definita &#8220;il messaggero degli Dei&#8221;, quindi quando appare, porta un messaggio speciale.<br \/>\nLa parola Libellula ha la sua fonte nel mito che le Libellule una volta erano Draghi. La libellula, in quasi ogni parte del mondo simboleggia il cambiamento nella prospettiva della realizzazione di s\u00e9; \u00e8 il tipo di cambiamento che ha la sua fonte nella maturit\u00e0 mentale ed emotiva e nella comprensione del significato pi\u00f9 profondo della vita.<br \/>\nLa parte d&#8217;oro nell&#8217;opera \u00e8 foglia d&#8217;oro.<\/p>","protected":false},"excerpt":{"rendered":"<p>La libellula viene definita &#8220;il messaggero degli Dei&#8221;, quindi quando appare, porta un messaggio speciale. La parola Libellula ha la sua fonte nel mito che le Libellule una volta erano Draghi. La libellula, in quasi ogni parte del mondo simboleggia&#8230;<\/p>","protected":false},"featured_media":40833,"template":"","meta":[],"product_brand":[],"product_cat":[714],"product_tag":[773,871,1687,1716],"class_list":{"0":"post-40821","1":"product","2":"type-product","3":"status-publish","4":"has-post-thumbnail","6":"product_cat-pittura-it","7":"product_tag-arte-contemporanea","8":"product_tag-pittura-figurativa","9":"product_tag-pittrice-emergente","10":"product_tag-arte-contemporanea-emergente","11":"pa_colore-prevalente-verde","12":"pa_colore-prevalente-giallo","13":"pa_soggetto-natura","14":"pa_soggetto-animali","15":"pa_stile-opera-figurativo","16":"pa_supporto-tela","17":"pa_tipologia-opera-pittura","19":"first","20":"instock","21":"shipping-taxable","22":"purchasable","23":"product-type-simple"},"yoast_head":"<!-- This site is optimized with the Yoast SEO plugin v27.4 - https:\/\/yoast.com\/product\/yoast-seo-wordpress\/ -->\n<title>Dragonfly - Mostrami<\/title>\n<meta name=\"description\" content=\"Le opere di Laura sono caratterizzate da colori morbidi e da un\u2019atmosfera sfumata, in un&#039;integrazione tra l&#039;arte figurativa e informale.\" \/>\n<meta name=\"robots\" content=\"index, follow, max-snippet:-1, max-image-preview:large, max-video-preview:-1\" \/>\n<link rel=\"canonical\" href=\"https:\/\/www.mostra-mi.it\/en\/opera\/dragonfly\/\" \/>\n<meta property=\"og:locale\" content=\"en_GB\" \/>\n<meta property=\"og:type\" content=\"article\" \/>\n<meta property=\"og:title\" content=\"Dragonfly - Mostrami\" \/>\n<meta property=\"og:description\" content=\"Le opere di Laura sono caratterizzate da colori morbidi e da un\u2019atmosfera sfumata, in un&#039;integrazione tra l&#039;arte figurativa e informale.\" \/>\n<meta property=\"og:url\" content=\"https:\/\/www.mostra-mi.it\/en\/opera\/dragonfly\/\" \/>\n<meta property=\"og:site_name\" content=\"Mostrami\" \/>\n<meta property=\"article:modified_time\" content=\"2021-05-27T13:50:26+00:00\" \/>\n<meta property=\"og:image\" content=\"https:\/\/www.mostra-mi.it\/wp-content\/uploads\/Dragonfly-2-300x300-1.jpg\" \/>\n\t<meta property=\"og:image:width\" content=\"300\" \/>\n\t<meta property=\"og:image:height\" content=\"300\" \/>\n\t<meta property=\"og:image:type\" content=\"image\/jpeg\" \/>\n<meta name=\"twitter:card\" content=\"summary_large_image\" \/>\n<meta name=\"twitter:label1\" content=\"Estimated reading time\" \/>\n\t<meta name=\"twitter:data1\" content=\"1 minute\" \/>\n<script type=\"application\/ld+json\" class=\"yoast-schema-graph\">{\"@context\":\"https:\\\/\\\/schema.org\",\"@graph\":[{\"@type\":\"WebPage\",\"@id\":\"https:\\\/\\\/www.mostra-mi.it\\\/opera\\\/dragonfly\",\"url\":\"https:\\\/\\\/www.mostra-mi.it\\\/opera\\\/dragonfly\",\"name\":\"Dragonfly - Mostrami\",\"isPartOf\":{\"@id\":\"https:\\\/\\\/www.mostra-mi.it\\\/#website\"},\"primaryImageOfPage\":{\"@id\":\"https:\\\/\\\/www.mostra-mi.it\\\/opera\\\/dragonfly#primaryimage\"},\"image\":{\"@id\":\"https:\\\/\\\/www.mostra-mi.it\\\/opera\\\/dragonfly#primaryimage\"},\"thumbnailUrl\":\"https:\\\/\\\/www.mostra-mi.it\\\/wp-content\\\/uploads\\\/Dragonfly-2-300x300-1.jpg\",\"datePublished\":\"2021-05-27T13:50:25+00:00\",\"dateModified\":\"2021-05-27T13:50:26+00:00\",\"description\":\"Le opere di Laura sono caratterizzate da colori morbidi e da un\u2019atmosfera sfumata, in un'integrazione tra l'arte figurativa e informale.\",\"breadcrumb\":{\"@id\":\"https:\\\/\\\/www.mostra-mi.it\\\/opera\\\/dragonfly#breadcrumb\"},\"inLanguage\":\"en-GB\",\"potentialAction\":[{\"@type\":\"ReadAction\",\"target\":[\"https:\\\/\\\/www.mostra-mi.it\\\/opera\\\/dragonfly\"]}]},{\"@type\":\"ImageObject\",\"inLanguage\":\"en-GB\",\"@id\":\"https:\\\/\\\/www.mostra-mi.it\\\/opera\\\/dragonfly#primaryimage\",\"url\":\"https:\\\/\\\/www.mostra-mi.it\\\/wp-content\\\/uploads\\\/Dragonfly-2-300x300-1.jpg\",\"contentUrl\":\"https:\\\/\\\/www.mostra-mi.it\\\/wp-content\\\/uploads\\\/Dragonfly-2-300x300-1.jpg\",\"width\":300,\"height\":300,\"caption\":\"Le opere di Laura sono caratterizzate da colori morbidi e da un\u2019atmosfera sfumata, in un'integrazione tra l'arte figurativa e informale.\"},{\"@type\":\"BreadcrumbList\",\"@id\":\"https:\\\/\\\/www.mostra-mi.it\\\/opera\\\/dragonfly#breadcrumb\",\"itemListElement\":[{\"@type\":\"ListItem\",\"position\":1,\"name\":\"Home\",\"item\":\"https:\\\/\\\/www.mostra-mi.it\\\/\"},{\"@type\":\"ListItem\",\"position\":2,\"name\":\"Opere\",\"item\":\"https:\\\/\\\/www.mostra-mi.it\\\/en\\\/opere-mostrami\"},{\"@type\":\"ListItem\",\"position\":3,\"name\":\"Dragonfly\"}]},{\"@type\":\"WebSite\",\"@id\":\"https:\\\/\\\/www.mostra-mi.it\\\/#website\",\"url\":\"https:\\\/\\\/www.mostra-mi.it\\\/\",\"name\":\"Mostrami\",\"description\":\"Mostrami, galleria che si propone come vetrina per giovani artisti\",\"publisher\":{\"@id\":\"https:\\\/\\\/www.mostra-mi.it\\\/#organization\"},\"potentialAction\":[{\"@type\":\"SearchAction\",\"target\":{\"@type\":\"EntryPoint\",\"urlTemplate\":\"https:\\\/\\\/www.mostra-mi.it\\\/?s={search_term_string}\"},\"query-input\":{\"@type\":\"PropertyValueSpecification\",\"valueRequired\":true,\"valueName\":\"search_term_string\"}}],\"inLanguage\":\"en-GB\"},{\"@type\":\"Organization\",\"@id\":\"https:\\\/\\\/www.mostra-mi.it\\\/#organization\",\"name\":\"Mostrami\",\"url\":\"https:\\\/\\\/www.mostra-mi.it\\\/\",\"logo\":{\"@type\":\"ImageObject\",\"inLanguage\":\"en-GB\",\"@id\":\"https:\\\/\\\/www.mostra-mi.it\\\/#\\\/schema\\\/logo\\\/image\\\/\",\"url\":\"\",\"contentUrl\":\"\",\"caption\":\"Mostrami\"},\"image\":{\"@id\":\"https:\\\/\\\/www.mostra-mi.it\\\/#\\\/schema\\\/logo\\\/image\\\/\"}}]}<\/script>\n<!-- \/ Yoast SEO plugin. -->","yoast_head_json":{"title":"Dragonfly - Mostrami","description":"Le opere di Laura sono caratterizzate da colori morbidi e da un\u2019atmosfera sfumata, in un'integrazione tra l'arte figurativa e informale.","robots":{"index":"index","follow":"follow","max-snippet":"max-snippet:-1","max-image-preview":"max-image-preview:large","max-video-preview":"max-video-preview:-1"},"canonical":"https:\/\/www.mostra-mi.it\/en\/opera\/dragonfly\/","og_locale":"en_GB","og_type":"article","og_title":"Dragonfly - Mostrami","og_description":"Le opere di Laura sono caratterizzate da colori morbidi e da un\u2019atmosfera sfumata, in un'integrazione tra l'arte figurativa e informale.","og_url":"https:\/\/www.mostra-mi.it\/en\/opera\/dragonfly\/","og_site_name":"Mostrami","article_modified_time":"2021-05-27T13:50:26+00:00","og_image":[{"width":300,"height":300,"url":"https:\/\/www.mostra-mi.it\/wp-content\/uploads\/Dragonfly-2-300x300-1.jpg","type":"image\/jpeg"}],"twitter_card":"summary_large_image","twitter_misc":{"Estimated reading time":"1 minute"},"schema":{"@context":"https:\/\/schema.org","@graph":[{"@type":"WebPage","@id":"https:\/\/www.mostra-mi.it\/opera\/dragonfly","url":"https:\/\/www.mostra-mi.it\/opera\/dragonfly","name":"Dragonfly - Mostrami","isPartOf":{"@id":"https:\/\/www.mostra-mi.it\/#website"},"primaryImageOfPage":{"@id":"https:\/\/www.mostra-mi.it\/opera\/dragonfly#primaryimage"},"image":{"@id":"https:\/\/www.mostra-mi.it\/opera\/dragonfly#primaryimage"},"thumbnailUrl":"https:\/\/www.mostra-mi.it\/wp-content\/uploads\/Dragonfly-2-300x300-1.jpg","datePublished":"2021-05-27T13:50:25+00:00","dateModified":"2021-05-27T13:50:26+00:00","description":"Le opere di Laura sono caratterizzate da colori morbidi e da un\u2019atmosfera sfumata, in un'integrazione tra l'arte figurativa e informale.","breadcrumb":{"@id":"https:\/\/www.mostra-mi.it\/opera\/dragonfly#breadcrumb"},"inLanguage":"en-GB","potentialAction":[{"@type":"ReadAction","target":["https:\/\/www.mostra-mi.it\/opera\/dragonfly"]}]},{"@type":"ImageObject","inLanguage":"en-GB","@id":"https:\/\/www.mostra-mi.it\/opera\/dragonfly#primaryimage","url":"https:\/\/www.mostra-mi.it\/wp-content\/uploads\/Dragonfly-2-300x300-1.jpg","contentUrl":"https:\/\/www.mostra-mi.it\/wp-content\/uploads\/Dragonfly-2-300x300-1.jpg","width":300,"height":300,"caption":"Le opere di Laura sono caratterizzate da colori morbidi e da un\u2019atmosfera sfumata, in un'integrazione tra l'arte figurativa e informale."},{"@type":"BreadcrumbList","@id":"https:\/\/www.mostra-mi.it\/opera\/dragonfly#breadcrumb","itemListElement":[{"@type":"ListItem","position":1,"name":"Home","item":"https:\/\/www.mostra-mi.it\/"},{"@type":"ListItem","position":2,"name":"Opere","item":"https:\/\/www.mostra-mi.it\/en\/opere-mostrami"},{"@type":"ListItem","position":3,"name":"Dragonfly"}]},{"@type":"WebSite","@id":"https:\/\/www.mostra-mi.it\/#website","url":"https:\/\/www.mostra-mi.it\/","name":"Mostrami","description":"Mostrami, galleria che si propone come vetrina per giovani artisti","publisher":{"@id":"https:\/\/www.mostra-mi.it\/#organization"},"potentialAction":[{"@type":"SearchAction","target":{"@type":"EntryPoint","urlTemplate":"https:\/\/www.mostra-mi.it\/?s={search_term_string}"},"query-input":{"@type":"PropertyValueSpecification","valueRequired":true,"valueName":"search_term_string"}}],"inLanguage":"en-GB"},{"@type":"Organization","@id":"https:\/\/www.mostra-mi.it\/#organization","name":"Mostrami","url":"https:\/\/www.mostra-mi.it\/","logo":{"@type":"ImageObject","inLanguage":"en-GB","@id":"https:\/\/www.mostra-mi.it\/#\/schema\/logo\/image\/","url":"","contentUrl":"","caption":"Mostrami"},"image":{"@id":"https:\/\/www.mostra-mi.it\/#\/schema\/logo\/image\/"}}]}},"_links":{"self":[{"href":"https:\/\/www.mostra-mi.it\/en\/wp-json\/wp\/v2\/product\/40821","targetHints":{"allow":["GET"]}}],"collection":[{"href":"https:\/\/www.mostra-mi.it\/en\/wp-json\/wp\/v2\/product"}],"about":[{"href":"https:\/\/www.mostra-mi.it\/en\/wp-json\/wp\/v2\/types\/product"}],"wp:featuredmedia":[{"embeddable":true,"href":"https:\/\/www.mostra-mi.it\/en\/wp-json\/wp\/v2\/media\/40833"}],"wp:attachment":[{"href":"https:\/\/www.mostra-mi.it\/en\/wp-json\/wp\/v2\/media?parent=40821"}],"wp:term":[{"taxonomy":"product_brand","embeddable":true,"href":"https:\/\/www.mostra-mi.it\/en\/wp-json\/wp\/v2\/product_brand?post=40821"},{"taxonomy":"product_cat","embeddable":true,"href":"https:\/\/www.mostra-mi.it\/en\/wp-json\/wp\/v2\/product_cat?post=40821"},{"taxonomy":"product_tag","embeddable":true,"href":"https:\/\/www.mostra-mi.it\/en\/wp-json\/wp\/v2\/product_tag?post=40821"}],"curies":[{"name":"wp","href":"https:\/\/api.w.org\/{rel}","templated":true}]}}