{"id":39705,"date":"2021-04-12T12:00:52","date_gmt":"2021-04-12T10:00:52","guid":{"rendered":"https:\/\/mostra-mi.it\/?post_type=product&#038;p=39705"},"modified":"2021-04-12T12:00:52","modified_gmt":"2021-04-12T10:00:52","slug":"chiodo-fisso","status":"publish","type":"product","link":"https:\/\/www.mostra-mi.it\/en\/opera\/chiodo-fisso","title":{"rendered":"Chiodo fisso"},"content":{"rendered":"<p>Scultura in gesso<\/p>\n<p>Misure: 60cm x 30cm<\/p>\n<p>Dedicare anima e corpo alle mie creazione. Sacrificare tutto il mio tempo rischiando di perdere tutto quello che ho fi pi\u00f9 caro per vivere di arte. Questo \u00e8 il mio chioso fisso. Qual \u00e8 il tuo?<\/p>","protected":false},"excerpt":{"rendered":"<p>Scultura in gesso Misure: 60cm x 30cm Dedicare anima e corpo alle mie creazione. Sacrificare tutto il mio tempo rischiando di perdere tutto quello che ho fi pi\u00f9 caro per vivere di arte. Questo \u00e8 il mio chioso fisso. Qual&#8230;<\/p>","protected":false},"featured_media":39747,"template":"","meta":[],"product_brand":[],"product_cat":[688],"product_tag":[781,823,865,1752],"class_list":{"0":"post-39705","1":"product","2":"type-product","3":"status-publish","4":"has-post-thumbnail","6":"product_cat-scultura-it","7":"product_tag-scultura-contemporanea","8":"product_tag-arte-contemporanea-milano","9":"product_tag-giovane-scultore","10":"product_tag-scultore-emergente","11":"pa_colore-prevalente-nero","12":"pa_colore-prevalente-beige","13":"pa_soggetto-volto","14":"pa_stile-opera-concettuale","15":"pa_stile-opera-figurativo","16":"pa_supporto-gesso","18":"first","19":"instock","20":"shipping-taxable","21":"purchasable","22":"product-type-simple"},"yoast_head":"<!-- This site is optimized with the Yoast SEO plugin v27.3 - https:\/\/yoast.com\/product\/yoast-seo-wordpress\/ -->\n<title>Chiodo fisso - Mostrami<\/title>\n<meta name=\"description\" content=\"Il giovane scultore autodidatta Vittorio Santamarina racconta con la sua arte momenti di vita rubati, personali e introspettivi. La sua anima\" \/>\n<meta name=\"robots\" content=\"index, follow, max-snippet:-1, max-image-preview:large, max-video-preview:-1\" \/>\n<link rel=\"canonical\" href=\"https:\/\/www.mostra-mi.it\/en\/opera\/chiodo-fisso\/\" \/>\n<meta property=\"og:locale\" content=\"en_GB\" \/>\n<meta property=\"og:type\" content=\"article\" \/>\n<meta property=\"og:title\" content=\"Chiodo fisso - Mostrami\" \/>\n<meta property=\"og:description\" content=\"Il giovane scultore autodidatta Vittorio Santamarina racconta con la sua arte momenti di vita rubati, personali e introspettivi. La sua anima\" \/>\n<meta property=\"og:url\" content=\"https:\/\/www.mostra-mi.it\/en\/opera\/chiodo-fisso\/\" \/>\n<meta property=\"og:site_name\" content=\"Mostrami\" \/>\n<meta property=\"og:image\" content=\"https:\/\/www.mostra-mi.it\/wp-content\/uploads\/DSC_0960-1-300x300-1.jpg\" \/>\n\t<meta property=\"og:image:width\" content=\"300\" \/>\n\t<meta property=\"og:image:height\" content=\"300\" \/>\n\t<meta property=\"og:image:type\" content=\"image\/jpeg\" \/>\n<meta name=\"twitter:card\" content=\"summary_large_image\" \/>\n<meta name=\"twitter:label1\" content=\"Estimated reading time\" \/>\n\t<meta name=\"twitter:data1\" content=\"1 minute\" \/>\n<script type=\"application\/ld+json\" class=\"yoast-schema-graph\">{\"@context\":\"https:\\\/\\\/schema.org\",\"@graph\":[{\"@type\":\"WebPage\",\"@id\":\"https:\\\/\\\/www.mostra-mi.it\\\/opera\\\/chiodo-fisso\",\"url\":\"https:\\\/\\\/www.mostra-mi.it\\\/opera\\\/chiodo-fisso\",\"name\":\"Chiodo fisso - Mostrami\",\"isPartOf\":{\"@id\":\"https:\\\/\\\/www.mostra-mi.it\\\/#website\"},\"primaryImageOfPage\":{\"@id\":\"https:\\\/\\\/www.mostra-mi.it\\\/opera\\\/chiodo-fisso#primaryimage\"},\"image\":{\"@id\":\"https:\\\/\\\/www.mostra-mi.it\\\/opera\\\/chiodo-fisso#primaryimage\"},\"thumbnailUrl\":\"https:\\\/\\\/www.mostra-mi.it\\\/wp-content\\\/uploads\\\/DSC_0960-1-300x300-1.jpg\",\"datePublished\":\"2021-04-12T10:00:52+00:00\",\"description\":\"Il giovane scultore autodidatta Vittorio Santamarina racconta con la sua arte momenti di vita rubati, personali e introspettivi. La sua anima\",\"breadcrumb\":{\"@id\":\"https:\\\/\\\/www.mostra-mi.it\\\/opera\\\/chiodo-fisso#breadcrumb\"},\"inLanguage\":\"en-GB\",\"potentialAction\":[{\"@type\":\"ReadAction\",\"target\":[\"https:\\\/\\\/www.mostra-mi.it\\\/opera\\\/chiodo-fisso\"]}]},{\"@type\":\"ImageObject\",\"inLanguage\":\"en-GB\",\"@id\":\"https:\\\/\\\/www.mostra-mi.it\\\/opera\\\/chiodo-fisso#primaryimage\",\"url\":\"https:\\\/\\\/www.mostra-mi.it\\\/wp-content\\\/uploads\\\/DSC_0960-1-300x300-1.jpg\",\"contentUrl\":\"https:\\\/\\\/www.mostra-mi.it\\\/wp-content\\\/uploads\\\/DSC_0960-1-300x300-1.jpg\",\"width\":300,\"height\":300,\"caption\":\"pezzo del giovane sculture emergente Vittorio Santamarina, in arte Santa Art\"},{\"@type\":\"BreadcrumbList\",\"@id\":\"https:\\\/\\\/www.mostra-mi.it\\\/opera\\\/chiodo-fisso#breadcrumb\",\"itemListElement\":[{\"@type\":\"ListItem\",\"position\":1,\"name\":\"Home\",\"item\":\"https:\\\/\\\/www.mostra-mi.it\\\/\"},{\"@type\":\"ListItem\",\"position\":2,\"name\":\"Opere\",\"item\":\"https:\\\/\\\/www.mostra-mi.it\\\/en\\\/opere-mostrami\"},{\"@type\":\"ListItem\",\"position\":3,\"name\":\"Chiodo fisso\"}]},{\"@type\":\"WebSite\",\"@id\":\"https:\\\/\\\/www.mostra-mi.it\\\/#website\",\"url\":\"https:\\\/\\\/www.mostra-mi.it\\\/\",\"name\":\"Mostrami\",\"description\":\"Mostrami, galleria che si propone come vetrina per giovani artisti\",\"publisher\":{\"@id\":\"https:\\\/\\\/www.mostra-mi.it\\\/#organization\"},\"potentialAction\":[{\"@type\":\"SearchAction\",\"target\":{\"@type\":\"EntryPoint\",\"urlTemplate\":\"https:\\\/\\\/www.mostra-mi.it\\\/?s={search_term_string}\"},\"query-input\":{\"@type\":\"PropertyValueSpecification\",\"valueRequired\":true,\"valueName\":\"search_term_string\"}}],\"inLanguage\":\"en-GB\"},{\"@type\":\"Organization\",\"@id\":\"https:\\\/\\\/www.mostra-mi.it\\\/#organization\",\"name\":\"Mostrami\",\"url\":\"https:\\\/\\\/www.mostra-mi.it\\\/\",\"logo\":{\"@type\":\"ImageObject\",\"inLanguage\":\"en-GB\",\"@id\":\"https:\\\/\\\/www.mostra-mi.it\\\/#\\\/schema\\\/logo\\\/image\\\/\",\"url\":\"\",\"contentUrl\":\"\",\"caption\":\"Mostrami\"},\"image\":{\"@id\":\"https:\\\/\\\/www.mostra-mi.it\\\/#\\\/schema\\\/logo\\\/image\\\/\"}}]}<\/script>\n<!-- \/ Yoast SEO plugin. -->","yoast_head_json":{"title":"Chiodo fisso - Mostrami","description":"Il giovane scultore autodidatta Vittorio Santamarina racconta con la sua arte momenti di vita rubati, personali e introspettivi. La sua anima","robots":{"index":"index","follow":"follow","max-snippet":"max-snippet:-1","max-image-preview":"max-image-preview:large","max-video-preview":"max-video-preview:-1"},"canonical":"https:\/\/www.mostra-mi.it\/en\/opera\/chiodo-fisso\/","og_locale":"en_GB","og_type":"article","og_title":"Chiodo fisso - Mostrami","og_description":"Il giovane scultore autodidatta Vittorio Santamarina racconta con la sua arte momenti di vita rubati, personali e introspettivi. La sua anima","og_url":"https:\/\/www.mostra-mi.it\/en\/opera\/chiodo-fisso\/","og_site_name":"Mostrami","og_image":[{"width":300,"height":300,"url":"https:\/\/www.mostra-mi.it\/wp-content\/uploads\/DSC_0960-1-300x300-1.jpg","type":"image\/jpeg"}],"twitter_card":"summary_large_image","twitter_misc":{"Estimated reading time":"1 minute"},"schema":{"@context":"https:\/\/schema.org","@graph":[{"@type":"WebPage","@id":"https:\/\/www.mostra-mi.it\/opera\/chiodo-fisso","url":"https:\/\/www.mostra-mi.it\/opera\/chiodo-fisso","name":"Chiodo fisso - Mostrami","isPartOf":{"@id":"https:\/\/www.mostra-mi.it\/#website"},"primaryImageOfPage":{"@id":"https:\/\/www.mostra-mi.it\/opera\/chiodo-fisso#primaryimage"},"image":{"@id":"https:\/\/www.mostra-mi.it\/opera\/chiodo-fisso#primaryimage"},"thumbnailUrl":"https:\/\/www.mostra-mi.it\/wp-content\/uploads\/DSC_0960-1-300x300-1.jpg","datePublished":"2021-04-12T10:00:52+00:00","description":"Il giovane scultore autodidatta Vittorio Santamarina racconta con la sua arte momenti di vita rubati, personali e introspettivi. La sua anima","breadcrumb":{"@id":"https:\/\/www.mostra-mi.it\/opera\/chiodo-fisso#breadcrumb"},"inLanguage":"en-GB","potentialAction":[{"@type":"ReadAction","target":["https:\/\/www.mostra-mi.it\/opera\/chiodo-fisso"]}]},{"@type":"ImageObject","inLanguage":"en-GB","@id":"https:\/\/www.mostra-mi.it\/opera\/chiodo-fisso#primaryimage","url":"https:\/\/www.mostra-mi.it\/wp-content\/uploads\/DSC_0960-1-300x300-1.jpg","contentUrl":"https:\/\/www.mostra-mi.it\/wp-content\/uploads\/DSC_0960-1-300x300-1.jpg","width":300,"height":300,"caption":"pezzo del giovane sculture emergente Vittorio Santamarina, in arte Santa Art"},{"@type":"BreadcrumbList","@id":"https:\/\/www.mostra-mi.it\/opera\/chiodo-fisso#breadcrumb","itemListElement":[{"@type":"ListItem","position":1,"name":"Home","item":"https:\/\/www.mostra-mi.it\/"},{"@type":"ListItem","position":2,"name":"Opere","item":"https:\/\/www.mostra-mi.it\/en\/opere-mostrami"},{"@type":"ListItem","position":3,"name":"Chiodo fisso"}]},{"@type":"WebSite","@id":"https:\/\/www.mostra-mi.it\/#website","url":"https:\/\/www.mostra-mi.it\/","name":"Mostrami","description":"Mostrami, galleria che si propone come vetrina per giovani artisti","publisher":{"@id":"https:\/\/www.mostra-mi.it\/#organization"},"potentialAction":[{"@type":"SearchAction","target":{"@type":"EntryPoint","urlTemplate":"https:\/\/www.mostra-mi.it\/?s={search_term_string}"},"query-input":{"@type":"PropertyValueSpecification","valueRequired":true,"valueName":"search_term_string"}}],"inLanguage":"en-GB"},{"@type":"Organization","@id":"https:\/\/www.mostra-mi.it\/#organization","name":"Mostrami","url":"https:\/\/www.mostra-mi.it\/","logo":{"@type":"ImageObject","inLanguage":"en-GB","@id":"https:\/\/www.mostra-mi.it\/#\/schema\/logo\/image\/","url":"","contentUrl":"","caption":"Mostrami"},"image":{"@id":"https:\/\/www.mostra-mi.it\/#\/schema\/logo\/image\/"}}]}},"_links":{"self":[{"href":"https:\/\/www.mostra-mi.it\/en\/wp-json\/wp\/v2\/product\/39705","targetHints":{"allow":["GET"]}}],"collection":[{"href":"https:\/\/www.mostra-mi.it\/en\/wp-json\/wp\/v2\/product"}],"about":[{"href":"https:\/\/www.mostra-mi.it\/en\/wp-json\/wp\/v2\/types\/product"}],"wp:featuredmedia":[{"embeddable":true,"href":"https:\/\/www.mostra-mi.it\/en\/wp-json\/wp\/v2\/media\/39747"}],"wp:attachment":[{"href":"https:\/\/www.mostra-mi.it\/en\/wp-json\/wp\/v2\/media?parent=39705"}],"wp:term":[{"taxonomy":"product_brand","embeddable":true,"href":"https:\/\/www.mostra-mi.it\/en\/wp-json\/wp\/v2\/product_brand?post=39705"},{"taxonomy":"product_cat","embeddable":true,"href":"https:\/\/www.mostra-mi.it\/en\/wp-json\/wp\/v2\/product_cat?post=39705"},{"taxonomy":"product_tag","embeddable":true,"href":"https:\/\/www.mostra-mi.it\/en\/wp-json\/wp\/v2\/product_tag?post=39705"}],"curies":[{"name":"wp","href":"https:\/\/api.w.org\/{rel}","templated":true}]}}