{"id":39646,"date":"2021-04-08T18:59:58","date_gmt":"2021-04-08T16:59:58","guid":{"rendered":"https:\/\/mostra-mi.it\/?post_type=product&#038;p=39646"},"modified":"2021-04-08T18:59:58","modified_gmt":"2021-04-08T16:59:58","slug":"primitivi-no-1","status":"publish","type":"product","link":"https:\/\/www.mostra-mi.it\/en\/opera\/primitivi-no-1","title":{"rendered":"Primitivi no.1"},"content":{"rendered":"<p><strong>Primitivi<\/strong>, 2015<\/p>\n<p>Fotografia analogica<\/p>\n<p>Primitivi parla della perdita di s\u00e9 e nasce da una riflessione sul mito del \u201cbuon selvaggio\u201d nato agli inizi del \u2018700, basato sulla convinzione che l\u2019uomo nasca d\u2019animo puro, con una saggezza innata, e solo dopo si corrompa con l\u2019inserimento nella societ\u00e0 civilizzata<\/p>\n<p>Il benessere personale si manifesta nel soddisfacimento dei propri bisogni, ma in un momento di inconsapevolezza mi interrogo su quale sia il modo per ritrovare s\u00e9 stessi chiedendomi chi ero, perch\u00e9 \u00e8 il passato che ci porta al presente<\/p>\n<p>&nbsp;<\/p>","protected":false},"excerpt":{"rendered":"<p>Primitivi, 2015 Fotografia analogica Primitivi parla della perdita di s\u00e9 e nasce da una riflessione sul mito del \u201cbuon selvaggio\u201d nato agli inizi del \u2018700, basato sulla convinzione che l\u2019uomo nasca d\u2019animo puro, con una saggezza innata, e solo dopo&#8230;<\/p>","protected":false},"featured_media":39719,"template":"","meta":[],"product_brand":[],"product_cat":[777],"product_tag":[1745,1716,793,384],"class_list":{"0":"post-39646","1":"product","2":"type-product","3":"status-publish","4":"has-post-thumbnail","6":"product_cat-fotografia-it","7":"product_tag-fotografia-analogica","8":"product_tag-arte-contemporanea-emergente","9":"product_tag-giovane-fotografa","10":"product_tag-fotografia-emergente","11":"pa_colore-prevalente-grigio","12":"pa_colore-prevalente-rosa","13":"pa_soggetto-natura","14":"pa_soggetto-corpo","15":"pa_soggetto-nudo","16":"pa_stile-opera-figurativo","17":"pa_stile-opera-concettuale","18":"pa_stile-opera-paesaggio","19":"pa_stile-opera-ritratto","20":"pa_supporto-carta-fotografica","21":"pa_tipologia-opera-fotografia","23":"first","24":"instock","25":"virtual","26":"product-type-simple"},"yoast_head":"<!-- This site is optimized with the Yoast SEO plugin v27.4 - https:\/\/yoast.com\/product\/yoast-seo-wordpress\/ -->\n<title>Primitivi no.1 - Mostrami<\/title>\n<meta name=\"description\" content=\"Fotografia della giovane artista Chiara Gini, che utilizza il medium fotografico in una ricerca tra il passato e il presente.\" \/>\n<meta name=\"robots\" content=\"index, follow, max-snippet:-1, max-image-preview:large, max-video-preview:-1\" \/>\n<link rel=\"canonical\" href=\"https:\/\/www.mostra-mi.it\/en\/opera\/primitivi-no-1\/\" \/>\n<meta property=\"og:locale\" content=\"en_GB\" \/>\n<meta property=\"og:type\" content=\"article\" \/>\n<meta property=\"og:title\" content=\"Primitivi no.1 - Mostrami\" \/>\n<meta property=\"og:description\" content=\"Fotografia della giovane artista Chiara Gini, che utilizza il medium fotografico in una ricerca tra il passato e il presente.\" \/>\n<meta property=\"og:url\" content=\"https:\/\/www.mostra-mi.it\/en\/opera\/primitivi-no-1\/\" \/>\n<meta property=\"og:site_name\" content=\"Mostrami\" \/>\n<meta property=\"og:image\" content=\"https:\/\/www.mostra-mi.it\/wp-content\/uploads\/Primitivi_-Chiara-Gini_mostrami-100-300x300-2.jpg\" \/>\n\t<meta property=\"og:image:width\" content=\"300\" \/>\n\t<meta property=\"og:image:height\" content=\"300\" \/>\n\t<meta property=\"og:image:type\" content=\"image\/jpeg\" \/>\n<meta name=\"twitter:card\" content=\"summary_large_image\" \/>\n<meta name=\"twitter:label1\" content=\"Estimated reading time\" \/>\n\t<meta name=\"twitter:data1\" content=\"1 minute\" \/>\n<script type=\"application\/ld+json\" class=\"yoast-schema-graph\">{\"@context\":\"https:\\\/\\\/schema.org\",\"@graph\":[{\"@type\":\"WebPage\",\"@id\":\"https:\\\/\\\/www.mostra-mi.it\\\/opera\\\/primitivi-no-1\",\"url\":\"https:\\\/\\\/www.mostra-mi.it\\\/opera\\\/primitivi-no-1\",\"name\":\"Primitivi no.1 - Mostrami\",\"isPartOf\":{\"@id\":\"https:\\\/\\\/www.mostra-mi.it\\\/#website\"},\"primaryImageOfPage\":{\"@id\":\"https:\\\/\\\/www.mostra-mi.it\\\/opera\\\/primitivi-no-1#primaryimage\"},\"image\":{\"@id\":\"https:\\\/\\\/www.mostra-mi.it\\\/opera\\\/primitivi-no-1#primaryimage\"},\"thumbnailUrl\":\"https:\\\/\\\/www.mostra-mi.it\\\/wp-content\\\/uploads\\\/Primitivi_-Chiara-Gini_mostrami-100-300x300-2.jpg\",\"datePublished\":\"2021-04-08T16:59:58+00:00\",\"description\":\"Fotografia della giovane artista Chiara Gini, che utilizza il medium fotografico in una ricerca tra il passato e il presente.\",\"breadcrumb\":{\"@id\":\"https:\\\/\\\/www.mostra-mi.it\\\/opera\\\/primitivi-no-1#breadcrumb\"},\"inLanguage\":\"en-GB\",\"potentialAction\":[{\"@type\":\"ReadAction\",\"target\":[\"https:\\\/\\\/www.mostra-mi.it\\\/opera\\\/primitivi-no-1\"]}]},{\"@type\":\"ImageObject\",\"inLanguage\":\"en-GB\",\"@id\":\"https:\\\/\\\/www.mostra-mi.it\\\/opera\\\/primitivi-no-1#primaryimage\",\"url\":\"https:\\\/\\\/www.mostra-mi.it\\\/wp-content\\\/uploads\\\/Primitivi_-Chiara-Gini_mostrami-100-300x300-2.jpg\",\"contentUrl\":\"https:\\\/\\\/www.mostra-mi.it\\\/wp-content\\\/uploads\\\/Primitivi_-Chiara-Gini_mostrami-100-300x300-2.jpg\",\"width\":300,\"height\":300,\"caption\":\"Fotografia Primitivi no.1 della giovane artista Chiara Gini\"},{\"@type\":\"BreadcrumbList\",\"@id\":\"https:\\\/\\\/www.mostra-mi.it\\\/opera\\\/primitivi-no-1#breadcrumb\",\"itemListElement\":[{\"@type\":\"ListItem\",\"position\":1,\"name\":\"Home\",\"item\":\"https:\\\/\\\/www.mostra-mi.it\\\/\"},{\"@type\":\"ListItem\",\"position\":2,\"name\":\"Opere\",\"item\":\"https:\\\/\\\/www.mostra-mi.it\\\/en\\\/opere-mostrami\"},{\"@type\":\"ListItem\",\"position\":3,\"name\":\"Primitivi no.1\"}]},{\"@type\":\"WebSite\",\"@id\":\"https:\\\/\\\/www.mostra-mi.it\\\/#website\",\"url\":\"https:\\\/\\\/www.mostra-mi.it\\\/\",\"name\":\"Mostrami\",\"description\":\"Mostrami, galleria che si propone come vetrina per giovani artisti\",\"publisher\":{\"@id\":\"https:\\\/\\\/www.mostra-mi.it\\\/#organization\"},\"potentialAction\":[{\"@type\":\"SearchAction\",\"target\":{\"@type\":\"EntryPoint\",\"urlTemplate\":\"https:\\\/\\\/www.mostra-mi.it\\\/?s={search_term_string}\"},\"query-input\":{\"@type\":\"PropertyValueSpecification\",\"valueRequired\":true,\"valueName\":\"search_term_string\"}}],\"inLanguage\":\"en-GB\"},{\"@type\":\"Organization\",\"@id\":\"https:\\\/\\\/www.mostra-mi.it\\\/#organization\",\"name\":\"Mostrami\",\"url\":\"https:\\\/\\\/www.mostra-mi.it\\\/\",\"logo\":{\"@type\":\"ImageObject\",\"inLanguage\":\"en-GB\",\"@id\":\"https:\\\/\\\/www.mostra-mi.it\\\/#\\\/schema\\\/logo\\\/image\\\/\",\"url\":\"\",\"contentUrl\":\"\",\"caption\":\"Mostrami\"},\"image\":{\"@id\":\"https:\\\/\\\/www.mostra-mi.it\\\/#\\\/schema\\\/logo\\\/image\\\/\"}}]}<\/script>\n<!-- \/ Yoast SEO plugin. -->","yoast_head_json":{"title":"Primitivi no.1 - Mostrami","description":"Fotografia della giovane artista Chiara Gini, che utilizza il medium fotografico in una ricerca tra il passato e il presente.","robots":{"index":"index","follow":"follow","max-snippet":"max-snippet:-1","max-image-preview":"max-image-preview:large","max-video-preview":"max-video-preview:-1"},"canonical":"https:\/\/www.mostra-mi.it\/en\/opera\/primitivi-no-1\/","og_locale":"en_GB","og_type":"article","og_title":"Primitivi no.1 - Mostrami","og_description":"Fotografia della giovane artista Chiara Gini, che utilizza il medium fotografico in una ricerca tra il passato e il presente.","og_url":"https:\/\/www.mostra-mi.it\/en\/opera\/primitivi-no-1\/","og_site_name":"Mostrami","og_image":[{"width":300,"height":300,"url":"https:\/\/www.mostra-mi.it\/wp-content\/uploads\/Primitivi_-Chiara-Gini_mostrami-100-300x300-2.jpg","type":"image\/jpeg"}],"twitter_card":"summary_large_image","twitter_misc":{"Estimated reading time":"1 minute"},"schema":{"@context":"https:\/\/schema.org","@graph":[{"@type":"WebPage","@id":"https:\/\/www.mostra-mi.it\/opera\/primitivi-no-1","url":"https:\/\/www.mostra-mi.it\/opera\/primitivi-no-1","name":"Primitivi no.1 - Mostrami","isPartOf":{"@id":"https:\/\/www.mostra-mi.it\/#website"},"primaryImageOfPage":{"@id":"https:\/\/www.mostra-mi.it\/opera\/primitivi-no-1#primaryimage"},"image":{"@id":"https:\/\/www.mostra-mi.it\/opera\/primitivi-no-1#primaryimage"},"thumbnailUrl":"https:\/\/www.mostra-mi.it\/wp-content\/uploads\/Primitivi_-Chiara-Gini_mostrami-100-300x300-2.jpg","datePublished":"2021-04-08T16:59:58+00:00","description":"Fotografia della giovane artista Chiara Gini, che utilizza il medium fotografico in una ricerca tra il passato e il presente.","breadcrumb":{"@id":"https:\/\/www.mostra-mi.it\/opera\/primitivi-no-1#breadcrumb"},"inLanguage":"en-GB","potentialAction":[{"@type":"ReadAction","target":["https:\/\/www.mostra-mi.it\/opera\/primitivi-no-1"]}]},{"@type":"ImageObject","inLanguage":"en-GB","@id":"https:\/\/www.mostra-mi.it\/opera\/primitivi-no-1#primaryimage","url":"https:\/\/www.mostra-mi.it\/wp-content\/uploads\/Primitivi_-Chiara-Gini_mostrami-100-300x300-2.jpg","contentUrl":"https:\/\/www.mostra-mi.it\/wp-content\/uploads\/Primitivi_-Chiara-Gini_mostrami-100-300x300-2.jpg","width":300,"height":300,"caption":"Fotografia Primitivi no.1 della giovane artista Chiara Gini"},{"@type":"BreadcrumbList","@id":"https:\/\/www.mostra-mi.it\/opera\/primitivi-no-1#breadcrumb","itemListElement":[{"@type":"ListItem","position":1,"name":"Home","item":"https:\/\/www.mostra-mi.it\/"},{"@type":"ListItem","position":2,"name":"Opere","item":"https:\/\/www.mostra-mi.it\/en\/opere-mostrami"},{"@type":"ListItem","position":3,"name":"Primitivi no.1"}]},{"@type":"WebSite","@id":"https:\/\/www.mostra-mi.it\/#website","url":"https:\/\/www.mostra-mi.it\/","name":"Mostrami","description":"Mostrami, galleria che si propone come vetrina per giovani artisti","publisher":{"@id":"https:\/\/www.mostra-mi.it\/#organization"},"potentialAction":[{"@type":"SearchAction","target":{"@type":"EntryPoint","urlTemplate":"https:\/\/www.mostra-mi.it\/?s={search_term_string}"},"query-input":{"@type":"PropertyValueSpecification","valueRequired":true,"valueName":"search_term_string"}}],"inLanguage":"en-GB"},{"@type":"Organization","@id":"https:\/\/www.mostra-mi.it\/#organization","name":"Mostrami","url":"https:\/\/www.mostra-mi.it\/","logo":{"@type":"ImageObject","inLanguage":"en-GB","@id":"https:\/\/www.mostra-mi.it\/#\/schema\/logo\/image\/","url":"","contentUrl":"","caption":"Mostrami"},"image":{"@id":"https:\/\/www.mostra-mi.it\/#\/schema\/logo\/image\/"}}]}},"_links":{"self":[{"href":"https:\/\/www.mostra-mi.it\/en\/wp-json\/wp\/v2\/product\/39646","targetHints":{"allow":["GET"]}}],"collection":[{"href":"https:\/\/www.mostra-mi.it\/en\/wp-json\/wp\/v2\/product"}],"about":[{"href":"https:\/\/www.mostra-mi.it\/en\/wp-json\/wp\/v2\/types\/product"}],"wp:featuredmedia":[{"embeddable":true,"href":"https:\/\/www.mostra-mi.it\/en\/wp-json\/wp\/v2\/media\/39719"}],"wp:attachment":[{"href":"https:\/\/www.mostra-mi.it\/en\/wp-json\/wp\/v2\/media?parent=39646"}],"wp:term":[{"taxonomy":"product_brand","embeddable":true,"href":"https:\/\/www.mostra-mi.it\/en\/wp-json\/wp\/v2\/product_brand?post=39646"},{"taxonomy":"product_cat","embeddable":true,"href":"https:\/\/www.mostra-mi.it\/en\/wp-json\/wp\/v2\/product_cat?post=39646"},{"taxonomy":"product_tag","embeddable":true,"href":"https:\/\/www.mostra-mi.it\/en\/wp-json\/wp\/v2\/product_tag?post=39646"}],"curies":[{"name":"wp","href":"https:\/\/api.w.org\/{rel}","templated":true}]}}