{"id":45133,"date":"2023-12-21T12:19:49","date_gmt":"2023-12-21T11:19:49","guid":{"rendered":"https:\/\/mostra-mi.it\/?page_id=45133"},"modified":"2024-11-19T19:57:49","modified_gmt":"2024-11-19T18:57:49","slug":"team-building-artistici","status":"publish","type":"page","link":"https:\/\/www.mostra-mi.it\/en\/team-building-artistici","title":{"rendered":"Artistic Teambuilding"},"content":{"rendered":"<div class=\"wpb-content-wrapper\"><div class=\"vc_row wpb_row vc_row-fluid container\"><div class=\"wpb_column vc_column_container vc_col-sm-12\"><div class=\"vc_column-inner\"><div class=\"wpb_wrapper\">\n\t<div class=\"wpb_text_column wpb_content_element\" >\n\t\t<div class=\"wpb_wrapper\">\n\t\t\t<h1><span style=\"color: #ff9900;\">Esperienze di Team Building Artistico con Arts for Managers! <\/span><\/h1>\n<p>L&#8217;arte come legame: Goethe affermava che &#8220;\u00c8 necessario unirsi, non per stare uniti, ma per fare qualcosa insieme.&#8221; Condividere, scambiare idee, dubbi, talenti e fallimenti ci rende pi\u00f9 consapevoli e apre la mente. L&#8217;arte sfuma confini, invitando alla voglia di mettersi in gioco e conoscere nuove realt\u00e0.<\/p>\n<p>Questa \u00e8 la base da cui partiamo! L&#8217;idea \u00e8 quella di approfondire le occasioni di ascolto (interno ed esterno) e di confronto e azione in un&#8217;atmosfera creativa e giocosa.<\/p>\n<p>Non c&#8217;\u00e8 ansia da performance se non quella della tela bianca che abbattiamo da subito; non c&#8217;\u00e8 giusto e sbagliato, non c&#8217;\u00e8 alcun rischio&#8230; deve essere ascolto, confronto ed espressione abbattendo rigidit\u00e0 e tensioni che si possono manifestare nel quotidiano di lavoro!<\/p>\n<h2><\/h2>\n<h2><span style=\"color: #ff9900;\">Arts for Managers <\/span><\/h2>\n<h4><span style=\"color: #ff9900;\">Un&#8217;esperienza che offre l&#8217;opportunit\u00e0 di creare un team unito attraverso l&#8217;arte, divertendosi e imparando insieme.<\/span><\/h4>\n<p>Fare arte insieme nella vostra location, in un ambiente terzo o nella nostra galleria di Milano: un&#8217;offerta variamente declinabile secondo le esigenze aziendali, un&#8217;esperienza open-minded che coinvolge pennellate, disegni, collage, tele, colori, patterns, lectures e tante chiacchiere, creando un ambiente informale ma formativo che potenzia il legame di squadra.<\/p>\n<p>La pratica artistica \u00e8 da sempre un potente veicolo sociale e relazionale, contribuisce al benessere individuale e alla comunicazione non verbale; esprimersi artisticamente motiva e favorisce le relazioni interpersonali, stimolando l&#8217;intelligenza emotiva.<\/p>\n<p>&nbsp;<\/p>\n<p><img decoding=\"async\" class=\"wp-image-45131 aligncenter lazyload\" data-src=\"https:\/\/mostra-mi.it\/wp-content\/uploads\/team-building-mostrami-factory-Copia-300x93.jpg\" alt=\"team building arte\" width=\"512\" height=\"159\" data-srcset=\"https:\/\/www.mostra-mi.it\/wp-content\/uploads\/team-building-mostrami-factory-Copia-300x93.jpg 300w, https:\/\/www.mostra-mi.it\/wp-content\/uploads\/team-building-mostrami-factory-Copia-1024x316.jpg 1024w, https:\/\/www.mostra-mi.it\/wp-content\/uploads\/team-building-mostrami-factory-Copia-768x237.jpg 768w, https:\/\/www.mostra-mi.it\/wp-content\/uploads\/team-building-mostrami-factory-Copia-1536x474.jpg 1536w, https:\/\/www.mostra-mi.it\/wp-content\/uploads\/team-building-mostrami-factory-Copia-18x6.jpg 18w, https:\/\/www.mostra-mi.it\/wp-content\/uploads\/team-building-mostrami-factory-Copia-600x185.jpg 600w, https:\/\/www.mostra-mi.it\/wp-content\/uploads\/team-building-mostrami-factory-Copia.jpg 1897w\" data-sizes=\"(max-width: 512px) 100vw, 512px\" src=\"data:image\/svg+xml;base64,PHN2ZyB3aWR0aD0iMSIgaGVpZ2h0PSIxIiB4bWxucz0iaHR0cDovL3d3dy53My5vcmcvMjAwMC9zdmciPjwvc3ZnPg==\" style=\"--smush-placeholder-width: 512px; --smush-placeholder-aspect-ratio: 512\/159;\" \/><\/p>\n<h2><span style=\"color: #ff9900;\">What they say about our team building<\/span><\/h2>\n<p><em>Sandro e il suo team hanno organizzato un&#8217;ottima esperienza di teambulding, aiutandoci a sviluppare attraverso i colori e la pittura il tema dell&#8217;ansia sul lavoro. Il tutto accompagnato da allegria, simpatia, e aperitivo finiale per tutto il team. Grazie Sandro e grazie Mostrami. &#8211; <\/em><strong>Daniele Scarpari &#8211; Partner EY &#8211; EMEIA Insurance Technology Consulting Leader<\/strong><\/p>\n<p>&nbsp;<\/p>\n<p><em>Abbiamo svolto una splendida esperienza di \u201cArts for Managers\u201d con Schneider Electric. L\u2019azienda offre soluzioni tecnologiche integrate per ottimizzare l\u2019utilizzo dell\u2019energia. Con un portafoglio unico di distribuzione elettrica, automazione industriale, energia e raffreddamento, la gestione degli edifici, della sicurezza e del software, Schneider Electric \u00e8 l\u2019unico specialista globale del settore. Wonderware \u00e8 leader a livello mondiale per la gestione, la visualizzazione e il controllo della produzione. \u201cSiamo un\u2019azienda con una forte componente ingegneristica, ma Mostrami ci ha aiutato ad essere meno razionali e a tirare fuori la nostra sopita creativit\u00e0 con un laboratorio chiamato \u201cArts for Managers\u201d. Per un giorno, ci siamo improvvisati artisti, ci siamo divertiti, ci siamo rilassati, siamo tornati un po\u2019 bambini, rivevando cose di noi che i nostri colleghi non conoscevano e qualche volta neppure noi stessi. Grazie mille, \u00e8 stata una bellissima esperienza che speriamo di ripetere ancora\u201d. &#8211; <\/em><strong>Lorena Gandolfini, Senior Marketing manager EMEA software Business &#8211; Wonderware by Schneider Electric<\/strong><\/p>\n<p><em><img decoding=\"async\" class=\"wp-image-45136 aligncenter lazyload\" data-src=\"https:\/\/mostra-mi.it\/wp-content\/uploads\/collage-team-building-2-300x225.jpg\" alt=\"team building artistico presso Mostrami Gallery a Milano\" width=\"431\" height=\"323\" data-srcset=\"https:\/\/www.mostra-mi.it\/wp-content\/uploads\/collage-team-building-2-300x225.jpg 300w, https:\/\/www.mostra-mi.it\/wp-content\/uploads\/collage-team-building-2-1024x768.jpg 1024w, https:\/\/www.mostra-mi.it\/wp-content\/uploads\/collage-team-building-2-768x576.jpg 768w, https:\/\/www.mostra-mi.it\/wp-content\/uploads\/collage-team-building-2-16x12.jpg 16w, https:\/\/www.mostra-mi.it\/wp-content\/uploads\/collage-team-building-2-600x450.jpg 600w, https:\/\/www.mostra-mi.it\/wp-content\/uploads\/collage-team-building-2.jpg 1100w\" data-sizes=\"(max-width: 431px) 100vw, 431px\" src=\"data:image\/svg+xml;base64,PHN2ZyB3aWR0aD0iMSIgaGVpZ2h0PSIxIiB4bWxucz0iaHR0cDovL3d3dy53My5vcmcvMjAwMC9zdmciPjwvc3ZnPg==\" style=\"--smush-placeholder-width: 431px; --smush-placeholder-aspect-ratio: 431\/323;\" \/><\/em><\/p>\n<p>&nbsp;<\/p>\n<p><em>&#8220;Passione e competenza hanno caratterizzato il Team Building che Sandro e la sua squadra hanno ideato e realizzato per WTS R&amp;A Studio Tributario. Un\u2019organizzazione della giornata curata nei dettagli, con spirito collaborativo e entusiasmo, che ci ha permesso di gustare uno spazio dedicato all\u2019ascolto reciproco e di tuffarci in linguaggi artistici a molti di noi estranei. Felici di aver contribuito ai progetti con finalit\u00e0 sociali di Mostrami.&#8221;\u00a0 <\/em><strong>Tullia Chionetti \u2013 Communication &amp; Office Manager at WTS R&amp;A Studio Tributario<\/strong><\/p>\n<h2><\/h2>\n<h2><span style=\"color: #ff9900;\"><img decoding=\"async\" class=\"size-medium wp-image-46141 aligncenter lazyload\" data-src=\"https:\/\/mostra-mi.it\/wp-content\/uploads\/team-building-mostrami-factory-300x175.jpg\" alt=\"team building artistici\" width=\"300\" height=\"175\" data-srcset=\"https:\/\/www.mostra-mi.it\/wp-content\/uploads\/team-building-mostrami-factory-300x175.jpg 300w, https:\/\/www.mostra-mi.it\/wp-content\/uploads\/team-building-mostrami-factory-18x12.jpg 18w, https:\/\/www.mostra-mi.it\/wp-content\/uploads\/team-building-mostrami-factory-600x350.jpg 600w, https:\/\/www.mostra-mi.it\/wp-content\/uploads\/team-building-mostrami-factory.jpg 740w\" data-sizes=\"(max-width: 300px) 100vw, 300px\" src=\"data:image\/svg+xml;base64,PHN2ZyB3aWR0aD0iMSIgaGVpZ2h0PSIxIiB4bWxucz0iaHR0cDovL3d3dy53My5vcmcvMjAwMC9zdmciPjwvc3ZnPg==\" style=\"--smush-placeholder-width: 300px; --smush-placeholder-aspect-ratio: 300\/175;\" \/><\/span><\/h2>\n<h2><span style=\"color: #ff9900;\">Our team building, Arts for Manager in summary:<\/span><\/h2>\n<ul>\n<li>Contenuti formativi: intelligenza emotiva, collaborazione, creativit\u00e0, estroversione, espressione personale, ascolto empatico.<\/li>\n<li>Struttura dell&#8217;evento: seminari integrati a esperienze artistiche, con momenti di convivialit\u00e0 e bonding.<\/li>\n<li>Location &#8220;significativa&#8221;: la nostra factory-gallery-laboratorio o una location a vostra scelta in giro per l&#8217;Italia.<\/li>\n<li>Expert tutors: artists with dedicated technical and educational skills.<\/li>\n<li>Customizable timelines: defined together based on the day's goals.<\/li>\n<\/ul>\n<p>Altre info? Scriveteci all&#8217;indirizzo info@mostra-mi.it per scoprire come Arts for Managers pu\u00f2 trasformare il vostro team in un&#8217;opera d&#8217;arte in movimento! Siamo qui per risolvere ogni dubbio e rendere il vostro team building una giornata speciale.<\/p>\n\n\t\t<\/div>\n\t<\/div>\n<\/div><\/div><\/div><\/div>\n<\/div>","protected":false},"excerpt":{"rendered":"Esperienze di Team Building Artistico con Arts for Managers! L'arte come legame: Goethe affermava che \"\u00c8 necessario unirsi, non per stare uniti, ma per fare qualcosa insieme.\" Condividere, scambiare idee, dubbi, talenti e fallimenti ci rende pi\u00f9 consapevoli e apre...","protected":false},"author":1126,"featured_media":44954,"parent":0,"menu_order":0,"comment_status":"closed","ping_status":"closed","template":"","meta":{"footnotes":""},"class_list":["post-45133","page","type-page","status-publish","has-post-thumbnail","hentry"],"yoast_head":"<!-- This site is optimized with the Yoast SEO plugin v27.3 - https:\/\/yoast.com\/product\/yoast-seo-wordpress\/ -->\n<title>Team building artistici - Mostrami<\/title>\n<meta name=\"description\" content=\"Team building artistici - fare arte insieme nella vostra location, in un ambiente terzo o nella nostra galleria di Milano\" \/>\n<meta name=\"robots\" content=\"index, follow, max-snippet:-1, max-image-preview:large, max-video-preview:-1\" \/>\n<link rel=\"canonical\" href=\"https:\/\/www.mostra-mi.it\/en\/team-building-artistici\" \/>\n<meta property=\"og:locale\" content=\"en_GB\" \/>\n<meta property=\"og:type\" content=\"article\" \/>\n<meta property=\"og:title\" content=\"Team building artistici - Mostrami\" \/>\n<meta property=\"og:description\" content=\"Team building artistici - fare arte insieme nella vostra location, in un ambiente terzo o nella nostra galleria di Milano\" \/>\n<meta property=\"og:url\" content=\"https:\/\/www.mostra-mi.it\/en\/team-building-artistici\" \/>\n<meta property=\"og:site_name\" content=\"Mostrami\" \/>\n<meta property=\"article:modified_time\" content=\"2024-11-19T18:57:49+00:00\" \/>\n<meta property=\"og:image\" content=\"https:\/\/www.mostra-mi.it\/wp-content\/uploads\/TEAM-BUILDING-STREET-ART.jpg\" \/>\n\t<meta property=\"og:image:width\" content=\"1080\" \/>\n\t<meta property=\"og:image:height\" content=\"1080\" \/>\n\t<meta property=\"og:image:type\" content=\"image\/jpeg\" \/>\n<meta name=\"twitter:card\" content=\"summary_large_image\" \/>\n<meta name=\"twitter:label1\" content=\"Estimated reading time\" \/>\n\t<meta name=\"twitter:data1\" content=\"5 minutes\" \/>\n<script type=\"application\/ld+json\" class=\"yoast-schema-graph\">{\"@context\":\"https:\\\/\\\/schema.org\",\"@graph\":[{\"@type\":\"WebPage\",\"@id\":\"https:\\\/\\\/www.mostra-mi.it\\\/en\\\/team-building-artistici\",\"url\":\"https:\\\/\\\/www.mostra-mi.it\\\/en\\\/team-building-artistici\",\"name\":\"Team building artistici - Mostrami\",\"isPartOf\":{\"@id\":\"https:\\\/\\\/www.mostra-mi.it\\\/#website\"},\"primaryImageOfPage\":{\"@id\":\"https:\\\/\\\/www.mostra-mi.it\\\/en\\\/team-building-artistici#primaryimage\"},\"image\":{\"@id\":\"https:\\\/\\\/www.mostra-mi.it\\\/en\\\/team-building-artistici#primaryimage\"},\"thumbnailUrl\":\"https:\\\/\\\/www.mostra-mi.it\\\/wp-content\\\/uploads\\\/TEAM-BUILDING-STREET-ART.jpg\",\"datePublished\":\"2023-12-21T11:19:49+00:00\",\"dateModified\":\"2024-11-19T18:57:49+00:00\",\"description\":\"Team building artistici - fare arte insieme nella vostra location, in un ambiente terzo o nella nostra galleria di Milano\",\"breadcrumb\":{\"@id\":\"https:\\\/\\\/www.mostra-mi.it\\\/en\\\/team-building-artistici#breadcrumb\"},\"inLanguage\":\"en-GB\",\"potentialAction\":[{\"@type\":\"ReadAction\",\"target\":[\"https:\\\/\\\/www.mostra-mi.it\\\/en\\\/team-building-artistici\"]}]},{\"@type\":\"ImageObject\",\"inLanguage\":\"en-GB\",\"@id\":\"https:\\\/\\\/www.mostra-mi.it\\\/en\\\/team-building-artistici#primaryimage\",\"url\":\"https:\\\/\\\/www.mostra-mi.it\\\/wp-content\\\/uploads\\\/TEAM-BUILDING-STREET-ART.jpg\",\"contentUrl\":\"https:\\\/\\\/www.mostra-mi.it\\\/wp-content\\\/uploads\\\/TEAM-BUILDING-STREET-ART.jpg\",\"width\":1080,\"height\":1080,\"caption\":\"TEAM BUILDING STREET ART\"},{\"@type\":\"BreadcrumbList\",\"@id\":\"https:\\\/\\\/www.mostra-mi.it\\\/en\\\/team-building-artistici#breadcrumb\",\"itemListElement\":[{\"@type\":\"ListItem\",\"position\":1,\"name\":\"Home\",\"item\":\"https:\\\/\\\/www.mostra-mi.it\\\/\"},{\"@type\":\"ListItem\",\"position\":2,\"name\":\"Team building artistici\"}]},{\"@type\":\"WebSite\",\"@id\":\"https:\\\/\\\/www.mostra-mi.it\\\/#website\",\"url\":\"https:\\\/\\\/www.mostra-mi.it\\\/\",\"name\":\"Mostrami\",\"description\":\"Mostrami, galleria che si propone come vetrina per giovani artisti\",\"publisher\":{\"@id\":\"https:\\\/\\\/www.mostra-mi.it\\\/#organization\"},\"potentialAction\":[{\"@type\":\"SearchAction\",\"target\":{\"@type\":\"EntryPoint\",\"urlTemplate\":\"https:\\\/\\\/www.mostra-mi.it\\\/?s={search_term_string}\"},\"query-input\":{\"@type\":\"PropertyValueSpecification\",\"valueRequired\":true,\"valueName\":\"search_term_string\"}}],\"inLanguage\":\"en-GB\"},{\"@type\":\"Organization\",\"@id\":\"https:\\\/\\\/www.mostra-mi.it\\\/#organization\",\"name\":\"Mostrami\",\"url\":\"https:\\\/\\\/www.mostra-mi.it\\\/\",\"logo\":{\"@type\":\"ImageObject\",\"inLanguage\":\"en-GB\",\"@id\":\"https:\\\/\\\/www.mostra-mi.it\\\/#\\\/schema\\\/logo\\\/image\\\/\",\"url\":\"\",\"contentUrl\":\"\",\"caption\":\"Mostrami\"},\"image\":{\"@id\":\"https:\\\/\\\/www.mostra-mi.it\\\/#\\\/schema\\\/logo\\\/image\\\/\"}}]}<\/script>\n<!-- \/ Yoast SEO plugin. -->","yoast_head_json":{"title":"Team building artistici - Mostrami","description":"Team building artistici - fare arte insieme nella vostra location, in un ambiente terzo o nella nostra galleria di Milano","robots":{"index":"index","follow":"follow","max-snippet":"max-snippet:-1","max-image-preview":"max-image-preview:large","max-video-preview":"max-video-preview:-1"},"canonical":"https:\/\/www.mostra-mi.it\/en\/team-building-artistici","og_locale":"en_GB","og_type":"article","og_title":"Team building artistici - Mostrami","og_description":"Team building artistici - fare arte insieme nella vostra location, in un ambiente terzo o nella nostra galleria di Milano","og_url":"https:\/\/www.mostra-mi.it\/en\/team-building-artistici","og_site_name":"Mostrami","article_modified_time":"2024-11-19T18:57:49+00:00","og_image":[{"width":1080,"height":1080,"url":"https:\/\/www.mostra-mi.it\/wp-content\/uploads\/TEAM-BUILDING-STREET-ART.jpg","type":"image\/jpeg"}],"twitter_card":"summary_large_image","twitter_misc":{"Estimated reading time":"5 minutes"},"schema":{"@context":"https:\/\/schema.org","@graph":[{"@type":"WebPage","@id":"https:\/\/www.mostra-mi.it\/en\/team-building-artistici","url":"https:\/\/www.mostra-mi.it\/en\/team-building-artistici","name":"Team building artistici - Mostrami","isPartOf":{"@id":"https:\/\/www.mostra-mi.it\/#website"},"primaryImageOfPage":{"@id":"https:\/\/www.mostra-mi.it\/en\/team-building-artistici#primaryimage"},"image":{"@id":"https:\/\/www.mostra-mi.it\/en\/team-building-artistici#primaryimage"},"thumbnailUrl":"https:\/\/www.mostra-mi.it\/wp-content\/uploads\/TEAM-BUILDING-STREET-ART.jpg","datePublished":"2023-12-21T11:19:49+00:00","dateModified":"2024-11-19T18:57:49+00:00","description":"Team building artistici - fare arte insieme nella vostra location, in un ambiente terzo o nella nostra galleria di Milano","breadcrumb":{"@id":"https:\/\/www.mostra-mi.it\/en\/team-building-artistici#breadcrumb"},"inLanguage":"en-GB","potentialAction":[{"@type":"ReadAction","target":["https:\/\/www.mostra-mi.it\/en\/team-building-artistici"]}]},{"@type":"ImageObject","inLanguage":"en-GB","@id":"https:\/\/www.mostra-mi.it\/en\/team-building-artistici#primaryimage","url":"https:\/\/www.mostra-mi.it\/wp-content\/uploads\/TEAM-BUILDING-STREET-ART.jpg","contentUrl":"https:\/\/www.mostra-mi.it\/wp-content\/uploads\/TEAM-BUILDING-STREET-ART.jpg","width":1080,"height":1080,"caption":"TEAM BUILDING STREET ART"},{"@type":"BreadcrumbList","@id":"https:\/\/www.mostra-mi.it\/en\/team-building-artistici#breadcrumb","itemListElement":[{"@type":"ListItem","position":1,"name":"Home","item":"https:\/\/www.mostra-mi.it\/"},{"@type":"ListItem","position":2,"name":"Team building artistici"}]},{"@type":"WebSite","@id":"https:\/\/www.mostra-mi.it\/#website","url":"https:\/\/www.mostra-mi.it\/","name":"Mostrami","description":"Mostrami, galleria che si propone come vetrina per giovani artisti","publisher":{"@id":"https:\/\/www.mostra-mi.it\/#organization"},"potentialAction":[{"@type":"SearchAction","target":{"@type":"EntryPoint","urlTemplate":"https:\/\/www.mostra-mi.it\/?s={search_term_string}"},"query-input":{"@type":"PropertyValueSpecification","valueRequired":true,"valueName":"search_term_string"}}],"inLanguage":"en-GB"},{"@type":"Organization","@id":"https:\/\/www.mostra-mi.it\/#organization","name":"Mostrami","url":"https:\/\/www.mostra-mi.it\/","logo":{"@type":"ImageObject","inLanguage":"en-GB","@id":"https:\/\/www.mostra-mi.it\/#\/schema\/logo\/image\/","url":"","contentUrl":"","caption":"Mostrami"},"image":{"@id":"https:\/\/www.mostra-mi.it\/#\/schema\/logo\/image\/"}}]}},"_links":{"self":[{"href":"https:\/\/www.mostra-mi.it\/en\/wp-json\/wp\/v2\/pages\/45133","targetHints":{"allow":["GET"]}}],"collection":[{"href":"https:\/\/www.mostra-mi.it\/en\/wp-json\/wp\/v2\/pages"}],"about":[{"href":"https:\/\/www.mostra-mi.it\/en\/wp-json\/wp\/v2\/types\/page"}],"author":[{"embeddable":true,"href":"https:\/\/www.mostra-mi.it\/en\/wp-json\/wp\/v2\/users\/1126"}],"replies":[{"embeddable":true,"href":"https:\/\/www.mostra-mi.it\/en\/wp-json\/wp\/v2\/comments?post=45133"}],"version-history":[{"count":5,"href":"https:\/\/www.mostra-mi.it\/en\/wp-json\/wp\/v2\/pages\/45133\/revisions"}],"predecessor-version":[{"id":46277,"href":"https:\/\/www.mostra-mi.it\/en\/wp-json\/wp\/v2\/pages\/45133\/revisions\/46277"}],"wp:featuredmedia":[{"embeddable":true,"href":"https:\/\/www.mostra-mi.it\/en\/wp-json\/wp\/v2\/media\/44954"}],"wp:attachment":[{"href":"https:\/\/www.mostra-mi.it\/en\/wp-json\/wp\/v2\/media?parent=45133"}],"curies":[{"name":"wp","href":"https:\/\/api.w.org\/{rel}","templated":true}]}}